{"id":838,"date":"2022-11-27T08:10:37","date_gmt":"2022-11-27T08:10:37","guid":{"rendered":"https:\/\/productions2.parkwaylabs.com\/falk\/?page_id=838"},"modified":"2023-03-02T13:58:17","modified_gmt":"2023-03-02T13:58:17","slug":"om-falk-and-partners-var-kunskap","status":"publish","type":"page","link":"https:\/\/productions2.parkwaylabs.com\/falk\/om-falk-and-partners-var-kunskap\/","title":{"rendered":"Om Falk &#038; Partners &#8211; V\u00e5r kunskap"},"content":{"rendered":"<p>[vc_row full_width=&#8221;stretch_row_content_no_spaces&#8221; full_height=&#8221;yes&#8221; content_placement=&#8221;middle&#8221; el_class=&#8221;home_main_bl1&#8243; css=&#8221;.vc_custom_1677412918112{background-image: url(https:\/\/productions2.parkwaylabs.com\/falk\/wp-content\/uploads\/2023\/02\/grandbyra120511-3980_RET-2.jpg?id=1109) !important;background-position: center !important;background-repeat: no-repeat !important;background-size: cover !important;}&#8221;][vc_column][vc_row_inner][vc_column_inner][\/vc_column_inner][\/vc_row_inner][\/vc_column][\/vc_row][vc_row full_width=&#8221;stretch_row_content&#8221; el_class=&#8221;black_mid_bl_style1&#8243; css=&#8221;.vc_custom_1677412935892{background-color: #eae7e2 !important;}&#8221;][vc_column][vc_row_inner][vc_column_inner el_class=&#8221;black_mid_bl_style1_col_1&#8243; width=&#8221;3\/12&#8243;][vc_column_text]Om Falk &amp; Partners[\/vc_column_text][\/vc_column_inner][vc_column_inner el_class=&#8221;black_mid_bl_style1_col_2&#8243; width=&#8221;7\/12&#8243;][vc_column_text]Vi \u00e4r ett utpr\u00e4glat kunskapsf\u00f6retag som erbjuder kvalificerad finansiell r\u00e5dgivning, i en diskret milj\u00f6 med n\u00e4ra och l\u00e5ngsiktiga kundrelationer. Falk &amp; Partners erfarna medarbetare och omfattande n\u00e4tverk ger access till en helt\u00e4ckande plattform. V\u00e5r fr\u00e4msta uppgift \u00e4r att, oavsett marknadsklimat, aktivt verka f\u00f6r god avkastning \u2013 f\u00f6r f\u00f6retagsinvesterare, s\u00e5v\u00e4l som f\u00f6r privata och institutionella investerare.[\/vc_column_text][\/vc_column_inner][vc_column_inner width=&#8221;2\/12&#8243;][\/vc_column_inner][\/vc_row_inner][\/vc_column][\/vc_row][vc_row full_width=&#8221;stretch_row_content&#8221; equal_height=&#8221;yes&#8221; el_class=&#8221;three_col_cont_link_bl three_col_cont_link_bl_sty_2 common_pad_85_top common_pad_85_bottom kunskap_pge_bl2&#8243;][vc_column width=&#8221;3\/4&#8243;][vc_row_inner equal_height=&#8221;yes&#8221;][vc_column_inner el_class=&#8221;three_col_cont_link_bl_col_1 var_kunskap&#8221; width=&#8221;2\/6&#8243;][vc_column_text el_class=&#8221;three_col_cont_link_bl_col_1_ttl&#8221;]V\u00e5r kunskap[\/vc_column_text][\/vc_column_inner][vc_column_inner el_class=&#8221;three_col_cont_link_bl_col_2_bl var_kunskapText&#8221; width=&#8221;4\/6&#8243;][vc_column_text el_class=&#8221;three_col_cont_link_bl_col_2_bl_cont&#8221;]Falk &amp; Partners k\u00e4rnkompetens \u00e4r kort och gott kapitalf\u00f6rvaltning och pension. H\u00e4r har vi det mest gedigna kunnandet och h\u00e4r g\u00f6r vi st\u00f6rst skillnad. V\u00e5r genuina kundomsorg i samklang med v\u00e5r kunskapst\u00f6rst och v\u00e5rt brinnande intresse f\u00f6r dessa omr\u00e5den har gjort oss unika, och det \u00e4r ett framg\u00e5ngsrecept som alltid kommer att vara v\u00e4gledande f\u00f6r oss i v\u00e5r r\u00e5dgivningsg\u00e4rning. Med en of\u00f6rtruten inre vilja, utmanar vi oss sj\u00e4lva mot att \u00f6ka v\u00e5r kvalitet och v\u00e5r kompetens inom dessa omr\u00e5den. I den str\u00e4van \u00e4r och f\u00f6rblir r\u00e4tt sorts kunskap, i samspel med v\u00e5r f\u00f6rm\u00e5ga att v\u00e4rdera och oms\u00e4tta den, en f\u00f6ruts\u00e4ttning f\u00f6r all form av utveckling.[\/vc_column_text][\/vc_column_inner][\/vc_row_inner][vc_row_inner equal_height=&#8221;yes&#8221; el_class=&#8221;cus_mobile_view&#8221;][vc_column_inner el_class=&#8221;three_col_cont_link_bl_col_3&#8243;][vc_column_text el_class=&#8221;three_col_cont_link_bl_col_3_link_txt&#8221;]<a href=\"https:\/\/productions2.parkwaylabs.com\/falk\/om-falk-and-partners-var-filosofi\/\">V\u00e5r filosofi<\/a><br \/>\n<a class=\"highlight_link\" href=\"https:\/\/productions2.parkwaylabs.com\/falk\/om-falk-and-partners-var-kunskap\/\">V\u00e5r kunskap<\/a><br \/>\n<a href=\"https:\/\/productions2.parkwaylabs.com\/falk\/om-falk-and-partners-samhallsengangemang\/\">Samh\u00e5llsengagemang<\/a><br \/>\n<a href=\"https:\/\/productions2.parkwaylabs.com\/falk\/kontakta-oss\/\">Kontakta oss<\/a>[\/vc_column_text][\/vc_column_inner][\/vc_row_inner][vc_row_inner equal_height=&#8221;yes&#8221; content_placement=&#8221;top&#8221; el_class=&#8221;t_col_cont_bl_sty_2_img_bl common_pad_85_top&#8221;][vc_column_inner el_class=&#8221;common_left_img_quote_bl_left_col&#8221;][vc_single_image image=&#8221;1126&#8243; img_size=&#8221;large&#8221; alignment=&#8221;center&#8221; el_class=&#8221;mobile_no_m_bottom&#8221;][\/vc_column_inner][\/vc_row_inner][vc_row_inner el_class=&#8221;quote_text_bl&#8221;][vc_column_inner el_class=&#8221;common_left_img_quote_bl_2_left_col&#8221;][vc_column_text]\u201cVi \u00e4r l\u00e5ngt fr\u00e5n full\u00e4rda och vi kommer aldrig bli det &#8211; Insikten om okunnighet \u00e4r ett bra steg mot ny och vidgad kunskap. . .\u201d[\/vc_column_text][\/vc_column_inner][\/vc_row_inner][vc_row_inner el_class=&#8221;common_pad_85_top&#8221;][vc_column_inner el_class=&#8221;three_col_cont_link_bl_col_1&#8243; width=&#8221;2\/6&#8243;][\/vc_column_inner][vc_column_inner el_class=&#8221;three_col_cont_link_bl_col_2_bl var_kunskapText&#8221; width=&#8221;4\/6&#8243;][vc_column_text el_class=&#8221;three_col_cont_link_bl_col_2_bl_ttl&#8221;]<strong>R\u00e4tt kunskap om marknaden<\/strong>[\/vc_column_text][vc_column_text el_class=&#8221;three_col_cont_link_bl_col_2_bl_cont&#8221;]Att ha r\u00e4tt marknadskunskap \u00e4r en f\u00f6ruts\u00e4ttning, att ha den f\u00f6rst \u00e4r v\u00e5rt m\u00e5l. I grund och botten handlar allt om att, p\u00e5 kontinuerlig basis, inh\u00e4mta saklig och potent information kring enskilda makrof\u00f6r\u00e4ndringar, politiska beslut, nationella och internationella lagar och regler samt naturligtvis ha en djup insikt och f\u00f6rst\u00e5else kring psykologiska marknadsr\u00f6relser och -trender lokalt och globalt. V\u00e4l d\u00e4r, v\u00e4rderar vi v\u00e5r kunskap, v\u00e4ger noggrant m\u00f6jligheterna mot riskerna, f\u00f6r att slutligen ta r\u00e4tt strategiskt beslut.[\/vc_column_text][vc_column_text el_class=&#8221;three_col_cont_link_bl_col_2_bl_ttl var_kunskapText&#8221;]<strong>R\u00e4tt kunskap om v\u00e5ra kunder<\/strong>[\/vc_column_text][vc_column_text el_class=&#8221;three_col_cont_link_bl_col_2_bl_cont&#8221;]N\u00e4r hon talar d\u00e5 lyssnar vi, n\u00e4r hon gestikulerar d\u00e5 ser vi, n\u00e4r hon g\u00e5r d\u00e5 f\u00f6ljer vi. Vi f\u00f6rh\u00e5ller oss alltid observanta och lyh\u00f6rda f\u00f6r v\u00e5r kund och hennes behov. Detta \u00e4r absolut n\u00f6dv\u00e4ndigt f\u00f6r att hon skall k\u00e4nna sig tillfredst\u00e4lld och trygg som kund hos oss. Dock ligger det inte i kundens b\u00e4sta att f\u00e5 styra oss. Som r\u00e5dgivare och f\u00f6rvaltare f\u00f6r vi alltid kunden till r\u00e4tt beslut, \u00e4ven om hennes vilja \u00e4r en annan f\u00f6r stunden.[\/vc_column_text][vc_column_text el_class=&#8221;three_col_cont_link_bl_col_2_bl_ttl&#8221;]<strong>R\u00e4tt kunskap om oss sj\u00e4lva<\/strong>[\/vc_column_text][vc_column_text el_class=&#8221;three_col_cont_link_bl_col_2_bl_cont&#8221;]Avsaknad av sj\u00e4lvk\u00e4nnedom och kunskap i kombination av girighet, f\u00f6der r\u00e4dsla och leder till ett irrationellt beteende, vilket i v\u00e5r verksamhet f\u00f6rr eller senare kan leda till f\u00f6r\u00f6dande felbeslut f\u00f6r v\u00e5ra kunder. Dessa mycket m\u00e4nskliga brister blundar vi inte f\u00f6r. Ist\u00e4llet motverkar vi dem genom att vara \u00e4rliga och objektiva gentemot oss sj\u00e4lva och varandra. V\u00e5rt f\u00f6rnuft och v\u00e5r rationalitet \u00e4r v\u00e5ra kompass \u2013 Vet man inte, d\u00e5 tar man reda p\u00e5 det. Kan man inte, d\u00e5 st\u00e4ller man en fr\u00e5ga.[\/vc_column_text][\/vc_column_inner][\/vc_row_inner][\/vc_column][vc_column width=&#8221;1\/4&#8243; el_class=&#8221;cus_desktop_view&#8221;][vc_column_text el_class=&#8221;three_col_cont_link_bl_col_3_link_txt sb_tf&#8221;]<a href=\"https:\/\/productions2.parkwaylabs.com\/falk\/om-falk-and-partners-var-filosofi\/\">V\u00e5r filosofi<\/a><br \/>\n<a class=\"highlight_link\" href=\"https:\/\/productions2.parkwaylabs.com\/falk\/om-falk-and-partners-var-kunskap\/\">V\u00e5r kunskap<\/a><br \/>\n<a href=\"https:\/\/productions2.parkwaylabs.com\/falk\/om-falk-and-partners-samhallsengangemang\/\">Samh\u00e4llsengagemang<\/a><br \/>\n<a href=\"https:\/\/productions2.parkwaylabs.com\/falk\/kontakta-oss\/\">Kontakta oss<\/a>[\/vc_column_text][\/vc_column][\/vc_row]<\/p>\n","protected":false},"excerpt":{"rendered":"<p>[vc_row full_width=&#8221;stretch_row_content_no_spaces&#8221; full_height=&#8221;yes&#8221; content_placement=&#8221;middle&#8221; el_class=&#8221;home_main_bl1&#8243; css=&#8221;.vc_custom_1677412918112{background-image: url(https:\/\/productions2.parkwaylabs.com\/falk\/wp-content\/uploads\/2023\/02\/grandbyra120511-3980_RET-2.jpg?id=1109) !important;background-position: center !important;background-repeat: no-repeat !important;background-size: cover !important;}&#8221;][vc_column][vc_row_inner][vc_column_inner][\/vc_column_inner][\/vc_row_inner][\/vc_column][\/vc_row][vc_row full_width=&#8221;stretch_row_content&#8221; el_class=&#8221;black_mid_bl_style1&#8243; css=&#8221;.vc_custom_1677412935892{background-color: #eae7e2 !important;}&#8221;][vc_column][vc_row_inner][vc_column_inner el_class=&#8221;black_mid_bl_style1_col_1&#8243; width=&#8221;3\/12&#8243;][vc_column_text]Om Falk &amp; Partners[\/vc_column_text][\/vc_column_inner][vc_column_inner el_class=&#8221;black_mid_bl_style1_col_2&#8243; width=&#8221;7\/12&#8243;][vc_column_text]Vi \u00e4r ett utpr\u00e4glat kunskapsf\u00f6retag som erbjuder kvalificerad finansiell r\u00e5dgivning, i en diskret milj\u00f6 med n\u00e4ra och l\u00e5ngsiktiga kundrelationer. Falk &amp; Partners erfarna medarbetare och omfattande n\u00e4tverk ger access till &hellip; <a href=\"https:\/\/productions2.parkwaylabs.com\/falk\/om-falk-and-partners-var-kunskap\/\" class=\"more-link\">Continue reading <span class=\"screen-reader-text\">Om Falk &#038; Partners &#8211; V\u00e5r kunskap<\/span><\/a><\/p>\n","protected":false},"author":1,"featured_media":0,"parent":0,"menu_order":0,"comment_status":"closed","ping_status":"closed","template":"","meta":{"inline_featured_image":false,"footnotes":""},"class_list":["post-838","page","type-page","status-publish","hentry"],"acf":[],"yoast_head":"<!-- This site is optimized with the Yoast SEO plugin v20.9 - https:\/\/yoast.com\/wordpress\/plugins\/seo\/ -->\n<title>Om Falk &amp; Partners - V\u00e5r kunskap - Falk &amp; Partners<\/title>\n<meta name=\"robots\" content=\"index, follow, max-snippet:-1, max-image-preview:large, max-video-preview:-1\" \/>\n<link rel=\"canonical\" href=\"https:\/\/productions2.parkwaylabs.com\/falk\/om-falk-and-partners-var-kunskap\/\" \/>\n<meta property=\"og:locale\" content=\"en_US\" \/>\n<meta property=\"og:type\" content=\"article\" \/>\n<meta property=\"og:title\" content=\"Om Falk &amp; Partners - V\u00e5r kunskap - Falk &amp; Partners\" \/>\n<meta property=\"og:description\" content=\"[vc_row full_width=&#8221;stretch_row_content_no_spaces&#8221; full_height=&#8221;yes&#8221; content_placement=&#8221;middle&#8221; el_class=&#8221;home_main_bl1&#8243; css=&#8221;.vc_custom_1677412918112{background-image: url(https:\/\/productions2.parkwaylabs.com\/falk\/wp-content\/uploads\/2023\/02\/grandbyra120511-3980_RET-2.jpg?id=1109) !important;background-position: center !important;background-repeat: no-repeat !important;background-size: cover !important;}&#8221;][vc_column][vc_row_inner][vc_column_inner][\/vc_column_inner][\/vc_row_inner][\/vc_column][\/vc_row][vc_row full_width=&#8221;stretch_row_content&#8221; el_class=&#8221;black_mid_bl_style1&#8243; css=&#8221;.vc_custom_1677412935892{background-color: #eae7e2 !important;}&#8221;][vc_column][vc_row_inner][vc_column_inner el_class=&#8221;black_mid_bl_style1_col_1&#8243; width=&#8221;3\/12&#8243;][vc_column_text]Om Falk &amp; Partners[\/vc_column_text][\/vc_column_inner][vc_column_inner el_class=&#8221;black_mid_bl_style1_col_2&#8243; width=&#8221;7\/12&#8243;][vc_column_text]Vi \u00e4r ett utpr\u00e4glat kunskapsf\u00f6retag som erbjuder kvalificerad finansiell r\u00e5dgivning, i en diskret milj\u00f6 med n\u00e4ra och l\u00e5ngsiktiga kundrelationer. Falk &amp; Partners erfarna medarbetare och omfattande n\u00e4tverk ger access till &hellip; Continue reading Om Falk &#038; Partners &#8211; V\u00e5r kunskap\" \/>\n<meta property=\"og:url\" content=\"https:\/\/productions2.parkwaylabs.com\/falk\/om-falk-and-partners-var-kunskap\/\" \/>\n<meta property=\"og:site_name\" content=\"Falk &amp; Partners\" \/>\n<meta property=\"article:modified_time\" content=\"2023-03-02T13:58:17+00:00\" \/>\n<meta name=\"twitter:card\" content=\"summary_large_image\" \/>\n<meta name=\"twitter:label1\" content=\"Est. reading time\" \/>\n\t<meta name=\"twitter:data1\" content=\"6 minutes\" \/>\n<script type=\"application\/ld+json\" class=\"yoast-schema-graph\">{\"@context\":\"https:\/\/schema.org\",\"@graph\":[{\"@type\":\"WebPage\",\"@id\":\"https:\/\/productions2.parkwaylabs.com\/falk\/om-falk-and-partners-var-kunskap\/\",\"url\":\"https:\/\/productions2.parkwaylabs.com\/falk\/om-falk-and-partners-var-kunskap\/\",\"name\":\"Om Falk & Partners - V\u00e5r kunskap - Falk &amp; Partners\",\"isPartOf\":{\"@id\":\"https:\/\/productions2.parkwaylabs.com\/falk\/#website\"},\"datePublished\":\"2022-11-27T08:10:37+00:00\",\"dateModified\":\"2023-03-02T13:58:17+00:00\",\"breadcrumb\":{\"@id\":\"https:\/\/productions2.parkwaylabs.com\/falk\/om-falk-and-partners-var-kunskap\/#breadcrumb\"},\"inLanguage\":\"en-US\",\"potentialAction\":[{\"@type\":\"ReadAction\",\"target\":[\"https:\/\/productions2.parkwaylabs.com\/falk\/om-falk-and-partners-var-kunskap\/\"]}]},{\"@type\":\"BreadcrumbList\",\"@id\":\"https:\/\/productions2.parkwaylabs.com\/falk\/om-falk-and-partners-var-kunskap\/#breadcrumb\",\"itemListElement\":[{\"@type\":\"ListItem\",\"position\":1,\"name\":\"Home\",\"item\":\"https:\/\/productions2.parkwaylabs.com\/falk\/\"},{\"@type\":\"ListItem\",\"position\":2,\"name\":\"Om Falk &#038; Partners &#8211; V\u00e5r kunskap\"}]},{\"@type\":\"WebSite\",\"@id\":\"https:\/\/productions2.parkwaylabs.com\/falk\/#website\",\"url\":\"https:\/\/productions2.parkwaylabs.com\/falk\/\",\"name\":\"Falk &amp; Partners\",\"description\":\"\",\"publisher\":{\"@id\":\"https:\/\/productions2.parkwaylabs.com\/falk\/#organization\"},\"potentialAction\":[{\"@type\":\"SearchAction\",\"target\":{\"@type\":\"EntryPoint\",\"urlTemplate\":\"https:\/\/productions2.parkwaylabs.com\/falk\/?s={search_term_string}\"},\"query-input\":\"required name=search_term_string\"}],\"inLanguage\":\"en-US\"},{\"@type\":\"Organization\",\"@id\":\"https:\/\/productions2.parkwaylabs.com\/falk\/#organization\",\"name\":\"Falk &amp; Partners\",\"url\":\"https:\/\/productions2.parkwaylabs.com\/falk\/\",\"logo\":{\"@type\":\"ImageObject\",\"inLanguage\":\"en-US\",\"@id\":\"https:\/\/productions2.parkwaylabs.com\/falk\/#\/schema\/logo\/image\/\",\"url\":\"https:\/\/productions2.parkwaylabs.com\/falk\/wp-content\/uploads\/2022\/11\/Logotyp.svg\",\"contentUrl\":\"https:\/\/productions2.parkwaylabs.com\/falk\/wp-content\/uploads\/2022\/11\/Logotyp.svg\",\"width\":162,\"height\":108,\"caption\":\"Falk &amp; Partners\"},\"image\":{\"@id\":\"https:\/\/productions2.parkwaylabs.com\/falk\/#\/schema\/logo\/image\/\"}}]}<\/script>\n<!-- \/ Yoast SEO plugin. -->","yoast_head_json":{"title":"Om Falk & Partners - V\u00e5r kunskap - Falk &amp; Partners","robots":{"index":"index","follow":"follow","max-snippet":"max-snippet:-1","max-image-preview":"max-image-preview:large","max-video-preview":"max-video-preview:-1"},"canonical":"https:\/\/productions2.parkwaylabs.com\/falk\/om-falk-and-partners-var-kunskap\/","og_locale":"en_US","og_type":"article","og_title":"Om Falk & Partners - V\u00e5r kunskap - Falk &amp; Partners","og_description":"[vc_row full_width=&#8221;stretch_row_content_no_spaces&#8221; full_height=&#8221;yes&#8221; content_placement=&#8221;middle&#8221; el_class=&#8221;home_main_bl1&#8243; css=&#8221;.vc_custom_1677412918112{background-image: url(https:\/\/productions2.parkwaylabs.com\/falk\/wp-content\/uploads\/2023\/02\/grandbyra120511-3980_RET-2.jpg?id=1109) !important;background-position: center !important;background-repeat: no-repeat !important;background-size: cover !important;}&#8221;][vc_column][vc_row_inner][vc_column_inner][\/vc_column_inner][\/vc_row_inner][\/vc_column][\/vc_row][vc_row full_width=&#8221;stretch_row_content&#8221; el_class=&#8221;black_mid_bl_style1&#8243; css=&#8221;.vc_custom_1677412935892{background-color: #eae7e2 !important;}&#8221;][vc_column][vc_row_inner][vc_column_inner el_class=&#8221;black_mid_bl_style1_col_1&#8243; width=&#8221;3\/12&#8243;][vc_column_text]Om Falk &amp; Partners[\/vc_column_text][\/vc_column_inner][vc_column_inner el_class=&#8221;black_mid_bl_style1_col_2&#8243; width=&#8221;7\/12&#8243;][vc_column_text]Vi \u00e4r ett utpr\u00e4glat kunskapsf\u00f6retag som erbjuder kvalificerad finansiell r\u00e5dgivning, i en diskret milj\u00f6 med n\u00e4ra och l\u00e5ngsiktiga kundrelationer. Falk &amp; Partners erfarna medarbetare och omfattande n\u00e4tverk ger access till &hellip; Continue reading Om Falk &#038; Partners &#8211; V\u00e5r kunskap","og_url":"https:\/\/productions2.parkwaylabs.com\/falk\/om-falk-and-partners-var-kunskap\/","og_site_name":"Falk &amp; Partners","article_modified_time":"2023-03-02T13:58:17+00:00","twitter_card":"summary_large_image","twitter_misc":{"Est. reading time":"6 minutes"},"schema":{"@context":"https:\/\/schema.org","@graph":[{"@type":"WebPage","@id":"https:\/\/productions2.parkwaylabs.com\/falk\/om-falk-and-partners-var-kunskap\/","url":"https:\/\/productions2.parkwaylabs.com\/falk\/om-falk-and-partners-var-kunskap\/","name":"Om Falk & Partners - V\u00e5r kunskap - Falk &amp; Partners","isPartOf":{"@id":"https:\/\/productions2.parkwaylabs.com\/falk\/#website"},"datePublished":"2022-11-27T08:10:37+00:00","dateModified":"2023-03-02T13:58:17+00:00","breadcrumb":{"@id":"https:\/\/productions2.parkwaylabs.com\/falk\/om-falk-and-partners-var-kunskap\/#breadcrumb"},"inLanguage":"en-US","potentialAction":[{"@type":"ReadAction","target":["https:\/\/productions2.parkwaylabs.com\/falk\/om-falk-and-partners-var-kunskap\/"]}]},{"@type":"BreadcrumbList","@id":"https:\/\/productions2.parkwaylabs.com\/falk\/om-falk-and-partners-var-kunskap\/#breadcrumb","itemListElement":[{"@type":"ListItem","position":1,"name":"Home","item":"https:\/\/productions2.parkwaylabs.com\/falk\/"},{"@type":"ListItem","position":2,"name":"Om Falk &#038; Partners &#8211; V\u00e5r kunskap"}]},{"@type":"WebSite","@id":"https:\/\/productions2.parkwaylabs.com\/falk\/#website","url":"https:\/\/productions2.parkwaylabs.com\/falk\/","name":"Falk &amp; Partners","description":"","publisher":{"@id":"https:\/\/productions2.parkwaylabs.com\/falk\/#organization"},"potentialAction":[{"@type":"SearchAction","target":{"@type":"EntryPoint","urlTemplate":"https:\/\/productions2.parkwaylabs.com\/falk\/?s={search_term_string}"},"query-input":"required name=search_term_string"}],"inLanguage":"en-US"},{"@type":"Organization","@id":"https:\/\/productions2.parkwaylabs.com\/falk\/#organization","name":"Falk &amp; Partners","url":"https:\/\/productions2.parkwaylabs.com\/falk\/","logo":{"@type":"ImageObject","inLanguage":"en-US","@id":"https:\/\/productions2.parkwaylabs.com\/falk\/#\/schema\/logo\/image\/","url":"https:\/\/productions2.parkwaylabs.com\/falk\/wp-content\/uploads\/2022\/11\/Logotyp.svg","contentUrl":"https:\/\/productions2.parkwaylabs.com\/falk\/wp-content\/uploads\/2022\/11\/Logotyp.svg","width":162,"height":108,"caption":"Falk &amp; Partners"},"image":{"@id":"https:\/\/productions2.parkwaylabs.com\/falk\/#\/schema\/logo\/image\/"}}]}},"_links":{"self":[{"href":"https:\/\/productions2.parkwaylabs.com\/falk\/wp-json\/wp\/v2\/pages\/838","targetHints":{"allow":["GET"]}}],"collection":[{"href":"https:\/\/productions2.parkwaylabs.com\/falk\/wp-json\/wp\/v2\/pages"}],"about":[{"href":"https:\/\/productions2.parkwaylabs.com\/falk\/wp-json\/wp\/v2\/types\/page"}],"author":[{"embeddable":true,"href":"https:\/\/productions2.parkwaylabs.com\/falk\/wp-json\/wp\/v2\/users\/1"}],"replies":[{"embeddable":true,"href":"https:\/\/productions2.parkwaylabs.com\/falk\/wp-json\/wp\/v2\/comments?post=838"}],"version-history":[{"count":33,"href":"https:\/\/productions2.parkwaylabs.com\/falk\/wp-json\/wp\/v2\/pages\/838\/revisions"}],"predecessor-version":[{"id":1300,"href":"https:\/\/productions2.parkwaylabs.com\/falk\/wp-json\/wp\/v2\/pages\/838\/revisions\/1300"}],"wp:attachment":[{"href":"https:\/\/productions2.parkwaylabs.com\/falk\/wp-json\/wp\/v2\/media?parent=838"}],"curies":[{"name":"wp","href":"https:\/\/api.w.org\/{rel}","templated":true}]}}