{"id":7,"date":"2022-11-11T04:59:12","date_gmt":"2022-11-11T04:59:12","guid":{"rendered":"https:\/\/productions2.parkwaylabs.com\/falk\/?page_id=7"},"modified":"2023-06-20T12:32:26","modified_gmt":"2023-06-20T12:32:26","slug":"test-page","status":"publish","type":"page","link":"https:\/\/productions2.parkwaylabs.com\/falk\/","title":{"rendered":"home"},"content":{"rendered":"<p>[vc_row full_width=&#8221;stretch_row&#8221; el_class=&#8221;home_main_bl1 home_page_v_block&#8221;][vc_column]\n\t\t\t<!-- START Slider 1 REVOLUTION SLIDER 6.6.13 --><p class=\"rs-p-wp-fix\"><\/p>\n\t\t\t<rs-module-wrap id=\"rev_slider_1_1_wrapper\" data-source=\"gallery\" style=\"visibility:hidden;background:transparent;padding:0;\">\n\t\t\t\t<rs-module id=\"rev_slider_1_1\" style=\"\" data-version=\"6.6.13\">\n\t\t\t\t\t<rs-slides style=\"overflow: hidden; position: absolute;\">\n\t\t\t\t\t\t<rs-slide style=\"position: absolute;\" data-key=\"rs-1\" data-title=\"Slide\" data-in=\"o:0;\" data-out=\"a:false;\">\n\t\t\t\t\t\t\t<img decoding=\"async\" src=\"\/\/productions2.parkwaylabs.com\/falk\/wp-content\/plugins\/revslider\/public\/assets\/assets\/dummy.png\" alt=\"\" title=\"home\" class=\"rev-slidebg tp-rs-img rs-lazyload\" data-lazyload=\"\/\/productions2.parkwaylabs.com\/falk\/wp-content\/plugins\/revslider\/public\/assets\/assets\/transparent.png\" data-no-retina>\n\t\t\t\t\t\t\t<rs-bgvideo \n\t\t\t\t\t\t\t\tdata-video=\"w:100%;h:100%;nse:false;rwd:false;l:true;ptimer:false;vfc:true;\"\n\t\t\t\t\t\t\t\tdata-mp4=\"\/\/productions2.parkwaylabs.com\/falk\/wp-content\/uploads\/2023\/04\/FP_Hero_v2_1.mp4\"\n\t\t\t\t\t\t\t><\/rs-bgvideo>\n<!---->\t\t\t\t\t\t<\/rs-slide>\n\t\t\t\t\t<\/rs-slides>\n\t\t\t\t<\/rs-module>\n\t\t\t\t<script>\n\t\t\t\t\tsetREVStartSize({c: 'rev_slider_1_1',rl:[1240,1240,1240,480],el:[1100,1100,1100,720],gw:[1240,1240,1240,480],gh:[1100,1100,1100,420],type:'standard',justify:'',layout:'fullscreen',offsetContainer:'',offset:'',mh:\"0\"});if (window.RS_MODULES!==undefined && window.RS_MODULES.modules!==undefined && window.RS_MODULES.modules[\"revslider11\"]!==undefined) {window.RS_MODULES.modules[\"revslider11\"].once = false;window.revapi1 = undefined;if (window.RS_MODULES.checkMinimal!==undefined) window.RS_MODULES.checkMinimal()}\n\t\t\t\t<\/script>\n\t\t\t<\/rs-module-wrap>\n\t\t\t<!-- END REVOLUTION SLIDER -->\n[\/vc_column][\/vc_row][vc_row full_width=&#8221;stretch_row_content_no_spaces&#8221; equal_height=&#8221;yes&#8221; content_placement=&#8221;middle&#8221; el_class=&#8221;two_img_bl_style_1_html_bl&#8221;][vc_column][vc_column_text][vc_row full_width=\"stretch_row_content\" equal_height=\"yes\" el_class=\"two_img_bl_style_1 common_no_pad_bottom\"][vc_column][vc_row_inner equal_height=\"yes\"][vc_column_inner width=\"1\/3\"][vc_single_image image=\"1050\" img_size=\"full\" alignment=\"center\"][\/vc_column_inner][vc_column_inner width=\"1\/3\"][vc_single_image image=\"1052\" img_size=\"full\" alignment=\"center\"][\/vc_column_inner][vc_column_inner el_class=\"two_img_bl_style_1_col_3 affr_col_3\" width=\"1\/3\"][vc_column_text]\r\n<h3>Aff\u00e4rsomr\u00e5den<\/h3>\r\n[\/vc_column_text][vc_column_text el_class=\"two_img_bl_st_1_link_txt\"]<a href=\"https:\/\/productions2.parkwaylabs.com\/falk\/affarsomraden-wealth-management\/\">Wealth Management<\/a>\r\n<a href=\"https:\/\/productions2.parkwaylabs.com\/falk\/affarsomraden-asset-management\/\">Asset Management<\/a>\r\n<a href=\"https:\/\/productions2.parkwaylabs.com\/falk\/affarsomraden-tjanstepension\/\">Tj\u00e4nstepension<\/a>\r\n<a href=\"https:\/\/productions2.parkwaylabs.com\/falk\/affarsomraden-skatt-juridik\/\">Skatt &amp; Juridik<\/a>[\/vc_column_text][\/vc_column_inner][\/vc_row_inner][\/vc_column][\/vc_row][\/vc_column_text][\/vc_column][\/vc_row][vc_row full_width=&#8221;stretch_row_content&#8221; el_class=&#8221;right_single_image_cont_bl&#8221;][vc_column][vc_row_inner equal_height=&#8221;yes&#8221;][vc_column_inner width=&#8221;1\/3&#8243;][vc_column_text el_class=&#8221;large_ttl&#8221;]Expertis[\/vc_column_text][vc_column_text el_class=&#8221;txt_content&#8221;]Med den samlade kunskapen hos v\u00e5ra v\u00e4lrenommerade r\u00e5dgivare inom alla v\u00e5ra aff\u00e4rsomr\u00e5den mobiliserar vi snabbt r\u00e4tt expertis och erfarenhet f\u00f6r varje uppdrag och kund.[\/vc_column_text][vc_column_text el_class=&#8221;txt_single_arrow&#8221;]<a href=\"https:\/\/productions2.parkwaylabs.com\/falk\/expertis-var-expertis\/\">V\u00e5ra r\u00e5dgivningstj\u00e4nster<\/a>[\/vc_column_text][\/vc_column_inner][vc_column_inner width=&#8221;2\/3&#8243; css=&#8221;.vc_custom_1677145625580{background-image: url(https:\/\/productions2.parkwaylabs.com\/falk\/wp-content\/uploads\/2023\/02\/entrepreneur-communicate-with-partners-office-1.jpg?id=1053) !important;background-position: center !important;background-repeat: no-repeat !important;background-size: cover !important;}&#8221;][\/vc_column_inner][\/vc_row_inner][\/vc_column][\/vc_row][vc_row full_width=&#8221;stretch_row_content&#8221; el_class=&#8221;left_single_image_cont_bl&#8221;][vc_column][vc_row_inner equal_height=&#8221;yes&#8221;][vc_column_inner width=&#8221;2\/3&#8243; css=&#8221;.vc_custom_1677840265784{background-image: url(https:\/\/productions2.parkwaylabs.com\/falk\/wp-content\/uploads\/2023\/03\/Falk-Partners-052_Edited_Large.jpg?id=1319) !important;background-position: center !important;background-repeat: no-repeat !important;background-size: cover !important;}&#8221;][\/vc_column_inner][vc_column_inner width=&#8221;1\/3&#8243;][vc_column_text el_class=&#8221;large_ttl&#8221;]Medarbetare[\/vc_column_text][vc_column_text el_class=&#8221;txt_content&#8221;]Vi som jobbar p\u00e5 Falk &amp; Partners har alla l\u00e5ng erfarenhet och djup kunskap inom v\u00e5ra respektive expertisomr\u00e5den. Att utg\u00e5 fr\u00e5n kundens behov, \u00f6nskem\u00e5l och utmaningar ser vi som en sj\u00e4lvklarhet.[\/vc_column_text][vc_column_text el_class=&#8221;txt_single_arrow&#8221;]<a href=\"https:\/\/productions2.parkwaylabs.com\/falk\/medarbetare\/\">Visa alla medarbetare<\/a>[\/vc_column_text][\/vc_column_inner][\/vc_row_inner][\/vc_column][\/vc_row][vc_row full_width=&#8221;stretch_row_content&#8221; equal_height=&#8221;yes&#8221; css=&#8221;.vc_custom_1677146952442{background-image: url(https:\/\/productions2.parkwaylabs.com\/falk\/wp-content\/uploads\/2023\/02\/pexels-sora-shimazaki-5668484-1.jpg?id=1058) !important;background-position: center !important;background-repeat: no-repeat !important;background-size: cover !important;}&#8221; el_class=&#8221;full_back_img_left_cont_bl&#8221;][vc_column][vc_row_inner equal_height=&#8221;yes&#8221;][vc_column_inner width=&#8221;1\/3&#8243;][vc_column_text el_class=&#8221;large_ttl&#8221;]Tillst\u00e5nd och Tillsyn[\/vc_column_text][vc_column_text el_class=&#8221;txt_content&#8221;]Falk &amp; Partners har tillst\u00e5nd av Finansinspektionen att bedriva f\u00f6rmedling av livf\u00f6rs\u00e4kring. Finansinspektionen \u00e4r \u00e4ven tillsynsmyndighet.[\/vc_column_text][vc_column_text el_class=&#8221;txt_single_arrow las_mer_single_arrow custom_aft_arrow&#8221;]<a href=\"https:\/\/productions2.parkwaylabs.com\/falk\/tillstand-and-tillsyn-tillsyn\/\">L\u00e4s mer<\/a>[\/vc_column_text][\/vc_column_inner][vc_column_inner width=&#8221;2\/3&#8243;][\/vc_column_inner][\/vc_row_inner][\/vc_column][\/vc_row][vc_row full_width=&#8221;stretch_row_content&#8221; disable_element=&#8221;yes&#8221;][vc_column][vc_raw_html]JTNDdmlkZW8lMjB3aWR0aCUzRCUyMjEwMCUyNSUyMiUyMGF1dG9wbGF5JTIwcGxheXNpbmxpbmUlMjBzdHlsZSUzRCUyMnBvaW50ZXItZXZlbnRzJTNBJTIwbm9uZSUzQiUyMiUzRSUwQSUyMCUyMCUzQ3NvdXJjZSUyMHNyYyUzRCUyMmh0dHBzJTNBJTJGJTJGcHJvZHVjdGlvbnMyLnBhcmt3YXlsYWJzLmNvbSUyRmZhbGslMkZ3cC1jb250ZW50JTJGdXBsb2FkcyUyRjIwMjMlMkYwMyUyRnl0MXMuY29tLUNoYXJsZXMtRWRkaWUtV291bGQtSS1MaWUtVG8tWW91LU9mZmljaWFsLVZpZGVvXzM2MHAubXA0JTIyJTIwdHlwZSUzRCUyMnZpZGVvJTJGbXA0JTIyJTNFJTBBJTNDJTJGdmlkZW8lM0U=[\/vc_raw_html][\/vc_column][\/vc_row]<\/p>\n","protected":false},"excerpt":{"rendered":"<p>[vc_row full_width=&#8221;stretch_row&#8221; el_class=&#8221;home_main_bl1 home_page_v_block&#8221;][vc_column][\/vc_column][\/vc_row][vc_row full_width=&#8221;stretch_row_content_no_spaces&#8221; equal_height=&#8221;yes&#8221; content_placement=&#8221;middle&#8221; el_class=&#8221;two_img_bl_style_1_html_bl&#8221;][vc_column][vc_column_text][\/vc_column_text][\/vc_column][\/vc_row][vc_row full_width=&#8221;stretch_row_content&#8221; el_class=&#8221;right_single_image_cont_bl&#8221;][vc_column][vc_row_inner equal_height=&#8221;yes&#8221;][vc_column_inner width=&#8221;1\/3&#8243;][vc_column_text el_class=&#8221;large_ttl&#8221;]Expertis[\/vc_column_text][vc_column_text el_class=&#8221;txt_content&#8221;]Med den samlade kunskapen hos v\u00e5ra v\u00e4lrenommerade r\u00e5dgivare inom alla v\u00e5ra aff\u00e4rsomr\u00e5den mobiliserar vi snabbt r\u00e4tt expertis och erfarenhet f\u00f6r varje uppdrag och kund.[\/vc_column_text][vc_column_text el_class=&#8221;txt_single_arrow&#8221;]V\u00e5ra r\u00e5dgivningstj\u00e4nster[\/vc_column_text][\/vc_column_inner][vc_column_inner width=&#8221;2\/3&#8243; css=&#8221;.vc_custom_1677145625580{background-image: url(https:\/\/productions2.parkwaylabs.com\/falk\/wp-content\/uploads\/2023\/02\/entrepreneur-communicate-with-partners-office-1.jpg?id=1053) !important;background-position: center !important;background-repeat: no-repeat !important;background-size: cover !important;}&#8221;][\/vc_column_inner][\/vc_row_inner][\/vc_column][\/vc_row][vc_row full_width=&#8221;stretch_row_content&#8221; el_class=&#8221;left_single_image_cont_bl&#8221;][vc_column][vc_row_inner equal_height=&#8221;yes&#8221;][vc_column_inner width=&#8221;2\/3&#8243; css=&#8221;.vc_custom_1677840265784{background-image: url(https:\/\/productions2.parkwaylabs.com\/falk\/wp-content\/uploads\/2023\/03\/Falk-Partners-052_Edited_Large.jpg?id=1319) &hellip; <a href=\"https:\/\/productions2.parkwaylabs.com\/falk\/\" class=\"more-link\">Continue reading <span class=\"screen-reader-text\">home<\/span><\/a><\/p>\n","protected":false},"author":1,"featured_media":0,"parent":0,"menu_order":0,"comment_status":"closed","ping_status":"closed","template":"","meta":{"inline_featured_image":false,"footnotes":""},"class_list":["post-7","page","type-page","status-publish","hentry"],"acf":[],"yoast_head":"<!-- This site is optimized with the Yoast SEO plugin v20.9 - https:\/\/yoast.com\/wordpress\/plugins\/seo\/ -->\n<title>home - Falk &amp; Partners<\/title>\n<meta name=\"robots\" content=\"index, follow, max-snippet:-1, max-image-preview:large, max-video-preview:-1\" \/>\n<link rel=\"canonical\" href=\"https:\/\/productions2.parkwaylabs.com\/falk\/\" \/>\n<meta property=\"og:locale\" content=\"en_US\" \/>\n<meta property=\"og:type\" content=\"article\" \/>\n<meta property=\"og:title\" content=\"home - Falk &amp; Partners\" \/>\n<meta property=\"og:description\" content=\"[vc_row full_width=&#8221;stretch_row&#8221; el_class=&#8221;home_main_bl1 home_page_v_block&#8221;][vc_column][\/vc_column][\/vc_row][vc_row full_width=&#8221;stretch_row_content_no_spaces&#8221; equal_height=&#8221;yes&#8221; content_placement=&#8221;middle&#8221; el_class=&#8221;two_img_bl_style_1_html_bl&#8221;][vc_column][vc_column_text][\/vc_column_text][\/vc_column][\/vc_row][vc_row full_width=&#8221;stretch_row_content&#8221; el_class=&#8221;right_single_image_cont_bl&#8221;][vc_column][vc_row_inner equal_height=&#8221;yes&#8221;][vc_column_inner width=&#8221;1\/3&#8243;][vc_column_text el_class=&#8221;large_ttl&#8221;]Expertis[\/vc_column_text][vc_column_text el_class=&#8221;txt_content&#8221;]Med den samlade kunskapen hos v\u00e5ra v\u00e4lrenommerade r\u00e5dgivare inom alla v\u00e5ra aff\u00e4rsomr\u00e5den mobiliserar vi snabbt r\u00e4tt expertis och erfarenhet f\u00f6r varje uppdrag och kund.[\/vc_column_text][vc_column_text el_class=&#8221;txt_single_arrow&#8221;]V\u00e5ra r\u00e5dgivningstj\u00e4nster[\/vc_column_text][\/vc_column_inner][vc_column_inner width=&#8221;2\/3&#8243; css=&#8221;.vc_custom_1677145625580{background-image: url(https:\/\/productions2.parkwaylabs.com\/falk\/wp-content\/uploads\/2023\/02\/entrepreneur-communicate-with-partners-office-1.jpg?id=1053) !important;background-position: center !important;background-repeat: no-repeat !important;background-size: cover !important;}&#8221;][\/vc_column_inner][\/vc_row_inner][\/vc_column][\/vc_row][vc_row full_width=&#8221;stretch_row_content&#8221; el_class=&#8221;left_single_image_cont_bl&#8221;][vc_column][vc_row_inner equal_height=&#8221;yes&#8221;][vc_column_inner width=&#8221;2\/3&#8243; css=&#8221;.vc_custom_1677840265784{background-image: url(https:\/\/productions2.parkwaylabs.com\/falk\/wp-content\/uploads\/2023\/03\/Falk-Partners-052_Edited_Large.jpg?id=1319) &hellip; Continue reading home\" \/>\n<meta property=\"og:url\" content=\"https:\/\/productions2.parkwaylabs.com\/falk\/\" \/>\n<meta property=\"og:site_name\" content=\"Falk &amp; Partners\" \/>\n<meta property=\"article:modified_time\" content=\"2023-06-20T12:32:26+00:00\" \/>\n<meta name=\"twitter:card\" content=\"summary_large_image\" \/>\n<meta name=\"twitter:label1\" content=\"Est. reading time\" \/>\n\t<meta name=\"twitter:data1\" content=\"1 minute\" \/>\n<script type=\"application\/ld+json\" class=\"yoast-schema-graph\">{\"@context\":\"https:\/\/schema.org\",\"@graph\":[{\"@type\":\"WebPage\",\"@id\":\"https:\/\/productions2.parkwaylabs.com\/falk\/\",\"url\":\"https:\/\/productions2.parkwaylabs.com\/falk\/\",\"name\":\"home - Falk &amp; Partners\",\"isPartOf\":{\"@id\":\"https:\/\/productions2.parkwaylabs.com\/falk\/#website\"},\"datePublished\":\"2022-11-11T04:59:12+00:00\",\"dateModified\":\"2023-06-20T12:32:26+00:00\",\"breadcrumb\":{\"@id\":\"https:\/\/productions2.parkwaylabs.com\/falk\/#breadcrumb\"},\"inLanguage\":\"en-US\",\"potentialAction\":[{\"@type\":\"ReadAction\",\"target\":[\"https:\/\/productions2.parkwaylabs.com\/falk\/\"]}]},{\"@type\":\"BreadcrumbList\",\"@id\":\"https:\/\/productions2.parkwaylabs.com\/falk\/#breadcrumb\",\"itemListElement\":[{\"@type\":\"ListItem\",\"position\":1,\"name\":\"Home\",\"item\":\"https:\/\/productions2.parkwaylabs.com\/falk\/\"},{\"@type\":\"ListItem\",\"position\":2,\"name\":\"home\"}]},{\"@type\":\"WebSite\",\"@id\":\"https:\/\/productions2.parkwaylabs.com\/falk\/#website\",\"url\":\"https:\/\/productions2.parkwaylabs.com\/falk\/\",\"name\":\"Falk &amp; Partners\",\"description\":\"\",\"publisher\":{\"@id\":\"https:\/\/productions2.parkwaylabs.com\/falk\/#organization\"},\"potentialAction\":[{\"@type\":\"SearchAction\",\"target\":{\"@type\":\"EntryPoint\",\"urlTemplate\":\"https:\/\/productions2.parkwaylabs.com\/falk\/?s={search_term_string}\"},\"query-input\":\"required name=search_term_string\"}],\"inLanguage\":\"en-US\"},{\"@type\":\"Organization\",\"@id\":\"https:\/\/productions2.parkwaylabs.com\/falk\/#organization\",\"name\":\"Falk &amp; Partners\",\"url\":\"https:\/\/productions2.parkwaylabs.com\/falk\/\",\"logo\":{\"@type\":\"ImageObject\",\"inLanguage\":\"en-US\",\"@id\":\"https:\/\/productions2.parkwaylabs.com\/falk\/#\/schema\/logo\/image\/\",\"url\":\"https:\/\/productions2.parkwaylabs.com\/falk\/wp-content\/uploads\/2022\/11\/Logotyp.svg\",\"contentUrl\":\"https:\/\/productions2.parkwaylabs.com\/falk\/wp-content\/uploads\/2022\/11\/Logotyp.svg\",\"width\":162,\"height\":108,\"caption\":\"Falk &amp; Partners\"},\"image\":{\"@id\":\"https:\/\/productions2.parkwaylabs.com\/falk\/#\/schema\/logo\/image\/\"}}]}<\/script>\n<!-- \/ Yoast SEO plugin. -->","yoast_head_json":{"title":"home - Falk &amp; Partners","robots":{"index":"index","follow":"follow","max-snippet":"max-snippet:-1","max-image-preview":"max-image-preview:large","max-video-preview":"max-video-preview:-1"},"canonical":"https:\/\/productions2.parkwaylabs.com\/falk\/","og_locale":"en_US","og_type":"article","og_title":"home - Falk &amp; Partners","og_description":"[vc_row full_width=&#8221;stretch_row&#8221; el_class=&#8221;home_main_bl1 home_page_v_block&#8221;][vc_column][\/vc_column][\/vc_row][vc_row full_width=&#8221;stretch_row_content_no_spaces&#8221; equal_height=&#8221;yes&#8221; content_placement=&#8221;middle&#8221; el_class=&#8221;two_img_bl_style_1_html_bl&#8221;][vc_column][vc_column_text][\/vc_column_text][\/vc_column][\/vc_row][vc_row full_width=&#8221;stretch_row_content&#8221; el_class=&#8221;right_single_image_cont_bl&#8221;][vc_column][vc_row_inner equal_height=&#8221;yes&#8221;][vc_column_inner width=&#8221;1\/3&#8243;][vc_column_text el_class=&#8221;large_ttl&#8221;]Expertis[\/vc_column_text][vc_column_text el_class=&#8221;txt_content&#8221;]Med den samlade kunskapen hos v\u00e5ra v\u00e4lrenommerade r\u00e5dgivare inom alla v\u00e5ra aff\u00e4rsomr\u00e5den mobiliserar vi snabbt r\u00e4tt expertis och erfarenhet f\u00f6r varje uppdrag och kund.[\/vc_column_text][vc_column_text el_class=&#8221;txt_single_arrow&#8221;]V\u00e5ra r\u00e5dgivningstj\u00e4nster[\/vc_column_text][\/vc_column_inner][vc_column_inner width=&#8221;2\/3&#8243; css=&#8221;.vc_custom_1677145625580{background-image: url(https:\/\/productions2.parkwaylabs.com\/falk\/wp-content\/uploads\/2023\/02\/entrepreneur-communicate-with-partners-office-1.jpg?id=1053) !important;background-position: center !important;background-repeat: no-repeat !important;background-size: cover !important;}&#8221;][\/vc_column_inner][\/vc_row_inner][\/vc_column][\/vc_row][vc_row full_width=&#8221;stretch_row_content&#8221; el_class=&#8221;left_single_image_cont_bl&#8221;][vc_column][vc_row_inner equal_height=&#8221;yes&#8221;][vc_column_inner width=&#8221;2\/3&#8243; css=&#8221;.vc_custom_1677840265784{background-image: url(https:\/\/productions2.parkwaylabs.com\/falk\/wp-content\/uploads\/2023\/03\/Falk-Partners-052_Edited_Large.jpg?id=1319) &hellip; Continue reading home","og_url":"https:\/\/productions2.parkwaylabs.com\/falk\/","og_site_name":"Falk &amp; Partners","article_modified_time":"2023-06-20T12:32:26+00:00","twitter_card":"summary_large_image","twitter_misc":{"Est. reading time":"1 minute"},"schema":{"@context":"https:\/\/schema.org","@graph":[{"@type":"WebPage","@id":"https:\/\/productions2.parkwaylabs.com\/falk\/","url":"https:\/\/productions2.parkwaylabs.com\/falk\/","name":"home - Falk &amp; Partners","isPartOf":{"@id":"https:\/\/productions2.parkwaylabs.com\/falk\/#website"},"datePublished":"2022-11-11T04:59:12+00:00","dateModified":"2023-06-20T12:32:26+00:00","breadcrumb":{"@id":"https:\/\/productions2.parkwaylabs.com\/falk\/#breadcrumb"},"inLanguage":"en-US","potentialAction":[{"@type":"ReadAction","target":["https:\/\/productions2.parkwaylabs.com\/falk\/"]}]},{"@type":"BreadcrumbList","@id":"https:\/\/productions2.parkwaylabs.com\/falk\/#breadcrumb","itemListElement":[{"@type":"ListItem","position":1,"name":"Home","item":"https:\/\/productions2.parkwaylabs.com\/falk\/"},{"@type":"ListItem","position":2,"name":"home"}]},{"@type":"WebSite","@id":"https:\/\/productions2.parkwaylabs.com\/falk\/#website","url":"https:\/\/productions2.parkwaylabs.com\/falk\/","name":"Falk &amp; Partners","description":"","publisher":{"@id":"https:\/\/productions2.parkwaylabs.com\/falk\/#organization"},"potentialAction":[{"@type":"SearchAction","target":{"@type":"EntryPoint","urlTemplate":"https:\/\/productions2.parkwaylabs.com\/falk\/?s={search_term_string}"},"query-input":"required name=search_term_string"}],"inLanguage":"en-US"},{"@type":"Organization","@id":"https:\/\/productions2.parkwaylabs.com\/falk\/#organization","name":"Falk &amp; Partners","url":"https:\/\/productions2.parkwaylabs.com\/falk\/","logo":{"@type":"ImageObject","inLanguage":"en-US","@id":"https:\/\/productions2.parkwaylabs.com\/falk\/#\/schema\/logo\/image\/","url":"https:\/\/productions2.parkwaylabs.com\/falk\/wp-content\/uploads\/2022\/11\/Logotyp.svg","contentUrl":"https:\/\/productions2.parkwaylabs.com\/falk\/wp-content\/uploads\/2022\/11\/Logotyp.svg","width":162,"height":108,"caption":"Falk &amp; Partners"},"image":{"@id":"https:\/\/productions2.parkwaylabs.com\/falk\/#\/schema\/logo\/image\/"}}]}},"_links":{"self":[{"href":"https:\/\/productions2.parkwaylabs.com\/falk\/wp-json\/wp\/v2\/pages\/7","targetHints":{"allow":["GET"]}}],"collection":[{"href":"https:\/\/productions2.parkwaylabs.com\/falk\/wp-json\/wp\/v2\/pages"}],"about":[{"href":"https:\/\/productions2.parkwaylabs.com\/falk\/wp-json\/wp\/v2\/types\/page"}],"author":[{"embeddable":true,"href":"https:\/\/productions2.parkwaylabs.com\/falk\/wp-json\/wp\/v2\/users\/1"}],"replies":[{"embeddable":true,"href":"https:\/\/productions2.parkwaylabs.com\/falk\/wp-json\/wp\/v2\/comments?post=7"}],"version-history":[{"count":199,"href":"https:\/\/productions2.parkwaylabs.com\/falk\/wp-json\/wp\/v2\/pages\/7\/revisions"}],"predecessor-version":[{"id":1450,"href":"https:\/\/productions2.parkwaylabs.com\/falk\/wp-json\/wp\/v2\/pages\/7\/revisions\/1450"}],"wp:attachment":[{"href":"https:\/\/productions2.parkwaylabs.com\/falk\/wp-json\/wp\/v2\/media?parent=7"}],"curies":[{"name":"wp","href":"https:\/\/api.w.org\/{rel}","templated":true}]}}