{"id":672,"date":"2022-11-25T07:51:25","date_gmt":"2022-11-25T07:51:25","guid":{"rendered":"https:\/\/productions2.parkwaylabs.com\/falk\/?page_id=672"},"modified":"2023-03-02T06:07:13","modified_gmt":"2023-03-02T06:07:13","slug":"expertis-stiftelser","status":"publish","type":"page","link":"https:\/\/productions2.parkwaylabs.com\/falk\/expertis-stiftelser\/","title":{"rendered":"Expertis &#8211; Stiftelser"},"content":{"rendered":"<p>[vc_row full_width=&#8221;stretch_row_content_no_spaces&#8221; full_height=&#8221;yes&#8221; content_placement=&#8221;middle&#8221; el_class=&#8221;home_main_bl1&#8243; css=&#8221;.vc_custom_1677409425511{background-image: url(https:\/\/productions2.parkwaylabs.com\/falk\/wp-content\/uploads\/2023\/02\/pexels-sora-shimazaki-5668484-1-1.jpg?id=1081) !important;background-position: center !important;background-repeat: no-repeat !important;background-size: cover !important;}&#8221;][vc_column][vc_row_inner][vc_column_inner][\/vc_column_inner][\/vc_row_inner][\/vc_column][\/vc_row][vc_row full_width=&#8221;stretch_row_content&#8221; el_class=&#8221;black_mid_bl_style1&#8243; css=&#8221;.vc_custom_1677409196517{background-color: #eae7e2 !important;}&#8221;][vc_column][vc_row_inner][vc_column_inner el_class=&#8221;black_mid_bl_style1_col_1&#8243; width=&#8221;3\/12&#8243;][vc_column_text]Expertis[\/vc_column_text][\/vc_column_inner][vc_column_inner el_class=&#8221;black_mid_bl_style1_col_2&#8243; width=&#8221;7\/12&#8243;][vc_column_text]I \u00f6ver 15 \u00e5r har Falk &amp; Partners hj\u00e4lpt f\u00f6retag och privatpersoner att fatta v\u00e4lgrundade beslut om pensioner, f\u00f6rs\u00e4kringar och placeringar. Genom upphandling, analys och r\u00e5dgivning skapar vi marknadens fr\u00e4msta spar- och f\u00f6rs\u00e4kringsl\u00f6sningar. Vi samarbetar med ett stort antal f\u00f6rs\u00e4kringsbolag och finansiella institut \u2013 allt f\u00f6r att skapa en l\u00f6sning som passar dig och ditt f\u00f6retag.[\/vc_column_text][\/vc_column_inner][vc_column_inner width=&#8221;2\/12&#8243;][\/vc_column_inner][\/vc_row_inner][\/vc_column][\/vc_row][vc_row full_width=&#8221;stretch_row_content&#8221; el_class=&#8221;three_col_cont_link_bl three_col_cont_link_bl_sty_2&#8243;][vc_column width=&#8221;1\/4&#8243; el_class=&#8221;three_col_cont_link_bl_col_1&#8243;][vc_column_text el_class=&#8221;three_col_cont_link_bl_col_1_ttl&#8221;]Stiftelser och Institutioner[\/vc_column_text][vc_column_text el_class=&#8221;three_col_cont_link_bl_col_1_cont&#8221;]Kontakt:<br \/>\nMathias Forsberg, Ansvarig[\/vc_column_text][\/vc_column][vc_column width=&#8221;1\/2&#8243; el_class=&#8221;three_col_cont_link_bl_col_2&#8243;][vc_column_text el_class=&#8221;three_col_cont_link_bl_col_2_bl_cont&#8221;]Vi erbjuder v\u00e5ra institutionella kunder helt\u00e4ckande placeringsl\u00f6sningar, som svarar mot kundens behov och \u00f6nskem\u00e5l.[\/vc_column_text][vc_column_text el_class=&#8221;three_col_cont_link_bl_col_2_bl_ttl&#8221;]<strong>R\u00e5dgivande f\u00f6rvaltning<\/strong>[\/vc_column_text][vc_column_text el_class=&#8221;three_col_cont_link_bl_col_2_bl_cont&#8221;]N\u00e4r vi startar en ny kundrelation s\u00e5 \u00e4r det viktigt f\u00f6r oss att f\u00e5 en tydlig bild av er nuvarande placeringssituation. D\u00e4rf\u00f6r g\u00f6r vi tillsammans en nul\u00e4gesanalys. Vi tar h\u00e4nsyn till en m\u00e4ngd olika faktorer, som exempelvis placeringshorisont, riskvilja, etiska aspekter samt diverse andra f\u00f6ruts\u00e4ttningar, som kan finnas i era stadgar eller placeringsreglemente. Utifr\u00e5n detta s\u00e5 definierar vi en placeringsstrategi som passar just er och era \u00f6nskem\u00e5l. Detta \u00e4r viktigt f\u00f6r att kunna m\u00f6ta upp era specifika krav p\u00e5 risk, avkastning och likviditet. N\u00e4r strategin och portf\u00f6ljallokeringen \u00e4r klara, s\u00e5 g\u00e5r vi vidare med investeringsr\u00e5dgivning och f\u00f6rvaltning. Alla placeringsbeslut tas i samr\u00e5d med er som kund och er r\u00e5dgivare. V\u00e5r styrka \u00e4r att vi kan skr\u00e4ddarsy varje kunds portf\u00f6lj efter individuella \u00f6nskem\u00e5l, tack vare v\u00e5ra korta beslutsv\u00e4gar och enkla processer. Detta g\u00f6r att vi snabbt kan reagera p\u00e5 m\u00f6jligheter och hot p\u00e5 kapitalmarknaden och alltid g\u00f6ra det b\u00e4sta f\u00f6r er som kund. Er portf\u00f6ljsf\u00f6rvaltare rapporterar kontinuerligt till er p\u00e5 det s\u00e4tt ni kommer \u00f6verens om och som passar er b\u00e4st.[\/vc_column_text][\/vc_column][vc_column width=&#8221;1\/4&#8243; el_class=&#8221;three_col_cont_link_bl_col_3&#8243;][vc_column_text el_class=&#8221;three_col_cont_link_bl_col_3_link_txt scroll_bl&#8221;]<a href=\"https:\/\/productions2.parkwaylabs.com\/falk\/expertis-var-expertis\/\">V\u00e5r Expertis<\/a><br \/>\n<a href=\"https:\/\/productions2.parkwaylabs.com\/falk\/expertis_for_privatepersoner\/\">F\u00f6r Privatpersoner<\/a><br \/>\n<a href=\"https:\/\/productions2.parkwaylabs.com\/falk\/expertis-for-foretag\/\">F\u00f6r F\u00f6retag<\/a><br \/>\n<a class=\"highlight_link\" href=\"https:\/\/productions2.parkwaylabs.com\/falk\/expertis-stiftelser\/\">Stiftelser och Institutioner<\/a><br \/>\n<a href=\"https:\/\/productions2.parkwaylabs.com\/falk\/for-entreprenorer\/\">F\u00f6r Entrepren\u00f6rer<\/a>[\/vc_column_text][\/vc_column][\/vc_row][vc_row disable_element=&#8221;yes&#8221;][vc_column][vc_empty_space height=&#8221;120px&#8221;][\/vc_column][\/vc_row]<\/p>\n","protected":false},"excerpt":{"rendered":"<p>[vc_row full_width=&#8221;stretch_row_content_no_spaces&#8221; full_height=&#8221;yes&#8221; content_placement=&#8221;middle&#8221; el_class=&#8221;home_main_bl1&#8243; css=&#8221;.vc_custom_1677409425511{background-image: url(https:\/\/productions2.parkwaylabs.com\/falk\/wp-content\/uploads\/2023\/02\/pexels-sora-shimazaki-5668484-1-1.jpg?id=1081) !important;background-position: center !important;background-repeat: no-repeat !important;background-size: cover !important;}&#8221;][vc_column][vc_row_inner][vc_column_inner][\/vc_column_inner][\/vc_row_inner][\/vc_column][\/vc_row][vc_row full_width=&#8221;stretch_row_content&#8221; el_class=&#8221;black_mid_bl_style1&#8243; css=&#8221;.vc_custom_1677409196517{background-color: #eae7e2 !important;}&#8221;][vc_column][vc_row_inner][vc_column_inner el_class=&#8221;black_mid_bl_style1_col_1&#8243; width=&#8221;3\/12&#8243;][vc_column_text]Expertis[\/vc_column_text][\/vc_column_inner][vc_column_inner el_class=&#8221;black_mid_bl_style1_col_2&#8243; width=&#8221;7\/12&#8243;][vc_column_text]I \u00f6ver 15 \u00e5r har Falk &amp; Partners hj\u00e4lpt f\u00f6retag och privatpersoner att fatta v\u00e4lgrundade beslut om pensioner, f\u00f6rs\u00e4kringar och placeringar. Genom upphandling, analys och r\u00e5dgivning skapar vi marknadens fr\u00e4msta spar- och f\u00f6rs\u00e4kringsl\u00f6sningar. &hellip; <a href=\"https:\/\/productions2.parkwaylabs.com\/falk\/expertis-stiftelser\/\" class=\"more-link\">Continue reading <span class=\"screen-reader-text\">Expertis &#8211; Stiftelser<\/span><\/a><\/p>\n","protected":false},"author":1,"featured_media":0,"parent":0,"menu_order":0,"comment_status":"closed","ping_status":"closed","template":"","meta":{"inline_featured_image":false,"footnotes":""},"class_list":["post-672","page","type-page","status-publish","hentry"],"acf":[],"yoast_head":"<!-- This site is optimized with the Yoast SEO plugin v20.9 - https:\/\/yoast.com\/wordpress\/plugins\/seo\/ -->\n<title>Expertis - Stiftelser - Falk &amp; Partners<\/title>\n<meta name=\"robots\" content=\"index, follow, max-snippet:-1, max-image-preview:large, max-video-preview:-1\" \/>\n<link rel=\"canonical\" href=\"https:\/\/productions2.parkwaylabs.com\/falk\/expertis-stiftelser\/\" \/>\n<meta property=\"og:locale\" content=\"en_US\" \/>\n<meta property=\"og:type\" content=\"article\" \/>\n<meta property=\"og:title\" content=\"Expertis - Stiftelser - Falk &amp; Partners\" \/>\n<meta property=\"og:description\" content=\"[vc_row full_width=&#8221;stretch_row_content_no_spaces&#8221; full_height=&#8221;yes&#8221; content_placement=&#8221;middle&#8221; el_class=&#8221;home_main_bl1&#8243; css=&#8221;.vc_custom_1677409425511{background-image: url(https:\/\/productions2.parkwaylabs.com\/falk\/wp-content\/uploads\/2023\/02\/pexels-sora-shimazaki-5668484-1-1.jpg?id=1081) !important;background-position: center !important;background-repeat: no-repeat !important;background-size: cover !important;}&#8221;][vc_column][vc_row_inner][vc_column_inner][\/vc_column_inner][\/vc_row_inner][\/vc_column][\/vc_row][vc_row full_width=&#8221;stretch_row_content&#8221; el_class=&#8221;black_mid_bl_style1&#8243; css=&#8221;.vc_custom_1677409196517{background-color: #eae7e2 !important;}&#8221;][vc_column][vc_row_inner][vc_column_inner el_class=&#8221;black_mid_bl_style1_col_1&#8243; width=&#8221;3\/12&#8243;][vc_column_text]Expertis[\/vc_column_text][\/vc_column_inner][vc_column_inner el_class=&#8221;black_mid_bl_style1_col_2&#8243; width=&#8221;7\/12&#8243;][vc_column_text]I \u00f6ver 15 \u00e5r har Falk &amp; Partners hj\u00e4lpt f\u00f6retag och privatpersoner att fatta v\u00e4lgrundade beslut om pensioner, f\u00f6rs\u00e4kringar och placeringar. Genom upphandling, analys och r\u00e5dgivning skapar vi marknadens fr\u00e4msta spar- och f\u00f6rs\u00e4kringsl\u00f6sningar. &hellip; Continue reading Expertis &#8211; Stiftelser\" \/>\n<meta property=\"og:url\" content=\"https:\/\/productions2.parkwaylabs.com\/falk\/expertis-stiftelser\/\" \/>\n<meta property=\"og:site_name\" content=\"Falk &amp; Partners\" \/>\n<meta property=\"article:modified_time\" content=\"2023-03-02T06:07:13+00:00\" \/>\n<meta name=\"twitter:card\" content=\"summary_large_image\" \/>\n<meta name=\"twitter:label1\" content=\"Est. reading time\" \/>\n\t<meta name=\"twitter:data1\" content=\"3 minutes\" \/>\n<script type=\"application\/ld+json\" class=\"yoast-schema-graph\">{\"@context\":\"https:\/\/schema.org\",\"@graph\":[{\"@type\":\"WebPage\",\"@id\":\"https:\/\/productions2.parkwaylabs.com\/falk\/expertis-stiftelser\/\",\"url\":\"https:\/\/productions2.parkwaylabs.com\/falk\/expertis-stiftelser\/\",\"name\":\"Expertis - Stiftelser - Falk &amp; Partners\",\"isPartOf\":{\"@id\":\"https:\/\/productions2.parkwaylabs.com\/falk\/#website\"},\"datePublished\":\"2022-11-25T07:51:25+00:00\",\"dateModified\":\"2023-03-02T06:07:13+00:00\",\"breadcrumb\":{\"@id\":\"https:\/\/productions2.parkwaylabs.com\/falk\/expertis-stiftelser\/#breadcrumb\"},\"inLanguage\":\"en-US\",\"potentialAction\":[{\"@type\":\"ReadAction\",\"target\":[\"https:\/\/productions2.parkwaylabs.com\/falk\/expertis-stiftelser\/\"]}]},{\"@type\":\"BreadcrumbList\",\"@id\":\"https:\/\/productions2.parkwaylabs.com\/falk\/expertis-stiftelser\/#breadcrumb\",\"itemListElement\":[{\"@type\":\"ListItem\",\"position\":1,\"name\":\"Home\",\"item\":\"https:\/\/productions2.parkwaylabs.com\/falk\/\"},{\"@type\":\"ListItem\",\"position\":2,\"name\":\"Expertis &#8211; Stiftelser\"}]},{\"@type\":\"WebSite\",\"@id\":\"https:\/\/productions2.parkwaylabs.com\/falk\/#website\",\"url\":\"https:\/\/productions2.parkwaylabs.com\/falk\/\",\"name\":\"Falk &amp; Partners\",\"description\":\"\",\"publisher\":{\"@id\":\"https:\/\/productions2.parkwaylabs.com\/falk\/#organization\"},\"potentialAction\":[{\"@type\":\"SearchAction\",\"target\":{\"@type\":\"EntryPoint\",\"urlTemplate\":\"https:\/\/productions2.parkwaylabs.com\/falk\/?s={search_term_string}\"},\"query-input\":\"required name=search_term_string\"}],\"inLanguage\":\"en-US\"},{\"@type\":\"Organization\",\"@id\":\"https:\/\/productions2.parkwaylabs.com\/falk\/#organization\",\"name\":\"Falk &amp; Partners\",\"url\":\"https:\/\/productions2.parkwaylabs.com\/falk\/\",\"logo\":{\"@type\":\"ImageObject\",\"inLanguage\":\"en-US\",\"@id\":\"https:\/\/productions2.parkwaylabs.com\/falk\/#\/schema\/logo\/image\/\",\"url\":\"https:\/\/productions2.parkwaylabs.com\/falk\/wp-content\/uploads\/2022\/11\/Logotyp.svg\",\"contentUrl\":\"https:\/\/productions2.parkwaylabs.com\/falk\/wp-content\/uploads\/2022\/11\/Logotyp.svg\",\"width\":162,\"height\":108,\"caption\":\"Falk &amp; Partners\"},\"image\":{\"@id\":\"https:\/\/productions2.parkwaylabs.com\/falk\/#\/schema\/logo\/image\/\"}}]}<\/script>\n<!-- \/ Yoast SEO plugin. -->","yoast_head_json":{"title":"Expertis - Stiftelser - Falk &amp; Partners","robots":{"index":"index","follow":"follow","max-snippet":"max-snippet:-1","max-image-preview":"max-image-preview:large","max-video-preview":"max-video-preview:-1"},"canonical":"https:\/\/productions2.parkwaylabs.com\/falk\/expertis-stiftelser\/","og_locale":"en_US","og_type":"article","og_title":"Expertis - Stiftelser - Falk &amp; Partners","og_description":"[vc_row full_width=&#8221;stretch_row_content_no_spaces&#8221; full_height=&#8221;yes&#8221; content_placement=&#8221;middle&#8221; el_class=&#8221;home_main_bl1&#8243; css=&#8221;.vc_custom_1677409425511{background-image: url(https:\/\/productions2.parkwaylabs.com\/falk\/wp-content\/uploads\/2023\/02\/pexels-sora-shimazaki-5668484-1-1.jpg?id=1081) !important;background-position: center !important;background-repeat: no-repeat !important;background-size: cover !important;}&#8221;][vc_column][vc_row_inner][vc_column_inner][\/vc_column_inner][\/vc_row_inner][\/vc_column][\/vc_row][vc_row full_width=&#8221;stretch_row_content&#8221; el_class=&#8221;black_mid_bl_style1&#8243; css=&#8221;.vc_custom_1677409196517{background-color: #eae7e2 !important;}&#8221;][vc_column][vc_row_inner][vc_column_inner el_class=&#8221;black_mid_bl_style1_col_1&#8243; width=&#8221;3\/12&#8243;][vc_column_text]Expertis[\/vc_column_text][\/vc_column_inner][vc_column_inner el_class=&#8221;black_mid_bl_style1_col_2&#8243; width=&#8221;7\/12&#8243;][vc_column_text]I \u00f6ver 15 \u00e5r har Falk &amp; Partners hj\u00e4lpt f\u00f6retag och privatpersoner att fatta v\u00e4lgrundade beslut om pensioner, f\u00f6rs\u00e4kringar och placeringar. Genom upphandling, analys och r\u00e5dgivning skapar vi marknadens fr\u00e4msta spar- och f\u00f6rs\u00e4kringsl\u00f6sningar. &hellip; Continue reading Expertis &#8211; Stiftelser","og_url":"https:\/\/productions2.parkwaylabs.com\/falk\/expertis-stiftelser\/","og_site_name":"Falk &amp; Partners","article_modified_time":"2023-03-02T06:07:13+00:00","twitter_card":"summary_large_image","twitter_misc":{"Est. reading time":"3 minutes"},"schema":{"@context":"https:\/\/schema.org","@graph":[{"@type":"WebPage","@id":"https:\/\/productions2.parkwaylabs.com\/falk\/expertis-stiftelser\/","url":"https:\/\/productions2.parkwaylabs.com\/falk\/expertis-stiftelser\/","name":"Expertis - Stiftelser - Falk &amp; Partners","isPartOf":{"@id":"https:\/\/productions2.parkwaylabs.com\/falk\/#website"},"datePublished":"2022-11-25T07:51:25+00:00","dateModified":"2023-03-02T06:07:13+00:00","breadcrumb":{"@id":"https:\/\/productions2.parkwaylabs.com\/falk\/expertis-stiftelser\/#breadcrumb"},"inLanguage":"en-US","potentialAction":[{"@type":"ReadAction","target":["https:\/\/productions2.parkwaylabs.com\/falk\/expertis-stiftelser\/"]}]},{"@type":"BreadcrumbList","@id":"https:\/\/productions2.parkwaylabs.com\/falk\/expertis-stiftelser\/#breadcrumb","itemListElement":[{"@type":"ListItem","position":1,"name":"Home","item":"https:\/\/productions2.parkwaylabs.com\/falk\/"},{"@type":"ListItem","position":2,"name":"Expertis &#8211; Stiftelser"}]},{"@type":"WebSite","@id":"https:\/\/productions2.parkwaylabs.com\/falk\/#website","url":"https:\/\/productions2.parkwaylabs.com\/falk\/","name":"Falk &amp; Partners","description":"","publisher":{"@id":"https:\/\/productions2.parkwaylabs.com\/falk\/#organization"},"potentialAction":[{"@type":"SearchAction","target":{"@type":"EntryPoint","urlTemplate":"https:\/\/productions2.parkwaylabs.com\/falk\/?s={search_term_string}"},"query-input":"required name=search_term_string"}],"inLanguage":"en-US"},{"@type":"Organization","@id":"https:\/\/productions2.parkwaylabs.com\/falk\/#organization","name":"Falk &amp; Partners","url":"https:\/\/productions2.parkwaylabs.com\/falk\/","logo":{"@type":"ImageObject","inLanguage":"en-US","@id":"https:\/\/productions2.parkwaylabs.com\/falk\/#\/schema\/logo\/image\/","url":"https:\/\/productions2.parkwaylabs.com\/falk\/wp-content\/uploads\/2022\/11\/Logotyp.svg","contentUrl":"https:\/\/productions2.parkwaylabs.com\/falk\/wp-content\/uploads\/2022\/11\/Logotyp.svg","width":162,"height":108,"caption":"Falk &amp; Partners"},"image":{"@id":"https:\/\/productions2.parkwaylabs.com\/falk\/#\/schema\/logo\/image\/"}}]}},"_links":{"self":[{"href":"https:\/\/productions2.parkwaylabs.com\/falk\/wp-json\/wp\/v2\/pages\/672","targetHints":{"allow":["GET"]}}],"collection":[{"href":"https:\/\/productions2.parkwaylabs.com\/falk\/wp-json\/wp\/v2\/pages"}],"about":[{"href":"https:\/\/productions2.parkwaylabs.com\/falk\/wp-json\/wp\/v2\/types\/page"}],"author":[{"embeddable":true,"href":"https:\/\/productions2.parkwaylabs.com\/falk\/wp-json\/wp\/v2\/users\/1"}],"replies":[{"embeddable":true,"href":"https:\/\/productions2.parkwaylabs.com\/falk\/wp-json\/wp\/v2\/comments?post=672"}],"version-history":[{"count":19,"href":"https:\/\/productions2.parkwaylabs.com\/falk\/wp-json\/wp\/v2\/pages\/672\/revisions"}],"predecessor-version":[{"id":1239,"href":"https:\/\/productions2.parkwaylabs.com\/falk\/wp-json\/wp\/v2\/pages\/672\/revisions\/1239"}],"wp:attachment":[{"href":"https:\/\/productions2.parkwaylabs.com\/falk\/wp-json\/wp\/v2\/media?parent=672"}],"curies":[{"name":"wp","href":"https:\/\/api.w.org\/{rel}","templated":true}]}}