{"id":318,"date":"2022-11-22T06:02:34","date_gmt":"2022-11-22T06:02:34","guid":{"rendered":"https:\/\/productions2.parkwaylabs.com\/falk\/?page_id=318"},"modified":"2023-03-02T08:51:21","modified_gmt":"2023-03-02T08:51:21","slug":"tillstand-and-tillsyn-tillsyn","status":"publish","type":"page","link":"https:\/\/productions2.parkwaylabs.com\/falk\/tillstand-and-tillsyn-tillsyn\/","title":{"rendered":"Tillst\u00e5nd och tillsyn &#8211; Tillsyn"},"content":{"rendered":"<p>[vc_row full_width=&#8221;stretch_row_content_no_spaces&#8221; full_height=&#8221;yes&#8221; content_placement=&#8221;middle&#8221; el_class=&#8221;home_main_bl1&#8243; css=&#8221;.vc_custom_1677472738963{background-image: url(https:\/\/productions2.parkwaylabs.com\/falk\/wp-content\/uploads\/2023\/02\/pexels-sora-shimazaki-5668484-1-6.jpg?id=1180) !important;background-position: center !important;background-repeat: no-repeat !important;background-size: cover !important;}&#8221;][vc_column][vc_row_inner][vc_column_inner][\/vc_column_inner][\/vc_row_inner][\/vc_column][\/vc_row][vc_row full_width=&#8221;stretch_row_content&#8221; equal_height=&#8221;yes&#8221; el_class=&#8221;black_mid_bl_style1&#8243; css=&#8221;.vc_custom_1677404523753{background-color: #eae7e2 !important;}&#8221;][vc_column][vc_row_inner][vc_column_inner el_class=&#8221;black_mid_bl_style1_col_1&#8243; width=&#8221;3\/12&#8243;][vc_column_text]Tillst\u00e5nd och Tillsyn[\/vc_column_text][\/vc_column_inner][vc_column_inner el_class=&#8221;black_mid_bl_style1_col_2&#8243; width=&#8221;7\/12&#8243;][vc_column_text]J. Falk &amp; Partners Kapitalf\u00f6rvaltning AB (\u201dFalk &amp; Partners\u201d), org.nr 556737\u20134938, med registrerad adress Skomakaregatan 2, 211 34 Malm\u00f6, Sverige, st\u00e5r under Finansinspektionens tillsyn som distribut\u00f6r av f\u00f6rs\u00e4kringar i enlighet med lag (2018:1219) om f\u00f6rs\u00e4kringsdistribution.<\/p>\n<p>Bolagets medarbetare som f\u00f6rmedlar f\u00f6rs\u00e4kringar och finansiella r\u00e5d har enligt lagen<br \/>\ngenomg\u00e5tt utbildning och tagit s.k. livdiplom samt arbetat med r\u00e5dgivning i minst 15 \u00e5r. Alla v\u00e5ra medarbetare som arbetar med r\u00e5dgivning har Swedsec och har ytterligare utbildningar inom juridik, ekonomi, m\u00e5nga av v\u00e5ra medarbetare har ocks\u00e5 l\u00e5ng praktisk erfarenhet.[\/vc_column_text][\/vc_column_inner][vc_column_inner width=&#8221;2\/12&#8243;][\/vc_column_inner][\/vc_row_inner][\/vc_column][\/vc_row][vc_row full_width=&#8221;stretch_row_content&#8221; el_class=&#8221;three_col_cont_link_bl three_col_cont_link_bl_sty_2 affr_bl_2&#8243;][vc_column width=&#8221;1\/4&#8243; el_class=&#8221;three_col_cont_link_bl_col_1&#8243;][vc_column_text el_class=&#8221;three_col_cont_link_bl_col_1_ttl&#8221;]Tillsyn[\/vc_column_text][vc_column_text el_class=&#8221;three_col_cont_link_bl_col_1_cont&#8221;]Kontakt:<br \/>\nPouyan Kasraian, VD[\/vc_column_text][\/vc_column][vc_column width=&#8221;1\/2&#8243; el_class=&#8221;three_col_cont_link_bl_col_2&#8243;][vc_column_text el_class=&#8221;three_col_cont_link_bl_col_2_bl_cont&#8221;]Falk &amp; Partners st\u00e5r under tillsyn av Finansinspektionen (FI), den myndighet som \u00f6vervakar f\u00f6retagen p\u00e5 finansmarknaden. Finansinspektionen ska p\u00e5 beg\u00e4ran upplysa kunder och andra om en anst\u00e4lld hos Falk &amp; Partners har r\u00e4tt att f\u00f6rmedla f\u00f6rs\u00e4kringar och om denna r\u00e4tt \u00e4r begr\u00e4nsad till visst slag av f\u00f6rs\u00e4kring, n\u00e5gon eller n\u00e5gra f\u00f6rs\u00e4kringsklasser eller grupper av f\u00f6rs\u00e4kringsklasser.[\/vc_column_text][vc_column_text el_class=&#8221;three_col_cont_link_bl_col_2_bl_cont&#8221;]F\u00f6r kontroll av tillst\u00e5nd, v\u00e4nligen kontakta Finansinspektionen.[\/vc_column_text][vc_column_text el_class=&#8221;three_col_cont_link_bl_col_2_bl_cont&#8221;]<strong>Finansinspektionen<\/strong><br \/>\nAdress: Box 7821, 103 97 Stockholm<br \/>\nTelefon: <a href=\"tel:08-787 80 00\">08-787 80 00<\/a>, Fax: 08-24 13 35<br \/>\nE-post: <a href=\"mailto:finansinspektionen@fi.se\">finansinspektionen@fi.se<\/a><br \/>\nWebbplats: fi.se[\/vc_column_text][vc_column_text el_class=&#8221;three_col_cont_link_bl_col_2_bl_cont&#8221;]<strong>Falk &amp; Partners st\u00e5r \u00e4ven under tillsyn av<\/strong>[\/vc_column_text][vc_column_text el_class=&#8221;three_col_cont_link_bl_col_2_bl_cont&#8221;]<strong>Konsumentverket<\/strong><br \/>\nAdress: Box 48, 651 02 Karlstad<br \/>\nTelefon: <a href=\"tel:0771-42 33 00\">0771-42 33 00<\/a><br \/>\nE-post: <a href=\"mailto:konsumentverket@konsumentverket.se\">konsumentverket@konsumentverket.se<\/a><br \/>\nWebbplats: konsumentverket.se[\/vc_column_text][vc_column_text el_class=&#8221;three_col_cont_link_bl_col_2_bl_cont&#8221;]<strong>Integritetsskyddsmyndigheten<\/strong><br \/>\nAdress: Box 8114, 104 20 Stockholm<br \/>\nTelefon: <a href=\"tel:08-657 61 00\">08-657 61 00<\/a><br \/>\nE-post: <a href=\"mailto:imy@imy.se\">imy@imy.se<\/a><br \/>\nWebbplats: imy.se[\/vc_column_text][vc_column_text el_class=&#8221;three_col_cont_link_bl_col_2_bl_cont&#8221;]I am text block. Click edit button to change this text. Lorem ipsum dolor sit amet, consectetur adipiscing elit. Ut elit tellus, luctus nec ullamcorper mattis, pulvinar dapibus leo.[\/vc_column_text][vc_column_text el_class=&#8221;three_col_cont_link_bl_col_2_bl_cont&#8221;]<strong>Ansvarsf\u00f6rs\u00e4kring<\/strong>:<br \/>\nFalk &amp; Partners har sin ansvarsf\u00f6rs\u00e4kring via QBE genom SFM.<br \/>\nAdress: Apelbergsgatan 36, 111 37 Stockholm<br \/>\nTelefon: <a href=\"tel:08 \u2013 545\u00a0215 40\">08 \u2013 545\u00a0215 40<\/a><br \/>\nE-post: <a href=\"mailto:info@sfm.se\">info@sfm.se<\/a><br \/>\nWebbplats: sfm.se[\/vc_column_text][\/vc_column][vc_column width=&#8221;1\/4&#8243; el_class=&#8221;three_col_cont_link_bl_col_3&#8243;][vc_column_text el_class=&#8221;three_col_cont_link_bl_col_3_link_txt scroll_bl&#8221;]<a class=\"highlight_link\" href=\"https:\/\/productions2.parkwaylabs.com\/falk\/tillstand-and-tillsyn-tillsyn\/\">Tillsyn<\/a><br \/>\n<a href=\"https:\/\/productions2.parkwaylabs.com\/falk\/tillstand-and-tillsyn-bolagsregistrering\/\">Bolagsregistrering<\/a><br \/>\n<a href=\"https:\/\/productions2.parkwaylabs.com\/falk\/tillstand-and-tillsyn-klagomal\/\">Klagom\u00e5l<\/a><br \/>\n<a href=\"https:\/\/productions2.parkwaylabs.com\/falk\/tillstand-och-tillsyn-om-du-inte-ar-nojd\/\">Om du inte \u00e4r n\u00f6jd<\/a>[\/vc_column_text][\/vc_column][\/vc_row][vc_row full_width=&#8221;stretch_row_content&#8221;][vc_column width=&#8221;3\/4&#8243;][vc_single_image image=&#8221;1181&#8243; img_size=&#8221;full&#8221; el_class=&#8221;affImage&#8221;][\/vc_column][vc_column width=&#8221;1\/4&#8243;][\/vc_column][\/vc_row]<\/p>\n","protected":false},"excerpt":{"rendered":"<p>[vc_row full_width=&#8221;stretch_row_content_no_spaces&#8221; full_height=&#8221;yes&#8221; content_placement=&#8221;middle&#8221; el_class=&#8221;home_main_bl1&#8243; css=&#8221;.vc_custom_1677472738963{background-image: url(https:\/\/productions2.parkwaylabs.com\/falk\/wp-content\/uploads\/2023\/02\/pexels-sora-shimazaki-5668484-1-6.jpg?id=1180) !important;background-position: center !important;background-repeat: no-repeat !important;background-size: cover !important;}&#8221;][vc_column][vc_row_inner][vc_column_inner][\/vc_column_inner][\/vc_row_inner][\/vc_column][\/vc_row][vc_row full_width=&#8221;stretch_row_content&#8221; equal_height=&#8221;yes&#8221; el_class=&#8221;black_mid_bl_style1&#8243; css=&#8221;.vc_custom_1677404523753{background-color: #eae7e2 !important;}&#8221;][vc_column][vc_row_inner][vc_column_inner el_class=&#8221;black_mid_bl_style1_col_1&#8243; width=&#8221;3\/12&#8243;][vc_column_text]Tillst\u00e5nd och Tillsyn[\/vc_column_text][\/vc_column_inner][vc_column_inner el_class=&#8221;black_mid_bl_style1_col_2&#8243; width=&#8221;7\/12&#8243;][vc_column_text]J. Falk &amp; Partners Kapitalf\u00f6rvaltning AB (\u201dFalk &amp; Partners\u201d), org.nr 556737\u20134938, med registrerad adress Skomakaregatan 2, 211 34 Malm\u00f6, Sverige, st\u00e5r under Finansinspektionens tillsyn som distribut\u00f6r av f\u00f6rs\u00e4kringar i enlighet &hellip; <a href=\"https:\/\/productions2.parkwaylabs.com\/falk\/tillstand-and-tillsyn-tillsyn\/\" class=\"more-link\">Continue reading <span class=\"screen-reader-text\">Tillst\u00e5nd och tillsyn &#8211; Tillsyn<\/span><\/a><\/p>\n","protected":false},"author":1,"featured_media":0,"parent":0,"menu_order":0,"comment_status":"closed","ping_status":"closed","template":"","meta":{"inline_featured_image":false,"footnotes":""},"class_list":["post-318","page","type-page","status-publish","hentry"],"acf":[],"yoast_head":"<!-- This site is optimized with the Yoast SEO plugin v20.9 - https:\/\/yoast.com\/wordpress\/plugins\/seo\/ -->\n<title>Tillst\u00e5nd och tillsyn - Tillsyn - Falk &amp; Partners<\/title>\n<meta name=\"robots\" content=\"index, follow, max-snippet:-1, max-image-preview:large, max-video-preview:-1\" \/>\n<link rel=\"canonical\" href=\"https:\/\/productions2.parkwaylabs.com\/falk\/tillstand-and-tillsyn-tillsyn\/\" \/>\n<meta property=\"og:locale\" content=\"en_US\" \/>\n<meta property=\"og:type\" content=\"article\" \/>\n<meta property=\"og:title\" content=\"Tillst\u00e5nd och tillsyn - Tillsyn - Falk &amp; Partners\" \/>\n<meta property=\"og:description\" content=\"[vc_row full_width=&#8221;stretch_row_content_no_spaces&#8221; full_height=&#8221;yes&#8221; content_placement=&#8221;middle&#8221; el_class=&#8221;home_main_bl1&#8243; css=&#8221;.vc_custom_1677472738963{background-image: url(https:\/\/productions2.parkwaylabs.com\/falk\/wp-content\/uploads\/2023\/02\/pexels-sora-shimazaki-5668484-1-6.jpg?id=1180) !important;background-position: center !important;background-repeat: no-repeat !important;background-size: cover !important;}&#8221;][vc_column][vc_row_inner][vc_column_inner][\/vc_column_inner][\/vc_row_inner][\/vc_column][\/vc_row][vc_row full_width=&#8221;stretch_row_content&#8221; equal_height=&#8221;yes&#8221; el_class=&#8221;black_mid_bl_style1&#8243; css=&#8221;.vc_custom_1677404523753{background-color: #eae7e2 !important;}&#8221;][vc_column][vc_row_inner][vc_column_inner el_class=&#8221;black_mid_bl_style1_col_1&#8243; width=&#8221;3\/12&#8243;][vc_column_text]Tillst\u00e5nd och Tillsyn[\/vc_column_text][\/vc_column_inner][vc_column_inner el_class=&#8221;black_mid_bl_style1_col_2&#8243; width=&#8221;7\/12&#8243;][vc_column_text]J. Falk &amp; Partners Kapitalf\u00f6rvaltning AB (\u201dFalk &amp; Partners\u201d), org.nr 556737\u20134938, med registrerad adress Skomakaregatan 2, 211 34 Malm\u00f6, Sverige, st\u00e5r under Finansinspektionens tillsyn som distribut\u00f6r av f\u00f6rs\u00e4kringar i enlighet &hellip; Continue reading Tillst\u00e5nd och tillsyn &#8211; Tillsyn\" \/>\n<meta property=\"og:url\" content=\"https:\/\/productions2.parkwaylabs.com\/falk\/tillstand-and-tillsyn-tillsyn\/\" \/>\n<meta property=\"og:site_name\" content=\"Falk &amp; Partners\" \/>\n<meta property=\"article:modified_time\" content=\"2023-03-02T08:51:21+00:00\" \/>\n<meta name=\"twitter:card\" content=\"summary_large_image\" \/>\n<meta name=\"twitter:label1\" content=\"Est. reading time\" \/>\n\t<meta name=\"twitter:data1\" content=\"4 minutes\" \/>\n<script type=\"application\/ld+json\" class=\"yoast-schema-graph\">{\"@context\":\"https:\/\/schema.org\",\"@graph\":[{\"@type\":\"WebPage\",\"@id\":\"https:\/\/productions2.parkwaylabs.com\/falk\/tillstand-and-tillsyn-tillsyn\/\",\"url\":\"https:\/\/productions2.parkwaylabs.com\/falk\/tillstand-and-tillsyn-tillsyn\/\",\"name\":\"Tillst\u00e5nd och tillsyn - Tillsyn - Falk &amp; Partners\",\"isPartOf\":{\"@id\":\"https:\/\/productions2.parkwaylabs.com\/falk\/#website\"},\"datePublished\":\"2022-11-22T06:02:34+00:00\",\"dateModified\":\"2023-03-02T08:51:21+00:00\",\"breadcrumb\":{\"@id\":\"https:\/\/productions2.parkwaylabs.com\/falk\/tillstand-and-tillsyn-tillsyn\/#breadcrumb\"},\"inLanguage\":\"en-US\",\"potentialAction\":[{\"@type\":\"ReadAction\",\"target\":[\"https:\/\/productions2.parkwaylabs.com\/falk\/tillstand-and-tillsyn-tillsyn\/\"]}]},{\"@type\":\"BreadcrumbList\",\"@id\":\"https:\/\/productions2.parkwaylabs.com\/falk\/tillstand-and-tillsyn-tillsyn\/#breadcrumb\",\"itemListElement\":[{\"@type\":\"ListItem\",\"position\":1,\"name\":\"Home\",\"item\":\"https:\/\/productions2.parkwaylabs.com\/falk\/\"},{\"@type\":\"ListItem\",\"position\":2,\"name\":\"Tillst\u00e5nd och tillsyn &#8211; Tillsyn\"}]},{\"@type\":\"WebSite\",\"@id\":\"https:\/\/productions2.parkwaylabs.com\/falk\/#website\",\"url\":\"https:\/\/productions2.parkwaylabs.com\/falk\/\",\"name\":\"Falk &amp; Partners\",\"description\":\"\",\"publisher\":{\"@id\":\"https:\/\/productions2.parkwaylabs.com\/falk\/#organization\"},\"potentialAction\":[{\"@type\":\"SearchAction\",\"target\":{\"@type\":\"EntryPoint\",\"urlTemplate\":\"https:\/\/productions2.parkwaylabs.com\/falk\/?s={search_term_string}\"},\"query-input\":\"required name=search_term_string\"}],\"inLanguage\":\"en-US\"},{\"@type\":\"Organization\",\"@id\":\"https:\/\/productions2.parkwaylabs.com\/falk\/#organization\",\"name\":\"Falk &amp; Partners\",\"url\":\"https:\/\/productions2.parkwaylabs.com\/falk\/\",\"logo\":{\"@type\":\"ImageObject\",\"inLanguage\":\"en-US\",\"@id\":\"https:\/\/productions2.parkwaylabs.com\/falk\/#\/schema\/logo\/image\/\",\"url\":\"https:\/\/productions2.parkwaylabs.com\/falk\/wp-content\/uploads\/2022\/11\/Logotyp.svg\",\"contentUrl\":\"https:\/\/productions2.parkwaylabs.com\/falk\/wp-content\/uploads\/2022\/11\/Logotyp.svg\",\"width\":162,\"height\":108,\"caption\":\"Falk &amp; Partners\"},\"image\":{\"@id\":\"https:\/\/productions2.parkwaylabs.com\/falk\/#\/schema\/logo\/image\/\"}}]}<\/script>\n<!-- \/ Yoast SEO plugin. -->","yoast_head_json":{"title":"Tillst\u00e5nd och tillsyn - Tillsyn - Falk &amp; Partners","robots":{"index":"index","follow":"follow","max-snippet":"max-snippet:-1","max-image-preview":"max-image-preview:large","max-video-preview":"max-video-preview:-1"},"canonical":"https:\/\/productions2.parkwaylabs.com\/falk\/tillstand-and-tillsyn-tillsyn\/","og_locale":"en_US","og_type":"article","og_title":"Tillst\u00e5nd och tillsyn - Tillsyn - Falk &amp; Partners","og_description":"[vc_row full_width=&#8221;stretch_row_content_no_spaces&#8221; full_height=&#8221;yes&#8221; content_placement=&#8221;middle&#8221; el_class=&#8221;home_main_bl1&#8243; css=&#8221;.vc_custom_1677472738963{background-image: url(https:\/\/productions2.parkwaylabs.com\/falk\/wp-content\/uploads\/2023\/02\/pexels-sora-shimazaki-5668484-1-6.jpg?id=1180) !important;background-position: center !important;background-repeat: no-repeat !important;background-size: cover !important;}&#8221;][vc_column][vc_row_inner][vc_column_inner][\/vc_column_inner][\/vc_row_inner][\/vc_column][\/vc_row][vc_row full_width=&#8221;stretch_row_content&#8221; equal_height=&#8221;yes&#8221; el_class=&#8221;black_mid_bl_style1&#8243; css=&#8221;.vc_custom_1677404523753{background-color: #eae7e2 !important;}&#8221;][vc_column][vc_row_inner][vc_column_inner el_class=&#8221;black_mid_bl_style1_col_1&#8243; width=&#8221;3\/12&#8243;][vc_column_text]Tillst\u00e5nd och Tillsyn[\/vc_column_text][\/vc_column_inner][vc_column_inner el_class=&#8221;black_mid_bl_style1_col_2&#8243; width=&#8221;7\/12&#8243;][vc_column_text]J. Falk &amp; Partners Kapitalf\u00f6rvaltning AB (\u201dFalk &amp; Partners\u201d), org.nr 556737\u20134938, med registrerad adress Skomakaregatan 2, 211 34 Malm\u00f6, Sverige, st\u00e5r under Finansinspektionens tillsyn som distribut\u00f6r av f\u00f6rs\u00e4kringar i enlighet &hellip; Continue reading Tillst\u00e5nd och tillsyn &#8211; Tillsyn","og_url":"https:\/\/productions2.parkwaylabs.com\/falk\/tillstand-and-tillsyn-tillsyn\/","og_site_name":"Falk &amp; Partners","article_modified_time":"2023-03-02T08:51:21+00:00","twitter_card":"summary_large_image","twitter_misc":{"Est. reading time":"4 minutes"},"schema":{"@context":"https:\/\/schema.org","@graph":[{"@type":"WebPage","@id":"https:\/\/productions2.parkwaylabs.com\/falk\/tillstand-and-tillsyn-tillsyn\/","url":"https:\/\/productions2.parkwaylabs.com\/falk\/tillstand-and-tillsyn-tillsyn\/","name":"Tillst\u00e5nd och tillsyn - Tillsyn - Falk &amp; Partners","isPartOf":{"@id":"https:\/\/productions2.parkwaylabs.com\/falk\/#website"},"datePublished":"2022-11-22T06:02:34+00:00","dateModified":"2023-03-02T08:51:21+00:00","breadcrumb":{"@id":"https:\/\/productions2.parkwaylabs.com\/falk\/tillstand-and-tillsyn-tillsyn\/#breadcrumb"},"inLanguage":"en-US","potentialAction":[{"@type":"ReadAction","target":["https:\/\/productions2.parkwaylabs.com\/falk\/tillstand-and-tillsyn-tillsyn\/"]}]},{"@type":"BreadcrumbList","@id":"https:\/\/productions2.parkwaylabs.com\/falk\/tillstand-and-tillsyn-tillsyn\/#breadcrumb","itemListElement":[{"@type":"ListItem","position":1,"name":"Home","item":"https:\/\/productions2.parkwaylabs.com\/falk\/"},{"@type":"ListItem","position":2,"name":"Tillst\u00e5nd och tillsyn &#8211; Tillsyn"}]},{"@type":"WebSite","@id":"https:\/\/productions2.parkwaylabs.com\/falk\/#website","url":"https:\/\/productions2.parkwaylabs.com\/falk\/","name":"Falk &amp; Partners","description":"","publisher":{"@id":"https:\/\/productions2.parkwaylabs.com\/falk\/#organization"},"potentialAction":[{"@type":"SearchAction","target":{"@type":"EntryPoint","urlTemplate":"https:\/\/productions2.parkwaylabs.com\/falk\/?s={search_term_string}"},"query-input":"required name=search_term_string"}],"inLanguage":"en-US"},{"@type":"Organization","@id":"https:\/\/productions2.parkwaylabs.com\/falk\/#organization","name":"Falk &amp; Partners","url":"https:\/\/productions2.parkwaylabs.com\/falk\/","logo":{"@type":"ImageObject","inLanguage":"en-US","@id":"https:\/\/productions2.parkwaylabs.com\/falk\/#\/schema\/logo\/image\/","url":"https:\/\/productions2.parkwaylabs.com\/falk\/wp-content\/uploads\/2022\/11\/Logotyp.svg","contentUrl":"https:\/\/productions2.parkwaylabs.com\/falk\/wp-content\/uploads\/2022\/11\/Logotyp.svg","width":162,"height":108,"caption":"Falk &amp; Partners"},"image":{"@id":"https:\/\/productions2.parkwaylabs.com\/falk\/#\/schema\/logo\/image\/"}}]}},"_links":{"self":[{"href":"https:\/\/productions2.parkwaylabs.com\/falk\/wp-json\/wp\/v2\/pages\/318","targetHints":{"allow":["GET"]}}],"collection":[{"href":"https:\/\/productions2.parkwaylabs.com\/falk\/wp-json\/wp\/v2\/pages"}],"about":[{"href":"https:\/\/productions2.parkwaylabs.com\/falk\/wp-json\/wp\/v2\/types\/page"}],"author":[{"embeddable":true,"href":"https:\/\/productions2.parkwaylabs.com\/falk\/wp-json\/wp\/v2\/users\/1"}],"replies":[{"embeddable":true,"href":"https:\/\/productions2.parkwaylabs.com\/falk\/wp-json\/wp\/v2\/comments?post=318"}],"version-history":[{"count":28,"href":"https:\/\/productions2.parkwaylabs.com\/falk\/wp-json\/wp\/v2\/pages\/318\/revisions"}],"predecessor-version":[{"id":1274,"href":"https:\/\/productions2.parkwaylabs.com\/falk\/wp-json\/wp\/v2\/pages\/318\/revisions\/1274"}],"wp:attachment":[{"href":"https:\/\/productions2.parkwaylabs.com\/falk\/wp-json\/wp\/v2\/media?parent=318"}],"curies":[{"name":"wp","href":"https:\/\/api.w.org\/{rel}","templated":true}]}}