{"id":31,"date":"2022-11-11T07:27:31","date_gmt":"2022-11-11T07:27:31","guid":{"rendered":"https:\/\/productions2.parkwaylabs.com\/falk\/?page_id=31"},"modified":"2023-03-02T15:58:04","modified_gmt":"2023-03-02T15:58:04","slug":"medarbetare","status":"publish","type":"page","link":"https:\/\/productions2.parkwaylabs.com\/falk\/medarbetare\/","title":{"rendered":"Medarbetare"},"content":{"rendered":"<p>[vc_row full_width=&#8221;stretch_row_content_no_spaces&#8221; full_height=&#8221;yes&#8221; content_placement=&#8221;middle&#8221; el_class=&#8221;home_main_bl1&#8243; css=&#8221;.vc_custom_1677772682592{background-image: url(https:\/\/productions2.parkwaylabs.com\/falk\/wp-content\/uploads\/2023\/03\/Falk-Partners-052_Edited_2.jpg?id=1320) !important;background-position: center !important;background-repeat: no-repeat !important;background-size: cover !important;}&#8221;][vc_column][\/vc_column][\/vc_row][vc_row full_width=&#8221;stretch_row_content&#8221; css=&#8221;.vc_custom_1677391667197{background-color: #eae7e2 !important;}&#8221; el_class=&#8221;black_mid_bl_style1&#8243;][vc_column][vc_row_inner][vc_column_inner el_class=&#8221;black_mid_bl_style1_col_1&#8243; width=&#8221;3\/12&#8243;][vc_column_text]Medarbetare[\/vc_column_text][\/vc_column_inner][vc_column_inner el_class=&#8221;med_bl_2_col_2 black_mid_bl_style1_col_2&#8243; width=&#8221;7\/12&#8243;][vc_column_text]Med den samlade kunskapen hos v\u00e5ra v\u00e4lrenommerade r\u00e5dgivare inom alla omr\u00e5den av wealth management mobiliserar vi snabbt r\u00e4tt expertis och erfarenhet f\u00f6r varje uppdrag och kund.[\/vc_column_text][\/vc_column_inner][vc_column_inner width=&#8221;2\/12&#8243;][\/vc_column_inner][\/vc_row_inner][\/vc_column][\/vc_row][vc_row full_width=&#8221;stretch_row_content&#8221; el_class=&#8221;profile_bl_style profile_bl1&#8243;][vc_column width=&#8221;1\/3&#8243;][vc_single_image image=&#8221;1309&#8243; img_size=&#8221;full&#8221; alignment=&#8221;center&#8221;][vc_column_text el_class=&#8221;profile_sty_name&#8221;]<\/p>\n<h4>Pouyan Kasraian<\/h4>\n<p>VD<\/p>\n<p>Head of Wealth Management<\/p>\n<p><a href=\"mailto:pouyan@falkpartners.com\">pouyan@falkpartners.com<\/a>[\/vc_column_text][\/vc_column][vc_column width=&#8221;1\/3&#8243;][vc_single_image image=&#8221;1306&#8243; img_size=&#8221;full&#8221; alignment=&#8221;center&#8221;][vc_column_text el_class=&#8221;profile_sty_name&#8221;]<\/p>\n<h4>Daniel Lindell<\/h4>\n<p>Vice VD<\/p>\n<p>Head of Employee Benefits<\/p>\n<p><a href=\"mailto:daniel.lindell@falkpartners.se\">daniel.lindell@falkpartners.se<\/a>[\/vc_column_text][\/vc_column][vc_column width=&#8221;1\/3&#8243;][vc_single_image image=&#8221;1305&#8243; img_size=&#8221;full&#8221; alignment=&#8221;center&#8221;][vc_column_text el_class=&#8221;profile_sty_name&#8221;]<\/p>\n<h4>Mathias Forsberg<\/h4>\n<p>Head of Asset Management<\/p>\n<p><a href=\"mailto:mathias.forsberg@falkpartners.se\">mathias.forsberg@falkpartners.se<\/a>[\/vc_column_text][\/vc_column][\/vc_row][vc_row full_width=&#8221;stretch_row_content&#8221; el_class=&#8221;profile_bl_style profile_bl2&#8243;][vc_column width=&#8221;1\/3&#8243;][vc_single_image image=&#8221;1303&#8243; img_size=&#8221;full&#8221; alignment=&#8221;center&#8221;][vc_column_text el_class=&#8221;profile_sty_name&#8221;]<\/p>\n<h4>Arthur Reglund<\/h4>\n<p>Head of Advisory<\/p>\n<p><a href=\"mailto:arthur.reglund@falkpartners.se\">arthur.reglund@falkpartners.se<\/a>[\/vc_column_text][\/vc_column][vc_column width=&#8221;1\/3&#8243;][vc_single_image image=&#8221;1313&#8243; img_size=&#8221;full&#8221; alignment=&#8221;center&#8221;][vc_column_text el_class=&#8221;profile_sty_name&#8221;]<\/p>\n<h4>Christina Blanke<\/h4>\n<p>Head of Administration<\/p>\n<p><a href=\"mailto:christina.blanke@falkpartners.se\">christina.blanke@falkpartners.se<\/a>[\/vc_column_text][\/vc_column][vc_column width=&#8221;1\/3&#8243;][vc_single_image image=&#8221;1311&#8243; img_size=&#8221;full&#8221; alignment=&#8221;center&#8221;][vc_column_text el_class=&#8221;profile_sty_name&#8221;]<\/p>\n<h4>Eric Schunnesson<\/h4>\n<p>Marketing[\/vc_column_text][\/vc_column][\/vc_row]<\/p>\n","protected":false},"excerpt":{"rendered":"<p>[vc_row full_width=&#8221;stretch_row_content_no_spaces&#8221; full_height=&#8221;yes&#8221; content_placement=&#8221;middle&#8221; el_class=&#8221;home_main_bl1&#8243; css=&#8221;.vc_custom_1677772682592{background-image: url(https:\/\/productions2.parkwaylabs.com\/falk\/wp-content\/uploads\/2023\/03\/Falk-Partners-052_Edited_2.jpg?id=1320) !important;background-position: center !important;background-repeat: no-repeat !important;background-size: cover !important;}&#8221;][vc_column][\/vc_column][\/vc_row][vc_row full_width=&#8221;stretch_row_content&#8221; css=&#8221;.vc_custom_1677391667197{background-color: #eae7e2 !important;}&#8221; el_class=&#8221;black_mid_bl_style1&#8243;][vc_column][vc_row_inner][vc_column_inner el_class=&#8221;black_mid_bl_style1_col_1&#8243; width=&#8221;3\/12&#8243;][vc_column_text]Medarbetare[\/vc_column_text][\/vc_column_inner][vc_column_inner el_class=&#8221;med_bl_2_col_2 black_mid_bl_style1_col_2&#8243; width=&#8221;7\/12&#8243;][vc_column_text]Med den samlade kunskapen hos v\u00e5ra v\u00e4lrenommerade r\u00e5dgivare inom alla omr\u00e5den av wealth management mobiliserar vi snabbt r\u00e4tt expertis och erfarenhet f\u00f6r varje uppdrag och kund.[\/vc_column_text][\/vc_column_inner][vc_column_inner width=&#8221;2\/12&#8243;][\/vc_column_inner][\/vc_row_inner][\/vc_column][\/vc_row][vc_row full_width=&#8221;stretch_row_content&#8221; el_class=&#8221;profile_bl_style profile_bl1&#8243;][vc_column width=&#8221;1\/3&#8243;][vc_single_image image=&#8221;1309&#8243; &hellip; <a href=\"https:\/\/productions2.parkwaylabs.com\/falk\/medarbetare\/\" class=\"more-link\">Continue reading <span class=\"screen-reader-text\">Medarbetare<\/span><\/a><\/p>\n","protected":false},"author":1,"featured_media":0,"parent":0,"menu_order":0,"comment_status":"closed","ping_status":"closed","template":"","meta":{"inline_featured_image":false,"footnotes":""},"class_list":["post-31","page","type-page","status-publish","hentry"],"acf":[],"yoast_head":"<!-- This site is optimized with the Yoast SEO plugin v20.9 - https:\/\/yoast.com\/wordpress\/plugins\/seo\/ -->\n<title>Medarbetare - Falk &amp; Partners<\/title>\n<meta name=\"robots\" content=\"index, follow, max-snippet:-1, max-image-preview:large, max-video-preview:-1\" \/>\n<link rel=\"canonical\" href=\"https:\/\/productions2.parkwaylabs.com\/falk\/medarbetare\/\" \/>\n<meta property=\"og:locale\" content=\"en_US\" \/>\n<meta property=\"og:type\" content=\"article\" \/>\n<meta property=\"og:title\" content=\"Medarbetare - Falk &amp; Partners\" \/>\n<meta property=\"og:description\" content=\"[vc_row full_width=&#8221;stretch_row_content_no_spaces&#8221; full_height=&#8221;yes&#8221; content_placement=&#8221;middle&#8221; el_class=&#8221;home_main_bl1&#8243; css=&#8221;.vc_custom_1677772682592{background-image: url(https:\/\/productions2.parkwaylabs.com\/falk\/wp-content\/uploads\/2023\/03\/Falk-Partners-052_Edited_2.jpg?id=1320) !important;background-position: center !important;background-repeat: no-repeat !important;background-size: cover !important;}&#8221;][vc_column][\/vc_column][\/vc_row][vc_row full_width=&#8221;stretch_row_content&#8221; css=&#8221;.vc_custom_1677391667197{background-color: #eae7e2 !important;}&#8221; el_class=&#8221;black_mid_bl_style1&#8243;][vc_column][vc_row_inner][vc_column_inner el_class=&#8221;black_mid_bl_style1_col_1&#8243; width=&#8221;3\/12&#8243;][vc_column_text]Medarbetare[\/vc_column_text][\/vc_column_inner][vc_column_inner el_class=&#8221;med_bl_2_col_2 black_mid_bl_style1_col_2&#8243; width=&#8221;7\/12&#8243;][vc_column_text]Med den samlade kunskapen hos v\u00e5ra v\u00e4lrenommerade r\u00e5dgivare inom alla omr\u00e5den av wealth management mobiliserar vi snabbt r\u00e4tt expertis och erfarenhet f\u00f6r varje uppdrag och kund.[\/vc_column_text][\/vc_column_inner][vc_column_inner width=&#8221;2\/12&#8243;][\/vc_column_inner][\/vc_row_inner][\/vc_column][\/vc_row][vc_row full_width=&#8221;stretch_row_content&#8221; el_class=&#8221;profile_bl_style profile_bl1&#8243;][vc_column width=&#8221;1\/3&#8243;][vc_single_image image=&#8221;1309&#8243; &hellip; Continue reading Medarbetare\" \/>\n<meta property=\"og:url\" content=\"https:\/\/productions2.parkwaylabs.com\/falk\/medarbetare\/\" \/>\n<meta property=\"og:site_name\" content=\"Falk &amp; Partners\" \/>\n<meta property=\"article:modified_time\" content=\"2023-03-02T15:58:04+00:00\" \/>\n<meta name=\"twitter:card\" content=\"summary_large_image\" \/>\n<meta name=\"twitter:label1\" content=\"Est. reading time\" \/>\n\t<meta name=\"twitter:data1\" content=\"2 minutes\" \/>\n<script type=\"application\/ld+json\" class=\"yoast-schema-graph\">{\"@context\":\"https:\/\/schema.org\",\"@graph\":[{\"@type\":\"WebPage\",\"@id\":\"https:\/\/productions2.parkwaylabs.com\/falk\/medarbetare\/\",\"url\":\"https:\/\/productions2.parkwaylabs.com\/falk\/medarbetare\/\",\"name\":\"Medarbetare - Falk &amp; Partners\",\"isPartOf\":{\"@id\":\"https:\/\/productions2.parkwaylabs.com\/falk\/#website\"},\"datePublished\":\"2022-11-11T07:27:31+00:00\",\"dateModified\":\"2023-03-02T15:58:04+00:00\",\"breadcrumb\":{\"@id\":\"https:\/\/productions2.parkwaylabs.com\/falk\/medarbetare\/#breadcrumb\"},\"inLanguage\":\"en-US\",\"potentialAction\":[{\"@type\":\"ReadAction\",\"target\":[\"https:\/\/productions2.parkwaylabs.com\/falk\/medarbetare\/\"]}]},{\"@type\":\"BreadcrumbList\",\"@id\":\"https:\/\/productions2.parkwaylabs.com\/falk\/medarbetare\/#breadcrumb\",\"itemListElement\":[{\"@type\":\"ListItem\",\"position\":1,\"name\":\"Home\",\"item\":\"https:\/\/productions2.parkwaylabs.com\/falk\/\"},{\"@type\":\"ListItem\",\"position\":2,\"name\":\"Medarbetare\"}]},{\"@type\":\"WebSite\",\"@id\":\"https:\/\/productions2.parkwaylabs.com\/falk\/#website\",\"url\":\"https:\/\/productions2.parkwaylabs.com\/falk\/\",\"name\":\"Falk &amp; Partners\",\"description\":\"\",\"publisher\":{\"@id\":\"https:\/\/productions2.parkwaylabs.com\/falk\/#organization\"},\"potentialAction\":[{\"@type\":\"SearchAction\",\"target\":{\"@type\":\"EntryPoint\",\"urlTemplate\":\"https:\/\/productions2.parkwaylabs.com\/falk\/?s={search_term_string}\"},\"query-input\":\"required name=search_term_string\"}],\"inLanguage\":\"en-US\"},{\"@type\":\"Organization\",\"@id\":\"https:\/\/productions2.parkwaylabs.com\/falk\/#organization\",\"name\":\"Falk &amp; Partners\",\"url\":\"https:\/\/productions2.parkwaylabs.com\/falk\/\",\"logo\":{\"@type\":\"ImageObject\",\"inLanguage\":\"en-US\",\"@id\":\"https:\/\/productions2.parkwaylabs.com\/falk\/#\/schema\/logo\/image\/\",\"url\":\"https:\/\/productions2.parkwaylabs.com\/falk\/wp-content\/uploads\/2022\/11\/Logotyp.svg\",\"contentUrl\":\"https:\/\/productions2.parkwaylabs.com\/falk\/wp-content\/uploads\/2022\/11\/Logotyp.svg\",\"width\":162,\"height\":108,\"caption\":\"Falk &amp; Partners\"},\"image\":{\"@id\":\"https:\/\/productions2.parkwaylabs.com\/falk\/#\/schema\/logo\/image\/\"}}]}<\/script>\n<!-- \/ Yoast SEO plugin. -->","yoast_head_json":{"title":"Medarbetare - Falk &amp; Partners","robots":{"index":"index","follow":"follow","max-snippet":"max-snippet:-1","max-image-preview":"max-image-preview:large","max-video-preview":"max-video-preview:-1"},"canonical":"https:\/\/productions2.parkwaylabs.com\/falk\/medarbetare\/","og_locale":"en_US","og_type":"article","og_title":"Medarbetare - Falk &amp; Partners","og_description":"[vc_row full_width=&#8221;stretch_row_content_no_spaces&#8221; full_height=&#8221;yes&#8221; content_placement=&#8221;middle&#8221; el_class=&#8221;home_main_bl1&#8243; css=&#8221;.vc_custom_1677772682592{background-image: url(https:\/\/productions2.parkwaylabs.com\/falk\/wp-content\/uploads\/2023\/03\/Falk-Partners-052_Edited_2.jpg?id=1320) !important;background-position: center !important;background-repeat: no-repeat !important;background-size: cover !important;}&#8221;][vc_column][\/vc_column][\/vc_row][vc_row full_width=&#8221;stretch_row_content&#8221; css=&#8221;.vc_custom_1677391667197{background-color: #eae7e2 !important;}&#8221; el_class=&#8221;black_mid_bl_style1&#8243;][vc_column][vc_row_inner][vc_column_inner el_class=&#8221;black_mid_bl_style1_col_1&#8243; width=&#8221;3\/12&#8243;][vc_column_text]Medarbetare[\/vc_column_text][\/vc_column_inner][vc_column_inner el_class=&#8221;med_bl_2_col_2 black_mid_bl_style1_col_2&#8243; width=&#8221;7\/12&#8243;][vc_column_text]Med den samlade kunskapen hos v\u00e5ra v\u00e4lrenommerade r\u00e5dgivare inom alla omr\u00e5den av wealth management mobiliserar vi snabbt r\u00e4tt expertis och erfarenhet f\u00f6r varje uppdrag och kund.[\/vc_column_text][\/vc_column_inner][vc_column_inner width=&#8221;2\/12&#8243;][\/vc_column_inner][\/vc_row_inner][\/vc_column][\/vc_row][vc_row full_width=&#8221;stretch_row_content&#8221; el_class=&#8221;profile_bl_style profile_bl1&#8243;][vc_column width=&#8221;1\/3&#8243;][vc_single_image image=&#8221;1309&#8243; &hellip; Continue reading Medarbetare","og_url":"https:\/\/productions2.parkwaylabs.com\/falk\/medarbetare\/","og_site_name":"Falk &amp; Partners","article_modified_time":"2023-03-02T15:58:04+00:00","twitter_card":"summary_large_image","twitter_misc":{"Est. reading time":"2 minutes"},"schema":{"@context":"https:\/\/schema.org","@graph":[{"@type":"WebPage","@id":"https:\/\/productions2.parkwaylabs.com\/falk\/medarbetare\/","url":"https:\/\/productions2.parkwaylabs.com\/falk\/medarbetare\/","name":"Medarbetare - Falk &amp; Partners","isPartOf":{"@id":"https:\/\/productions2.parkwaylabs.com\/falk\/#website"},"datePublished":"2022-11-11T07:27:31+00:00","dateModified":"2023-03-02T15:58:04+00:00","breadcrumb":{"@id":"https:\/\/productions2.parkwaylabs.com\/falk\/medarbetare\/#breadcrumb"},"inLanguage":"en-US","potentialAction":[{"@type":"ReadAction","target":["https:\/\/productions2.parkwaylabs.com\/falk\/medarbetare\/"]}]},{"@type":"BreadcrumbList","@id":"https:\/\/productions2.parkwaylabs.com\/falk\/medarbetare\/#breadcrumb","itemListElement":[{"@type":"ListItem","position":1,"name":"Home","item":"https:\/\/productions2.parkwaylabs.com\/falk\/"},{"@type":"ListItem","position":2,"name":"Medarbetare"}]},{"@type":"WebSite","@id":"https:\/\/productions2.parkwaylabs.com\/falk\/#website","url":"https:\/\/productions2.parkwaylabs.com\/falk\/","name":"Falk &amp; Partners","description":"","publisher":{"@id":"https:\/\/productions2.parkwaylabs.com\/falk\/#organization"},"potentialAction":[{"@type":"SearchAction","target":{"@type":"EntryPoint","urlTemplate":"https:\/\/productions2.parkwaylabs.com\/falk\/?s={search_term_string}"},"query-input":"required name=search_term_string"}],"inLanguage":"en-US"},{"@type":"Organization","@id":"https:\/\/productions2.parkwaylabs.com\/falk\/#organization","name":"Falk &amp; Partners","url":"https:\/\/productions2.parkwaylabs.com\/falk\/","logo":{"@type":"ImageObject","inLanguage":"en-US","@id":"https:\/\/productions2.parkwaylabs.com\/falk\/#\/schema\/logo\/image\/","url":"https:\/\/productions2.parkwaylabs.com\/falk\/wp-content\/uploads\/2022\/11\/Logotyp.svg","contentUrl":"https:\/\/productions2.parkwaylabs.com\/falk\/wp-content\/uploads\/2022\/11\/Logotyp.svg","width":162,"height":108,"caption":"Falk &amp; Partners"},"image":{"@id":"https:\/\/productions2.parkwaylabs.com\/falk\/#\/schema\/logo\/image\/"}}]}},"_links":{"self":[{"href":"https:\/\/productions2.parkwaylabs.com\/falk\/wp-json\/wp\/v2\/pages\/31","targetHints":{"allow":["GET"]}}],"collection":[{"href":"https:\/\/productions2.parkwaylabs.com\/falk\/wp-json\/wp\/v2\/pages"}],"about":[{"href":"https:\/\/productions2.parkwaylabs.com\/falk\/wp-json\/wp\/v2\/types\/page"}],"author":[{"embeddable":true,"href":"https:\/\/productions2.parkwaylabs.com\/falk\/wp-json\/wp\/v2\/users\/1"}],"replies":[{"embeddable":true,"href":"https:\/\/productions2.parkwaylabs.com\/falk\/wp-json\/wp\/v2\/comments?post=31"}],"version-history":[{"count":84,"href":"https:\/\/productions2.parkwaylabs.com\/falk\/wp-json\/wp\/v2\/pages\/31\/revisions"}],"predecessor-version":[{"id":1322,"href":"https:\/\/productions2.parkwaylabs.com\/falk\/wp-json\/wp\/v2\/pages\/31\/revisions\/1322"}],"wp:attachment":[{"href":"https:\/\/productions2.parkwaylabs.com\/falk\/wp-json\/wp\/v2\/media?parent=31"}],"curies":[{"name":"wp","href":"https:\/\/api.w.org\/{rel}","templated":true}]}}