{"id":303,"date":"2022-11-22T05:30:56","date_gmt":"2022-11-22T05:30:56","guid":{"rendered":"https:\/\/productions2.parkwaylabs.com\/falk\/?page_id=303"},"modified":"2023-03-02T09:06:25","modified_gmt":"2023-03-02T09:06:25","slug":"hallbarhet-allmanna-utgangspunkter","status":"publish","type":"page","link":"https:\/\/productions2.parkwaylabs.com\/falk\/hallbarhet-allmanna-utgangspunkter\/","title":{"rendered":"H\u00e5llbarhet &#8211; Allm\u00e4nna utg\u00e5ngspunkter"},"content":{"rendered":"<p>[vc_row full_width=&#8221;stretch_row_content_no_spaces&#8221; full_height=&#8221;yes&#8221; content_placement=&#8221;middle&#8221; el_class=&#8221;home_main_bl1&#8243; css=&#8221;.vc_custom_1677472069208{background-image: url(https:\/\/productions2.parkwaylabs.com\/falk\/wp-content\/uploads\/2023\/02\/pexels-sora-shimazaki-5668484-1-5.jpg?id=1172) !important;background-position: center !important;background-repeat: no-repeat !important;background-size: cover !important;}&#8221;][vc_column][vc_row_inner][vc_column_inner][\/vc_column_inner][\/vc_row_inner][\/vc_column][\/vc_row][vc_row full_width=&#8221;stretch_row_content&#8221; equal_height=&#8221;yes&#8221; el_class=&#8221;black_mid_bl_style1&#8243; css=&#8221;.vc_custom_1677404523753{background-color: #eae7e2 !important;}&#8221;][vc_column][vc_row_inner][vc_column_inner el_class=&#8221;black_mid_bl_style1_col_1&#8243; width=&#8221;3\/12&#8243;][vc_column_text]H\u00e5llbarhet[\/vc_column_text][\/vc_column_inner][vc_column_inner el_class=&#8221;black_mid_bl_style1_col_2&#8243; width=&#8221;7\/12&#8243;][vc_column_text]Lorem ipsum dolor sit amet, consectetur adipiscing elit, sed do eiusmod tempor incididunt ut labore et dolore magna aliqua. Tristique senectus et netus et. Risus at ultrices mi tempus.[\/vc_column_text][\/vc_column_inner][vc_column_inner width=&#8221;2\/12&#8243;][\/vc_column_inner][\/vc_row_inner][\/vc_column][\/vc_row][vc_row full_width=&#8221;stretch_row_content&#8221; el_class=&#8221;three_col_cont_link_bl three_col_cont_link_bl_sty_2 affr_bl_2&#8243;][vc_column width=&#8221;1\/4&#8243; el_class=&#8221;three_col_cont_link_bl_col_1&#8243;][vc_column_text el_class=&#8221;three_col_cont_link_bl_col_1_ttl&#8221;]H\u00e5llbarhet[\/vc_column_text][\/vc_column][vc_column width=&#8221;1\/2&#8243; el_class=&#8221;three_col_cont_link_bl_col_2&#8243;][vc_column_text el_class=&#8221;three_col_cont_link_bl_col_2_bl_cont&#8221;]Lorem ipsum dolor sit amet, consectetur adipiscing elit, sed do eiusmod tempor incididunt ut labore et dolore magna aliqua. Tristique senectus et netus et. Risus at ultrices mi tempus.[\/vc_column_text][\/vc_column][vc_column width=&#8221;1\/4&#8243; el_class=&#8221;three_col_cont_link_bl_col_3&#8243;][vc_column_text el_class=&#8221;three_col_cont_link_bl_col_3_link_txt scroll_bl&#8221;]<a class=\"highlight_link\" href=\"https:\/\/productions2.parkwaylabs.com\/falk\/hallbarhet-allmanna-utgangspunkter\/\">Allm\u00e4nna utg\u00e5ngspunkter<\/a><br \/>\n<a href=\"https:\/\/productions2.parkwaylabs.com\/falk\/hallbarhet-hallbar-verksamhet\/\">H\u00e5llbar verksamhet<\/a><br \/>\n<a href=\"https:\/\/productions2.parkwaylabs.com\/falk\/hallbarhet-socialt-ansvarstagande\/\">Socialt ansvarstagande<\/a>[\/vc_column_text][\/vc_column][\/vc_row][vc_row full_width=&#8221;stretch_row_content&#8221;][vc_column width=&#8221;3\/4&#8243;][vc_single_image image=&#8221;1143&#8243; img_size=&#8221;full&#8221; el_class=&#8221;affImage&#8221;][\/vc_column][vc_column width=&#8221;1\/4&#8243;][\/vc_column][\/vc_row]<\/p>\n","protected":false},"excerpt":{"rendered":"<p>[vc_row full_width=&#8221;stretch_row_content_no_spaces&#8221; full_height=&#8221;yes&#8221; content_placement=&#8221;middle&#8221; el_class=&#8221;home_main_bl1&#8243; css=&#8221;.vc_custom_1677472069208{background-image: url(https:\/\/productions2.parkwaylabs.com\/falk\/wp-content\/uploads\/2023\/02\/pexels-sora-shimazaki-5668484-1-5.jpg?id=1172) !important;background-position: center !important;background-repeat: no-repeat !important;background-size: cover !important;}&#8221;][vc_column][vc_row_inner][vc_column_inner][\/vc_column_inner][\/vc_row_inner][\/vc_column][\/vc_row][vc_row full_width=&#8221;stretch_row_content&#8221; equal_height=&#8221;yes&#8221; el_class=&#8221;black_mid_bl_style1&#8243; css=&#8221;.vc_custom_1677404523753{background-color: #eae7e2 !important;}&#8221;][vc_column][vc_row_inner][vc_column_inner el_class=&#8221;black_mid_bl_style1_col_1&#8243; width=&#8221;3\/12&#8243;][vc_column_text]H\u00e5llbarhet[\/vc_column_text][\/vc_column_inner][vc_column_inner el_class=&#8221;black_mid_bl_style1_col_2&#8243; width=&#8221;7\/12&#8243;][vc_column_text]Lorem ipsum dolor sit amet, consectetur adipiscing elit, sed do eiusmod tempor incididunt ut labore et dolore magna aliqua. Tristique senectus et netus et. Risus at ultrices mi tempus.[\/vc_column_text][\/vc_column_inner][vc_column_inner width=&#8221;2\/12&#8243;][\/vc_column_inner][\/vc_row_inner][\/vc_column][\/vc_row][vc_row full_width=&#8221;stretch_row_content&#8221; el_class=&#8221;three_col_cont_link_bl &hellip; <a href=\"https:\/\/productions2.parkwaylabs.com\/falk\/hallbarhet-allmanna-utgangspunkter\/\" class=\"more-link\">Continue reading <span class=\"screen-reader-text\">H\u00e5llbarhet &#8211; Allm\u00e4nna utg\u00e5ngspunkter<\/span><\/a><\/p>\n","protected":false},"author":1,"featured_media":0,"parent":0,"menu_order":0,"comment_status":"closed","ping_status":"closed","template":"","meta":{"inline_featured_image":false,"footnotes":""},"class_list":["post-303","page","type-page","status-publish","hentry"],"acf":[],"yoast_head":"<!-- This site is optimized with the Yoast SEO plugin v20.9 - https:\/\/yoast.com\/wordpress\/plugins\/seo\/ -->\n<title>H\u00e5llbarhet - Allm\u00e4nna utg\u00e5ngspunkter - Falk &amp; Partners<\/title>\n<meta name=\"robots\" content=\"index, follow, max-snippet:-1, max-image-preview:large, max-video-preview:-1\" \/>\n<link rel=\"canonical\" href=\"https:\/\/productions2.parkwaylabs.com\/falk\/hallbarhet-allmanna-utgangspunkter\/\" \/>\n<meta property=\"og:locale\" content=\"en_US\" \/>\n<meta property=\"og:type\" content=\"article\" \/>\n<meta property=\"og:title\" content=\"H\u00e5llbarhet - Allm\u00e4nna utg\u00e5ngspunkter - Falk &amp; Partners\" \/>\n<meta property=\"og:description\" content=\"[vc_row full_width=&#8221;stretch_row_content_no_spaces&#8221; full_height=&#8221;yes&#8221; content_placement=&#8221;middle&#8221; el_class=&#8221;home_main_bl1&#8243; css=&#8221;.vc_custom_1677472069208{background-image: url(https:\/\/productions2.parkwaylabs.com\/falk\/wp-content\/uploads\/2023\/02\/pexels-sora-shimazaki-5668484-1-5.jpg?id=1172) !important;background-position: center !important;background-repeat: no-repeat !important;background-size: cover !important;}&#8221;][vc_column][vc_row_inner][vc_column_inner][\/vc_column_inner][\/vc_row_inner][\/vc_column][\/vc_row][vc_row full_width=&#8221;stretch_row_content&#8221; equal_height=&#8221;yes&#8221; el_class=&#8221;black_mid_bl_style1&#8243; css=&#8221;.vc_custom_1677404523753{background-color: #eae7e2 !important;}&#8221;][vc_column][vc_row_inner][vc_column_inner el_class=&#8221;black_mid_bl_style1_col_1&#8243; width=&#8221;3\/12&#8243;][vc_column_text]H\u00e5llbarhet[\/vc_column_text][\/vc_column_inner][vc_column_inner el_class=&#8221;black_mid_bl_style1_col_2&#8243; width=&#8221;7\/12&#8243;][vc_column_text]Lorem ipsum dolor sit amet, consectetur adipiscing elit, sed do eiusmod tempor incididunt ut labore et dolore magna aliqua. Tristique senectus et netus et. Risus at ultrices mi tempus.[\/vc_column_text][\/vc_column_inner][vc_column_inner width=&#8221;2\/12&#8243;][\/vc_column_inner][\/vc_row_inner][\/vc_column][\/vc_row][vc_row full_width=&#8221;stretch_row_content&#8221; el_class=&#8221;three_col_cont_link_bl &hellip; Continue reading H\u00e5llbarhet &#8211; Allm\u00e4nna utg\u00e5ngspunkter\" \/>\n<meta property=\"og:url\" content=\"https:\/\/productions2.parkwaylabs.com\/falk\/hallbarhet-allmanna-utgangspunkter\/\" \/>\n<meta property=\"og:site_name\" content=\"Falk &amp; Partners\" \/>\n<meta property=\"article:modified_time\" content=\"2023-03-02T09:06:25+00:00\" \/>\n<meta name=\"twitter:card\" content=\"summary_large_image\" \/>\n<meta name=\"twitter:label1\" content=\"Est. reading time\" \/>\n\t<meta name=\"twitter:data1\" content=\"2 minutes\" \/>\n<script type=\"application\/ld+json\" class=\"yoast-schema-graph\">{\"@context\":\"https:\/\/schema.org\",\"@graph\":[{\"@type\":\"WebPage\",\"@id\":\"https:\/\/productions2.parkwaylabs.com\/falk\/hallbarhet-allmanna-utgangspunkter\/\",\"url\":\"https:\/\/productions2.parkwaylabs.com\/falk\/hallbarhet-allmanna-utgangspunkter\/\",\"name\":\"H\u00e5llbarhet - Allm\u00e4nna utg\u00e5ngspunkter - Falk &amp; Partners\",\"isPartOf\":{\"@id\":\"https:\/\/productions2.parkwaylabs.com\/falk\/#website\"},\"datePublished\":\"2022-11-22T05:30:56+00:00\",\"dateModified\":\"2023-03-02T09:06:25+00:00\",\"breadcrumb\":{\"@id\":\"https:\/\/productions2.parkwaylabs.com\/falk\/hallbarhet-allmanna-utgangspunkter\/#breadcrumb\"},\"inLanguage\":\"en-US\",\"potentialAction\":[{\"@type\":\"ReadAction\",\"target\":[\"https:\/\/productions2.parkwaylabs.com\/falk\/hallbarhet-allmanna-utgangspunkter\/\"]}]},{\"@type\":\"BreadcrumbList\",\"@id\":\"https:\/\/productions2.parkwaylabs.com\/falk\/hallbarhet-allmanna-utgangspunkter\/#breadcrumb\",\"itemListElement\":[{\"@type\":\"ListItem\",\"position\":1,\"name\":\"Home\",\"item\":\"https:\/\/productions2.parkwaylabs.com\/falk\/\"},{\"@type\":\"ListItem\",\"position\":2,\"name\":\"H\u00e5llbarhet &#8211; Allm\u00e4nna utg\u00e5ngspunkter\"}]},{\"@type\":\"WebSite\",\"@id\":\"https:\/\/productions2.parkwaylabs.com\/falk\/#website\",\"url\":\"https:\/\/productions2.parkwaylabs.com\/falk\/\",\"name\":\"Falk &amp; Partners\",\"description\":\"\",\"publisher\":{\"@id\":\"https:\/\/productions2.parkwaylabs.com\/falk\/#organization\"},\"potentialAction\":[{\"@type\":\"SearchAction\",\"target\":{\"@type\":\"EntryPoint\",\"urlTemplate\":\"https:\/\/productions2.parkwaylabs.com\/falk\/?s={search_term_string}\"},\"query-input\":\"required name=search_term_string\"}],\"inLanguage\":\"en-US\"},{\"@type\":\"Organization\",\"@id\":\"https:\/\/productions2.parkwaylabs.com\/falk\/#organization\",\"name\":\"Falk &amp; Partners\",\"url\":\"https:\/\/productions2.parkwaylabs.com\/falk\/\",\"logo\":{\"@type\":\"ImageObject\",\"inLanguage\":\"en-US\",\"@id\":\"https:\/\/productions2.parkwaylabs.com\/falk\/#\/schema\/logo\/image\/\",\"url\":\"https:\/\/productions2.parkwaylabs.com\/falk\/wp-content\/uploads\/2022\/11\/Logotyp.svg\",\"contentUrl\":\"https:\/\/productions2.parkwaylabs.com\/falk\/wp-content\/uploads\/2022\/11\/Logotyp.svg\",\"width\":162,\"height\":108,\"caption\":\"Falk &amp; Partners\"},\"image\":{\"@id\":\"https:\/\/productions2.parkwaylabs.com\/falk\/#\/schema\/logo\/image\/\"}}]}<\/script>\n<!-- \/ Yoast SEO plugin. -->","yoast_head_json":{"title":"H\u00e5llbarhet - Allm\u00e4nna utg\u00e5ngspunkter - Falk &amp; Partners","robots":{"index":"index","follow":"follow","max-snippet":"max-snippet:-1","max-image-preview":"max-image-preview:large","max-video-preview":"max-video-preview:-1"},"canonical":"https:\/\/productions2.parkwaylabs.com\/falk\/hallbarhet-allmanna-utgangspunkter\/","og_locale":"en_US","og_type":"article","og_title":"H\u00e5llbarhet - Allm\u00e4nna utg\u00e5ngspunkter - Falk &amp; Partners","og_description":"[vc_row full_width=&#8221;stretch_row_content_no_spaces&#8221; full_height=&#8221;yes&#8221; content_placement=&#8221;middle&#8221; el_class=&#8221;home_main_bl1&#8243; css=&#8221;.vc_custom_1677472069208{background-image: url(https:\/\/productions2.parkwaylabs.com\/falk\/wp-content\/uploads\/2023\/02\/pexels-sora-shimazaki-5668484-1-5.jpg?id=1172) !important;background-position: center !important;background-repeat: no-repeat !important;background-size: cover !important;}&#8221;][vc_column][vc_row_inner][vc_column_inner][\/vc_column_inner][\/vc_row_inner][\/vc_column][\/vc_row][vc_row full_width=&#8221;stretch_row_content&#8221; equal_height=&#8221;yes&#8221; el_class=&#8221;black_mid_bl_style1&#8243; css=&#8221;.vc_custom_1677404523753{background-color: #eae7e2 !important;}&#8221;][vc_column][vc_row_inner][vc_column_inner el_class=&#8221;black_mid_bl_style1_col_1&#8243; width=&#8221;3\/12&#8243;][vc_column_text]H\u00e5llbarhet[\/vc_column_text][\/vc_column_inner][vc_column_inner el_class=&#8221;black_mid_bl_style1_col_2&#8243; width=&#8221;7\/12&#8243;][vc_column_text]Lorem ipsum dolor sit amet, consectetur adipiscing elit, sed do eiusmod tempor incididunt ut labore et dolore magna aliqua. Tristique senectus et netus et. Risus at ultrices mi tempus.[\/vc_column_text][\/vc_column_inner][vc_column_inner width=&#8221;2\/12&#8243;][\/vc_column_inner][\/vc_row_inner][\/vc_column][\/vc_row][vc_row full_width=&#8221;stretch_row_content&#8221; el_class=&#8221;three_col_cont_link_bl &hellip; Continue reading H\u00e5llbarhet &#8211; Allm\u00e4nna utg\u00e5ngspunkter","og_url":"https:\/\/productions2.parkwaylabs.com\/falk\/hallbarhet-allmanna-utgangspunkter\/","og_site_name":"Falk &amp; Partners","article_modified_time":"2023-03-02T09:06:25+00:00","twitter_card":"summary_large_image","twitter_misc":{"Est. reading time":"2 minutes"},"schema":{"@context":"https:\/\/schema.org","@graph":[{"@type":"WebPage","@id":"https:\/\/productions2.parkwaylabs.com\/falk\/hallbarhet-allmanna-utgangspunkter\/","url":"https:\/\/productions2.parkwaylabs.com\/falk\/hallbarhet-allmanna-utgangspunkter\/","name":"H\u00e5llbarhet - Allm\u00e4nna utg\u00e5ngspunkter - Falk &amp; Partners","isPartOf":{"@id":"https:\/\/productions2.parkwaylabs.com\/falk\/#website"},"datePublished":"2022-11-22T05:30:56+00:00","dateModified":"2023-03-02T09:06:25+00:00","breadcrumb":{"@id":"https:\/\/productions2.parkwaylabs.com\/falk\/hallbarhet-allmanna-utgangspunkter\/#breadcrumb"},"inLanguage":"en-US","potentialAction":[{"@type":"ReadAction","target":["https:\/\/productions2.parkwaylabs.com\/falk\/hallbarhet-allmanna-utgangspunkter\/"]}]},{"@type":"BreadcrumbList","@id":"https:\/\/productions2.parkwaylabs.com\/falk\/hallbarhet-allmanna-utgangspunkter\/#breadcrumb","itemListElement":[{"@type":"ListItem","position":1,"name":"Home","item":"https:\/\/productions2.parkwaylabs.com\/falk\/"},{"@type":"ListItem","position":2,"name":"H\u00e5llbarhet &#8211; Allm\u00e4nna utg\u00e5ngspunkter"}]},{"@type":"WebSite","@id":"https:\/\/productions2.parkwaylabs.com\/falk\/#website","url":"https:\/\/productions2.parkwaylabs.com\/falk\/","name":"Falk &amp; Partners","description":"","publisher":{"@id":"https:\/\/productions2.parkwaylabs.com\/falk\/#organization"},"potentialAction":[{"@type":"SearchAction","target":{"@type":"EntryPoint","urlTemplate":"https:\/\/productions2.parkwaylabs.com\/falk\/?s={search_term_string}"},"query-input":"required name=search_term_string"}],"inLanguage":"en-US"},{"@type":"Organization","@id":"https:\/\/productions2.parkwaylabs.com\/falk\/#organization","name":"Falk &amp; Partners","url":"https:\/\/productions2.parkwaylabs.com\/falk\/","logo":{"@type":"ImageObject","inLanguage":"en-US","@id":"https:\/\/productions2.parkwaylabs.com\/falk\/#\/schema\/logo\/image\/","url":"https:\/\/productions2.parkwaylabs.com\/falk\/wp-content\/uploads\/2022\/11\/Logotyp.svg","contentUrl":"https:\/\/productions2.parkwaylabs.com\/falk\/wp-content\/uploads\/2022\/11\/Logotyp.svg","width":162,"height":108,"caption":"Falk &amp; Partners"},"image":{"@id":"https:\/\/productions2.parkwaylabs.com\/falk\/#\/schema\/logo\/image\/"}}]}},"_links":{"self":[{"href":"https:\/\/productions2.parkwaylabs.com\/falk\/wp-json\/wp\/v2\/pages\/303","targetHints":{"allow":["GET"]}}],"collection":[{"href":"https:\/\/productions2.parkwaylabs.com\/falk\/wp-json\/wp\/v2\/pages"}],"about":[{"href":"https:\/\/productions2.parkwaylabs.com\/falk\/wp-json\/wp\/v2\/types\/page"}],"author":[{"embeddable":true,"href":"https:\/\/productions2.parkwaylabs.com\/falk\/wp-json\/wp\/v2\/users\/1"}],"replies":[{"embeddable":true,"href":"https:\/\/productions2.parkwaylabs.com\/falk\/wp-json\/wp\/v2\/comments?post=303"}],"version-history":[{"count":18,"href":"https:\/\/productions2.parkwaylabs.com\/falk\/wp-json\/wp\/v2\/pages\/303\/revisions"}],"predecessor-version":[{"id":1279,"href":"https:\/\/productions2.parkwaylabs.com\/falk\/wp-json\/wp\/v2\/pages\/303\/revisions\/1279"}],"wp:attachment":[{"href":"https:\/\/productions2.parkwaylabs.com\/falk\/wp-json\/wp\/v2\/media?parent=303"}],"curies":[{"name":"wp","href":"https:\/\/api.w.org\/{rel}","templated":true}]}}