{"id":300,"date":"2022-11-22T05:21:52","date_gmt":"2022-11-22T05:21:52","guid":{"rendered":"https:\/\/productions2.parkwaylabs.com\/falk\/?page_id=300"},"modified":"2023-03-02T16:32:51","modified_gmt":"2023-03-02T16:32:51","slug":"affarsomraden-wealth-management","status":"publish","type":"page","link":"https:\/\/productions2.parkwaylabs.com\/falk\/affarsomraden-wealth-management\/","title":{"rendered":"Aff\u00e4rsomr\u00e5den &#8211; Wealth Management"},"content":{"rendered":"<p>[vc_row full_width=&#8221;stretch_row_content_no_spaces&#8221; full_height=&#8221;yes&#8221; content_placement=&#8221;middle&#8221; el_class=&#8221;home_main_bl1&#8243; css=&#8221;.vc_custom_1677774768100{background-image: url(https:\/\/productions2.parkwaylabs.com\/falk\/wp-content\/uploads\/2023\/03\/Falk-o-Partner-dag-2-019-Edited-scaled.jpg?id=1323) !important;background-position: center !important;background-repeat: no-repeat !important;background-size: cover !important;}&#8221;][vc_column][vc_row_inner][vc_column_inner][\/vc_column_inner][\/vc_row_inner][\/vc_column][\/vc_row][vc_row full_width=&#8221;stretch_row_content&#8221; equal_height=&#8221;yes&#8221; el_class=&#8221;black_mid_bl_style1&#8243; css=&#8221;.vc_custom_1677404523753{background-color: #eae7e2 !important;}&#8221;][vc_column][vc_row_inner][vc_column_inner el_class=&#8221;black_mid_bl_style1_col_1&#8243; width=&#8221;3\/12&#8243;][vc_column_text]Aff\u00e4rsomr\u00e5den[\/vc_column_text][\/vc_column_inner][vc_column_inner el_class=&#8221;black_mid_bl_style1_col_2&#8243; width=&#8221;7\/12&#8243;][vc_column_text]Falk &amp; Partners erbjuder kvalificerad r\u00e5dgivning avseende tj\u00e4nstepension och f\u00f6rs\u00e4kringsl\u00f6sningar f\u00f6r f\u00f6retag och dess anst\u00e4llda. Vi erbjuder \u00e4ven kapitalf\u00f6rvaltning \u00e4mnat f\u00f6r kapital\u00e4gare som s\u00f6ker professionell placeringsr\u00e5dgivning d\u00e4r h\u00f6ga krav st\u00e4lls p\u00e5 kunskapsdriven r\u00e5dgivning kombinerat med ett genuint engagemang.[\/vc_column_text][\/vc_column_inner][vc_column_inner width=&#8221;2\/12&#8243;][\/vc_column_inner][\/vc_row_inner][\/vc_column][\/vc_row][vc_row full_width=&#8221;stretch_row_content&#8221; el_class=&#8221;three_col_cont_link_bl three_col_cont_link_bl_sty_2 affr_bl_2&#8243;][vc_column width=&#8221;1\/4&#8243; el_class=&#8221;three_col_cont_link_bl_col_1&#8243;][vc_column_text el_class=&#8221;three_col_cont_link_bl_col_1_ttl&#8221;]Wealth Management[\/vc_column_text][\/vc_column][vc_column width=&#8221;1\/2&#8243; el_class=&#8221;three_col_cont_link_bl_col_2&#8243;][vc_column_text el_class=&#8221;three_col_cont_link_bl_col_2_bl_ttl&#8221;]<strong>Vi utvecklar f\u00f6rm\u00f6genheter<\/strong>[\/vc_column_text][vc_column_text el_class=&#8221;three_col_cont_link_bl_col_2_bl_cont&#8221;]P\u00e5 l\u00e5ng sikt finns det bara en sak som kan g\u00f6ra oss framg\u00e5ngsrika och det \u00e4r framg\u00e5ng f\u00f6r v\u00e5ra uppdragsgivare. V\u00e5r frist\u00e5ende st\u00e4llning och medarbetarnas gedigna kompetens g\u00f6r att vi alltid kan vara en stark och sj\u00e4lvst\u00e4ndig samarbetspartner.<\/p>\n<p>Falk &amp; Partners huvudsakliga uppdrag som r\u00e5dgivare \u00e4r att l\u00e5ngsiktigt maximera avkastningen till l\u00e4gsta m\u00f6jliga risk utifr\u00e5n varje enskild kunds avkastningsm\u00e5l och riskpreferens. Inte s\u00e4llan finns ocks\u00e5 specifika krav om ansvarsfull r\u00e5dgivning utifr\u00e5n milj\u00f6, etik och bolagsstyrning.Vi har stor erfarenhet av r\u00e5dgivning gentemot investerare med specifika riktlinjer och policys inom ansvarsfulla investeringar. Dessa parametrar \u00e4r integrerad i samtliga av v\u00e5ra analys- och beslutsprocesser i r\u00e5dgivningen.[\/vc_column_text][\/vc_column][vc_column width=&#8221;1\/4&#8243; el_class=&#8221;three_col_cont_link_bl_col_3&#8243;][vc_column_text el_class=&#8221;three_col_cont_link_bl_col_3_link_txt scroll_bl&#8221;]<a class=\"highlight_link\" href=\"https:\/\/productions2.parkwaylabs.com\/falk\/affarsomraden-wealth-management\/\">Wealth Management<\/a><br \/>\n<a href=\"https:\/\/productions2.parkwaylabs.com\/falk\/affarsomraden-asset-management\/\">Asset Management<\/a><br \/>\n<a href=\"https:\/\/productions2.parkwaylabs.com\/falk\/affarsomraden-tjanstepension\/\"> Tj\u00e4nstepension<\/a><br \/>\n<a href=\"https:\/\/productions2.parkwaylabs.com\/falk\/affarsomraden-skatt-juridik\/\">Skatt och Juridik<\/a>[\/vc_column_text][\/vc_column][\/vc_row][vc_row full_width=&#8221;stretch_row_content&#8221;][vc_column width=&#8221;3\/4&#8243;][vc_single_image image=&#8221;1143&#8243; img_size=&#8221;full&#8221; el_class=&#8221;affImage&#8221;][\/vc_column][vc_column width=&#8221;1\/4&#8243;][\/vc_column][\/vc_row]<\/p>\n","protected":false},"excerpt":{"rendered":"<p>[vc_row full_width=&#8221;stretch_row_content_no_spaces&#8221; full_height=&#8221;yes&#8221; content_placement=&#8221;middle&#8221; el_class=&#8221;home_main_bl1&#8243; css=&#8221;.vc_custom_1677774768100{background-image: url(https:\/\/productions2.parkwaylabs.com\/falk\/wp-content\/uploads\/2023\/03\/Falk-o-Partner-dag-2-019-Edited-scaled.jpg?id=1323) !important;background-position: center !important;background-repeat: no-repeat !important;background-size: cover !important;}&#8221;][vc_column][vc_row_inner][vc_column_inner][\/vc_column_inner][\/vc_row_inner][\/vc_column][\/vc_row][vc_row full_width=&#8221;stretch_row_content&#8221; equal_height=&#8221;yes&#8221; el_class=&#8221;black_mid_bl_style1&#8243; css=&#8221;.vc_custom_1677404523753{background-color: #eae7e2 !important;}&#8221;][vc_column][vc_row_inner][vc_column_inner el_class=&#8221;black_mid_bl_style1_col_1&#8243; width=&#8221;3\/12&#8243;][vc_column_text]Aff\u00e4rsomr\u00e5den[\/vc_column_text][\/vc_column_inner][vc_column_inner el_class=&#8221;black_mid_bl_style1_col_2&#8243; width=&#8221;7\/12&#8243;][vc_column_text]Falk &amp; Partners erbjuder kvalificerad r\u00e5dgivning avseende tj\u00e4nstepension och f\u00f6rs\u00e4kringsl\u00f6sningar f\u00f6r f\u00f6retag och dess anst\u00e4llda. Vi erbjuder \u00e4ven kapitalf\u00f6rvaltning \u00e4mnat f\u00f6r kapital\u00e4gare som s\u00f6ker professionell placeringsr\u00e5dgivning d\u00e4r h\u00f6ga krav st\u00e4lls p\u00e5 kunskapsdriven &hellip; <a href=\"https:\/\/productions2.parkwaylabs.com\/falk\/affarsomraden-wealth-management\/\" class=\"more-link\">Continue reading <span class=\"screen-reader-text\">Aff\u00e4rsomr\u00e5den &#8211; Wealth Management<\/span><\/a><\/p>\n","protected":false},"author":1,"featured_media":0,"parent":0,"menu_order":0,"comment_status":"closed","ping_status":"closed","template":"","meta":{"inline_featured_image":false,"footnotes":""},"class_list":["post-300","page","type-page","status-publish","hentry"],"acf":[],"yoast_head":"<!-- This site is optimized with the Yoast SEO plugin v20.9 - https:\/\/yoast.com\/wordpress\/plugins\/seo\/ -->\n<title>Aff\u00e4rsomr\u00e5den - Wealth Management - Falk &amp; Partners<\/title>\n<meta name=\"robots\" content=\"index, follow, max-snippet:-1, max-image-preview:large, max-video-preview:-1\" \/>\n<link rel=\"canonical\" href=\"https:\/\/productions2.parkwaylabs.com\/falk\/affarsomraden-wealth-management\/\" \/>\n<meta property=\"og:locale\" content=\"en_US\" \/>\n<meta property=\"og:type\" content=\"article\" \/>\n<meta property=\"og:title\" content=\"Aff\u00e4rsomr\u00e5den - Wealth Management - Falk &amp; Partners\" \/>\n<meta property=\"og:description\" content=\"[vc_row full_width=&#8221;stretch_row_content_no_spaces&#8221; full_height=&#8221;yes&#8221; content_placement=&#8221;middle&#8221; el_class=&#8221;home_main_bl1&#8243; css=&#8221;.vc_custom_1677774768100{background-image: url(https:\/\/productions2.parkwaylabs.com\/falk\/wp-content\/uploads\/2023\/03\/Falk-o-Partner-dag-2-019-Edited-scaled.jpg?id=1323) !important;background-position: center !important;background-repeat: no-repeat !important;background-size: cover !important;}&#8221;][vc_column][vc_row_inner][vc_column_inner][\/vc_column_inner][\/vc_row_inner][\/vc_column][\/vc_row][vc_row full_width=&#8221;stretch_row_content&#8221; equal_height=&#8221;yes&#8221; el_class=&#8221;black_mid_bl_style1&#8243; css=&#8221;.vc_custom_1677404523753{background-color: #eae7e2 !important;}&#8221;][vc_column][vc_row_inner][vc_column_inner el_class=&#8221;black_mid_bl_style1_col_1&#8243; width=&#8221;3\/12&#8243;][vc_column_text]Aff\u00e4rsomr\u00e5den[\/vc_column_text][\/vc_column_inner][vc_column_inner el_class=&#8221;black_mid_bl_style1_col_2&#8243; width=&#8221;7\/12&#8243;][vc_column_text]Falk &amp; Partners erbjuder kvalificerad r\u00e5dgivning avseende tj\u00e4nstepension och f\u00f6rs\u00e4kringsl\u00f6sningar f\u00f6r f\u00f6retag och dess anst\u00e4llda. Vi erbjuder \u00e4ven kapitalf\u00f6rvaltning \u00e4mnat f\u00f6r kapital\u00e4gare som s\u00f6ker professionell placeringsr\u00e5dgivning d\u00e4r h\u00f6ga krav st\u00e4lls p\u00e5 kunskapsdriven &hellip; Continue reading Aff\u00e4rsomr\u00e5den &#8211; Wealth Management\" \/>\n<meta property=\"og:url\" content=\"https:\/\/productions2.parkwaylabs.com\/falk\/affarsomraden-wealth-management\/\" \/>\n<meta property=\"og:site_name\" content=\"Falk &amp; Partners\" \/>\n<meta property=\"article:modified_time\" content=\"2023-03-02T16:32:51+00:00\" \/>\n<meta name=\"twitter:card\" content=\"summary_large_image\" \/>\n<meta name=\"twitter:label1\" content=\"Est. reading time\" \/>\n\t<meta name=\"twitter:data1\" content=\"3 minutes\" \/>\n<script type=\"application\/ld+json\" class=\"yoast-schema-graph\">{\"@context\":\"https:\/\/schema.org\",\"@graph\":[{\"@type\":\"WebPage\",\"@id\":\"https:\/\/productions2.parkwaylabs.com\/falk\/affarsomraden-wealth-management\/\",\"url\":\"https:\/\/productions2.parkwaylabs.com\/falk\/affarsomraden-wealth-management\/\",\"name\":\"Aff\u00e4rsomr\u00e5den - Wealth Management - Falk &amp; Partners\",\"isPartOf\":{\"@id\":\"https:\/\/productions2.parkwaylabs.com\/falk\/#website\"},\"datePublished\":\"2022-11-22T05:21:52+00:00\",\"dateModified\":\"2023-03-02T16:32:51+00:00\",\"breadcrumb\":{\"@id\":\"https:\/\/productions2.parkwaylabs.com\/falk\/affarsomraden-wealth-management\/#breadcrumb\"},\"inLanguage\":\"en-US\",\"potentialAction\":[{\"@type\":\"ReadAction\",\"target\":[\"https:\/\/productions2.parkwaylabs.com\/falk\/affarsomraden-wealth-management\/\"]}]},{\"@type\":\"BreadcrumbList\",\"@id\":\"https:\/\/productions2.parkwaylabs.com\/falk\/affarsomraden-wealth-management\/#breadcrumb\",\"itemListElement\":[{\"@type\":\"ListItem\",\"position\":1,\"name\":\"Home\",\"item\":\"https:\/\/productions2.parkwaylabs.com\/falk\/\"},{\"@type\":\"ListItem\",\"position\":2,\"name\":\"Aff\u00e4rsomr\u00e5den &#8211; Wealth Management\"}]},{\"@type\":\"WebSite\",\"@id\":\"https:\/\/productions2.parkwaylabs.com\/falk\/#website\",\"url\":\"https:\/\/productions2.parkwaylabs.com\/falk\/\",\"name\":\"Falk &amp; Partners\",\"description\":\"\",\"publisher\":{\"@id\":\"https:\/\/productions2.parkwaylabs.com\/falk\/#organization\"},\"potentialAction\":[{\"@type\":\"SearchAction\",\"target\":{\"@type\":\"EntryPoint\",\"urlTemplate\":\"https:\/\/productions2.parkwaylabs.com\/falk\/?s={search_term_string}\"},\"query-input\":\"required name=search_term_string\"}],\"inLanguage\":\"en-US\"},{\"@type\":\"Organization\",\"@id\":\"https:\/\/productions2.parkwaylabs.com\/falk\/#organization\",\"name\":\"Falk &amp; Partners\",\"url\":\"https:\/\/productions2.parkwaylabs.com\/falk\/\",\"logo\":{\"@type\":\"ImageObject\",\"inLanguage\":\"en-US\",\"@id\":\"https:\/\/productions2.parkwaylabs.com\/falk\/#\/schema\/logo\/image\/\",\"url\":\"https:\/\/productions2.parkwaylabs.com\/falk\/wp-content\/uploads\/2022\/11\/Logotyp.svg\",\"contentUrl\":\"https:\/\/productions2.parkwaylabs.com\/falk\/wp-content\/uploads\/2022\/11\/Logotyp.svg\",\"width\":162,\"height\":108,\"caption\":\"Falk &amp; Partners\"},\"image\":{\"@id\":\"https:\/\/productions2.parkwaylabs.com\/falk\/#\/schema\/logo\/image\/\"}}]}<\/script>\n<!-- \/ Yoast SEO plugin. -->","yoast_head_json":{"title":"Aff\u00e4rsomr\u00e5den - Wealth Management - Falk &amp; Partners","robots":{"index":"index","follow":"follow","max-snippet":"max-snippet:-1","max-image-preview":"max-image-preview:large","max-video-preview":"max-video-preview:-1"},"canonical":"https:\/\/productions2.parkwaylabs.com\/falk\/affarsomraden-wealth-management\/","og_locale":"en_US","og_type":"article","og_title":"Aff\u00e4rsomr\u00e5den - Wealth Management - Falk &amp; Partners","og_description":"[vc_row full_width=&#8221;stretch_row_content_no_spaces&#8221; full_height=&#8221;yes&#8221; content_placement=&#8221;middle&#8221; el_class=&#8221;home_main_bl1&#8243; css=&#8221;.vc_custom_1677774768100{background-image: url(https:\/\/productions2.parkwaylabs.com\/falk\/wp-content\/uploads\/2023\/03\/Falk-o-Partner-dag-2-019-Edited-scaled.jpg?id=1323) !important;background-position: center !important;background-repeat: no-repeat !important;background-size: cover !important;}&#8221;][vc_column][vc_row_inner][vc_column_inner][\/vc_column_inner][\/vc_row_inner][\/vc_column][\/vc_row][vc_row full_width=&#8221;stretch_row_content&#8221; equal_height=&#8221;yes&#8221; el_class=&#8221;black_mid_bl_style1&#8243; css=&#8221;.vc_custom_1677404523753{background-color: #eae7e2 !important;}&#8221;][vc_column][vc_row_inner][vc_column_inner el_class=&#8221;black_mid_bl_style1_col_1&#8243; width=&#8221;3\/12&#8243;][vc_column_text]Aff\u00e4rsomr\u00e5den[\/vc_column_text][\/vc_column_inner][vc_column_inner el_class=&#8221;black_mid_bl_style1_col_2&#8243; width=&#8221;7\/12&#8243;][vc_column_text]Falk &amp; Partners erbjuder kvalificerad r\u00e5dgivning avseende tj\u00e4nstepension och f\u00f6rs\u00e4kringsl\u00f6sningar f\u00f6r f\u00f6retag och dess anst\u00e4llda. Vi erbjuder \u00e4ven kapitalf\u00f6rvaltning \u00e4mnat f\u00f6r kapital\u00e4gare som s\u00f6ker professionell placeringsr\u00e5dgivning d\u00e4r h\u00f6ga krav st\u00e4lls p\u00e5 kunskapsdriven &hellip; Continue reading Aff\u00e4rsomr\u00e5den &#8211; Wealth Management","og_url":"https:\/\/productions2.parkwaylabs.com\/falk\/affarsomraden-wealth-management\/","og_site_name":"Falk &amp; Partners","article_modified_time":"2023-03-02T16:32:51+00:00","twitter_card":"summary_large_image","twitter_misc":{"Est. reading time":"3 minutes"},"schema":{"@context":"https:\/\/schema.org","@graph":[{"@type":"WebPage","@id":"https:\/\/productions2.parkwaylabs.com\/falk\/affarsomraden-wealth-management\/","url":"https:\/\/productions2.parkwaylabs.com\/falk\/affarsomraden-wealth-management\/","name":"Aff\u00e4rsomr\u00e5den - Wealth Management - Falk &amp; Partners","isPartOf":{"@id":"https:\/\/productions2.parkwaylabs.com\/falk\/#website"},"datePublished":"2022-11-22T05:21:52+00:00","dateModified":"2023-03-02T16:32:51+00:00","breadcrumb":{"@id":"https:\/\/productions2.parkwaylabs.com\/falk\/affarsomraden-wealth-management\/#breadcrumb"},"inLanguage":"en-US","potentialAction":[{"@type":"ReadAction","target":["https:\/\/productions2.parkwaylabs.com\/falk\/affarsomraden-wealth-management\/"]}]},{"@type":"BreadcrumbList","@id":"https:\/\/productions2.parkwaylabs.com\/falk\/affarsomraden-wealth-management\/#breadcrumb","itemListElement":[{"@type":"ListItem","position":1,"name":"Home","item":"https:\/\/productions2.parkwaylabs.com\/falk\/"},{"@type":"ListItem","position":2,"name":"Aff\u00e4rsomr\u00e5den &#8211; Wealth Management"}]},{"@type":"WebSite","@id":"https:\/\/productions2.parkwaylabs.com\/falk\/#website","url":"https:\/\/productions2.parkwaylabs.com\/falk\/","name":"Falk &amp; Partners","description":"","publisher":{"@id":"https:\/\/productions2.parkwaylabs.com\/falk\/#organization"},"potentialAction":[{"@type":"SearchAction","target":{"@type":"EntryPoint","urlTemplate":"https:\/\/productions2.parkwaylabs.com\/falk\/?s={search_term_string}"},"query-input":"required name=search_term_string"}],"inLanguage":"en-US"},{"@type":"Organization","@id":"https:\/\/productions2.parkwaylabs.com\/falk\/#organization","name":"Falk &amp; Partners","url":"https:\/\/productions2.parkwaylabs.com\/falk\/","logo":{"@type":"ImageObject","inLanguage":"en-US","@id":"https:\/\/productions2.parkwaylabs.com\/falk\/#\/schema\/logo\/image\/","url":"https:\/\/productions2.parkwaylabs.com\/falk\/wp-content\/uploads\/2022\/11\/Logotyp.svg","contentUrl":"https:\/\/productions2.parkwaylabs.com\/falk\/wp-content\/uploads\/2022\/11\/Logotyp.svg","width":162,"height":108,"caption":"Falk &amp; Partners"},"image":{"@id":"https:\/\/productions2.parkwaylabs.com\/falk\/#\/schema\/logo\/image\/"}}]}},"_links":{"self":[{"href":"https:\/\/productions2.parkwaylabs.com\/falk\/wp-json\/wp\/v2\/pages\/300","targetHints":{"allow":["GET"]}}],"collection":[{"href":"https:\/\/productions2.parkwaylabs.com\/falk\/wp-json\/wp\/v2\/pages"}],"about":[{"href":"https:\/\/productions2.parkwaylabs.com\/falk\/wp-json\/wp\/v2\/types\/page"}],"author":[{"embeddable":true,"href":"https:\/\/productions2.parkwaylabs.com\/falk\/wp-json\/wp\/v2\/users\/1"}],"replies":[{"embeddable":true,"href":"https:\/\/productions2.parkwaylabs.com\/falk\/wp-json\/wp\/v2\/comments?post=300"}],"version-history":[{"count":29,"href":"https:\/\/productions2.parkwaylabs.com\/falk\/wp-json\/wp\/v2\/pages\/300\/revisions"}],"predecessor-version":[{"id":1331,"href":"https:\/\/productions2.parkwaylabs.com\/falk\/wp-json\/wp\/v2\/pages\/300\/revisions\/1331"}],"wp:attachment":[{"href":"https:\/\/productions2.parkwaylabs.com\/falk\/wp-json\/wp\/v2\/media?parent=300"}],"curies":[{"name":"wp","href":"https:\/\/api.w.org\/{rel}","templated":true}]}}