{"id":280,"date":"2022-11-22T04:15:02","date_gmt":"2022-11-22T04:15:02","guid":{"rendered":"https:\/\/productions2.parkwaylabs.com\/falk\/?page_id=280"},"modified":"2023-03-03T10:28:10","modified_gmt":"2023-03-03T10:28:10","slug":"om-falk-and-partners-samhallsengangemang","status":"publish","type":"page","link":"https:\/\/productions2.parkwaylabs.com\/falk\/om-falk-and-partners-samhallsengangemang\/","title":{"rendered":"Om Falk &#038; Partners &#8211; Samh\u00e4llsengagemang"},"content":{"rendered":"<p>[vc_row full_width=&#8221;stretch_row_content_no_spaces&#8221; full_height=&#8221;yes&#8221; content_placement=&#8221;middle&#8221; el_class=&#8221;home_main_bl1&#8243; css=&#8221;.vc_custom_1677414256623{background-image: url(https:\/\/productions2.parkwaylabs.com\/falk\/wp-content\/uploads\/2023\/02\/grandbyra120511-3980_RET-2.jpg?id=1109) !important;background-position: center !important;background-repeat: no-repeat !important;background-size: cover !important;}&#8221;][vc_column][vc_row_inner][vc_column_inner][\/vc_column_inner][\/vc_row_inner][\/vc_column][\/vc_row][vc_row full_width=&#8221;stretch_row_content&#8221; el_class=&#8221;black_mid_bl_style1&#8243; css=&#8221;.vc_custom_1677414276486{background-color: #eae7e2 !important;}&#8221;][vc_column][vc_row_inner][vc_column_inner el_class=&#8221;black_mid_bl_style1_col_1&#8243; width=&#8221;3\/12&#8243;][vc_column_text]Om Falk &amp; Partners[\/vc_column_text][\/vc_column_inner][vc_column_inner el_class=&#8221;black_mid_bl_style1_col_2&#8243; width=&#8221;7\/12&#8243;][vc_column_text]Vi \u00e4r ett utpr\u00e4glat kunskapsf\u00f6retag som erbjuder kvalificerad finansiell r\u00e5dgivning, i en diskret milj\u00f6 med n\u00e4ra och l\u00e5ngsiktiga kundrelationer. Falk &amp; Partners erfarna medarbetare och omfattande n\u00e4tverk ger access till en helt\u00e4ckande plattform. V\u00e5r fr\u00e4msta uppgift \u00e4r att, oavsett marknadsklimat, aktivt verka f\u00f6r god avkastning \u2013 f\u00f6r f\u00f6retagsinvesterare, s\u00e5v\u00e4l som f\u00f6r privata och institutionella investerare.[\/vc_column_text][\/vc_column_inner][vc_column_inner width=&#8221;2\/12&#8243;][\/vc_column_inner][\/vc_row_inner][\/vc_column][\/vc_row][vc_row full_width=&#8221;stretch_row_content&#8221; equal_height=&#8221;yes&#8221; el_class=&#8221;three_col_cont_link_bl three_col_cont_link_bl_sty_2&#8243;][vc_column width=&#8221;1\/4&#8243; el_class=&#8221;three_col_cont_link_bl_col_1&#8243;][vc_column_text el_class=&#8221;three_col_cont_link_bl_col_1_ttl&#8221;]Samh\u00e4llsengagemang[\/vc_column_text][\/vc_column][vc_column width=&#8221;1\/2&#8243; el_class=&#8221;three_col_cont_link_bl_col_2&#8243;][vc_column_text el_class=&#8221;three_col_cont_link_bl_col_2_bl_ttl&#8221;]<strong>Vi har valt att st\u00f6tta barn som drabbats av cancer och deras familjer genom dessa verksamheter.<\/strong>[\/vc_column_text][vc_column_text el_class=&#8221;three_col_cont_link_bl_col_2_bl_ttl&#8221;]<strong>Henke Superman<\/strong>[\/vc_column_text][vc_column_text el_class=&#8221;three_col_cont_link_bl_col_2_bl_cont&#8221;]Vi st\u00f6djer barncancerstiftelsen Henrik Superman.\u00a0Vi g\u00f6r ett aktivt val och st\u00f6djer en verksamhet som genom sitt arbete och engagemang g\u00f6r livet dr\u00e4gligare f\u00f6r m\u00e5nga m\u00e4nniskor. L\u00e5ga eller inga omkostnader, mycket hj\u00e4rta och en stark lokal f\u00f6rankring med m\u00e5nga delaktiga m\u00e4nniskor tror vi \u00e4r en vinnande formel; till skillnad mot stora kolosser med gigantiska personal- och marknadsf\u00f6ringskostnader. Genom v\u00e5rt st\u00f6d till Henkestiftelsen v\u00e4ljer vi att st\u00f6dja och hj\u00e4lpa i annat \u00e4n bara det som p\u00e5g\u00e5r i v\u00e5r l\u00f6pande verksamhet eller har koppling till v\u00e5r arbetsvardag. Det menar vi \u00e4r bra.<\/p>\n<p>Stiftelsen Henrik Superman har till uppgift att l\u00e4tta och lindra f\u00f6r de familjer som m\u00f6tt den ogripbara situationen n\u00e4r deras barn f\u00e5tt diagnosen cancer. \u00c4ven st\u00f6d till barncancerforskning ligger inom ramen f\u00f6r stiftelsens verksamhet.<\/p>\n<p>Ett stort antal f\u00f6retag och privatpersoner har redan valt att st\u00f6dja verksamheten och man har p\u00e5 kort tid byggt upp ett substantiellt kapital som v\u00e4xer \u00e5r f\u00f6r \u00e5r och som klokt placerat ger god \u00e5rlig avkastning som i sin tur anv\u00e4nds till att hj\u00e4lpa och st\u00f6dja familjer som drabbats av barncancer.<\/p>\n<p>Vi tror att privata initiativ som detta \u00e4r bra s\u00e4tt att g\u00f6ra v\u00e4rlden, dagen \u2013 och f\u00f6r all del morgondagen \u2013\u00a0mera dr\u00e4glig och m\u00e4nsklig f\u00f6r alla oss som \u00e4r med om den och lever i den.<\/p>\n<p>Vi tror ocks\u00e5 att genom att hj\u00e4lpa andra s\u00e5 l\u00e4gger vi v\u00e5ra egna stenar p\u00e5 den v\u00e4g som leder mot medm\u00e4nsklighet, f\u00f6rst\u00e5else och omtanke.<\/p>\n<p><em>\u201dEtt friskt barn har tusen \u00f6nskningar, ett sjukt barn bara en.\u201d<\/em><\/p>\n<p>L\u00e4s mer om stiftelsen p\u00e5 <a href=\"https:\/\/www.henriksuperman.se\">www.henriksuperman.se<\/a>[\/vc_column_text][vc_column_text el_class=&#8221;three_col_cont_link_bl_col_2_bl_ttl&#8221;]<strong>Bakgrund Stiftelsen\u00a0<\/strong>[\/vc_column_text][vc_column_text el_class=&#8221;three_col_cont_link_bl_col_2_bl_cont&#8221;]Henrik Ekelund var bara 7 \u00e5r n\u00e4r han gick bort i cancer. 2008 grundades stiftelsen Henrik \u201dSuperman\u201d Ekelund av n\u00e5gra v\u00e4nner till hans familj. De hade p\u00e5 n\u00e4ra h\u00e5ll upplevt hur livet f\u00f6r\u00e4ndras n\u00e4r sjukdomen tar \u00f6ver. Sedan dess har allt arbete skett ideellt, i liten skala, av n\u00e4ra, k\u00e4ra och k\u00e4nnande medm\u00e4nniskor. D\u00e4rf\u00f6r finns inga l\u00f6ner eller fasta kostnader. Insamlade medel g\u00e5r oavkortat till beh\u00f6vande familjer. Henrik finns inte l\u00e4ngre bland oss. Men till minnet av Henrik forts\u00e4tter vi att hj\u00e4lpa andra pojkar, flickor och dess familjer som uppskattar en ljusglimt i m\u00f6rkret.[\/vc_column_text][vc_single_image image=&#8221;1132&#8243; img_size=&#8221;full&#8221;][vc_column_text el_class=&#8221;three_col_cont_link_bl_col_2_bl_ttl&#8221;]<strong>Barncancerfonden S\u00f6dra<\/strong>[\/vc_column_text][vc_column_text el_class=&#8221;three_col_cont_link_bl_col_2_bl_cont&#8221;]Varje \u00e5r drabbas cirka 300 barn i Sverige av cancer. Barncancerfonden S\u00f6dra bildades 1984 och\u00a0\u00e4r en st\u00f6df\u00f6rening f\u00f6r barn med cancersjukdomar.\u00a0En av f\u00f6reningens viktigaste uppgifter \u00e4r att skapa ljusglimtar och skapa forum d\u00e4r drabbade familjer kan tr\u00e4ffas.<\/p>\n<p>Barncancerfonden S\u00f6dra\u00a0skapar ljusglimtar och ger\u00a0st\u00f6d n\u00e4r det beh\u00f6vs som mest.<\/p>\n<p>Vi\u00a0erbjuder familjer\u00a0middagar och aktiviteter p\u00e5 sjukhusen, rekreation, resor samt regelbundet\u00a0olika aktiviteter f\u00f6r hela familjen.<\/p>\n<p>Barncancerfonden S\u00f6dra \u00e4r organisationen som\u00a0ger st\u00f6d och ljusglimtar\u00a0under och efter behandling, f\u00f6r hela familjen, i Sk\u00e5ne,\u00a0Blekinge och Kronobergs l\u00e4n. De g\u00f6r bl a:<\/p>\n<p>\u2012 Arrangera aktiviteter och tr\u00e4ffar f\u00f6r barnen, ungdomarna, f\u00f6r\u00e4ldrar och anh\u00f6riga.<br \/>\n\u2012 Arrangera resor f\u00f6r drabbade familjer.<br \/>\n\u2012 Driva rekreationsanl\u00e4ggningar i Lindvallen och p\u00e5 \u00d6sterlen.<br \/>\n\u2012 Arrangera middagar, fikor och aktiviteter p\u00e5 barncanceravdelningen i Lund.<\/p>\n<p><strong>M\u00e5ls\u00e4ttningen med Barncancerfonden S\u00f6dras verksamhet \u00e4r att g\u00f6ra tillvaron ljusare f\u00f6r de cancersjuka barnen och deras familjer.<\/strong>[\/vc_column_text][vc_single_image image=&#8221;1134&#8243; img_size=&#8221;full&#8221; el_class=&#8221;percent_20_img&#8221;][\/vc_column][vc_column width=&#8221;1\/4&#8243; el_class=&#8221;three_col_cont_link_bl_col_3&#8243;][vc_column_text el_class=&#8221;three_col_cont_link_bl_col_3_link_txt sb_tf&#8221;]<a href=\"https:\/\/productions2.parkwaylabs.com\/falk\/om-falk-and-partners-var-filosofi\/\">V\u00e5r filosofi<\/a><br \/>\n<a href=\"https:\/\/productions2.parkwaylabs.com\/falk\/om-falk-and-partners-var-kunskap\/\">V\u00e5r kunskap<\/a><br \/>\n<a class=\"highlight_link\" href=\"https:\/\/productions2.parkwaylabs.com\/falk\/om-falk-and-partners-samhallsengangemang\/\">Samh\u00e4llsengagemang<\/a><br \/>\n<a href=\"https:\/\/productions2.parkwaylabs.com\/falk\/kontakta-oss\/\">Kontakta oss<\/a>[\/vc_column_text][\/vc_column][\/vc_row][vc_row disable_element=&#8221;yes&#8221;][vc_column][vc_empty_space height=&#8221;120px&#8221;][\/vc_column][\/vc_row]<\/p>\n","protected":false},"excerpt":{"rendered":"<p>[vc_row full_width=&#8221;stretch_row_content_no_spaces&#8221; full_height=&#8221;yes&#8221; content_placement=&#8221;middle&#8221; el_class=&#8221;home_main_bl1&#8243; css=&#8221;.vc_custom_1677414256623{background-image: url(https:\/\/productions2.parkwaylabs.com\/falk\/wp-content\/uploads\/2023\/02\/grandbyra120511-3980_RET-2.jpg?id=1109) !important;background-position: center !important;background-repeat: no-repeat !important;background-size: cover !important;}&#8221;][vc_column][vc_row_inner][vc_column_inner][\/vc_column_inner][\/vc_row_inner][\/vc_column][\/vc_row][vc_row full_width=&#8221;stretch_row_content&#8221; el_class=&#8221;black_mid_bl_style1&#8243; css=&#8221;.vc_custom_1677414276486{background-color: #eae7e2 !important;}&#8221;][vc_column][vc_row_inner][vc_column_inner el_class=&#8221;black_mid_bl_style1_col_1&#8243; width=&#8221;3\/12&#8243;][vc_column_text]Om Falk &amp; Partners[\/vc_column_text][\/vc_column_inner][vc_column_inner el_class=&#8221;black_mid_bl_style1_col_2&#8243; width=&#8221;7\/12&#8243;][vc_column_text]Vi \u00e4r ett utpr\u00e4glat kunskapsf\u00f6retag som erbjuder kvalificerad finansiell r\u00e5dgivning, i en diskret milj\u00f6 med n\u00e4ra och l\u00e5ngsiktiga kundrelationer. Falk &amp; Partners erfarna medarbetare och omfattande n\u00e4tverk ger access till &hellip; <a href=\"https:\/\/productions2.parkwaylabs.com\/falk\/om-falk-and-partners-samhallsengangemang\/\" class=\"more-link\">Continue reading <span class=\"screen-reader-text\">Om Falk &#038; Partners &#8211; Samh\u00e4llsengagemang<\/span><\/a><\/p>\n","protected":false},"author":1,"featured_media":0,"parent":0,"menu_order":0,"comment_status":"closed","ping_status":"closed","template":"","meta":{"inline_featured_image":false,"footnotes":""},"class_list":["post-280","page","type-page","status-publish","hentry"],"acf":[],"yoast_head":"<!-- This site is optimized with the Yoast SEO plugin v20.9 - https:\/\/yoast.com\/wordpress\/plugins\/seo\/ -->\n<title>Om Falk &amp; Partners - Samh\u00e4llsengagemang - Falk &amp; Partners<\/title>\n<meta name=\"robots\" content=\"index, follow, max-snippet:-1, max-image-preview:large, max-video-preview:-1\" \/>\n<link rel=\"canonical\" href=\"https:\/\/productions2.parkwaylabs.com\/falk\/om-falk-and-partners-samhallsengangemang\/\" \/>\n<meta property=\"og:locale\" content=\"en_US\" \/>\n<meta property=\"og:type\" content=\"article\" \/>\n<meta property=\"og:title\" content=\"Om Falk &amp; Partners - Samh\u00e4llsengagemang - Falk &amp; Partners\" \/>\n<meta property=\"og:description\" content=\"[vc_row full_width=&#8221;stretch_row_content_no_spaces&#8221; full_height=&#8221;yes&#8221; content_placement=&#8221;middle&#8221; el_class=&#8221;home_main_bl1&#8243; css=&#8221;.vc_custom_1677414256623{background-image: url(https:\/\/productions2.parkwaylabs.com\/falk\/wp-content\/uploads\/2023\/02\/grandbyra120511-3980_RET-2.jpg?id=1109) !important;background-position: center !important;background-repeat: no-repeat !important;background-size: cover !important;}&#8221;][vc_column][vc_row_inner][vc_column_inner][\/vc_column_inner][\/vc_row_inner][\/vc_column][\/vc_row][vc_row full_width=&#8221;stretch_row_content&#8221; el_class=&#8221;black_mid_bl_style1&#8243; css=&#8221;.vc_custom_1677414276486{background-color: #eae7e2 !important;}&#8221;][vc_column][vc_row_inner][vc_column_inner el_class=&#8221;black_mid_bl_style1_col_1&#8243; width=&#8221;3\/12&#8243;][vc_column_text]Om Falk &amp; Partners[\/vc_column_text][\/vc_column_inner][vc_column_inner el_class=&#8221;black_mid_bl_style1_col_2&#8243; width=&#8221;7\/12&#8243;][vc_column_text]Vi \u00e4r ett utpr\u00e4glat kunskapsf\u00f6retag som erbjuder kvalificerad finansiell r\u00e5dgivning, i en diskret milj\u00f6 med n\u00e4ra och l\u00e5ngsiktiga kundrelationer. Falk &amp; Partners erfarna medarbetare och omfattande n\u00e4tverk ger access till &hellip; Continue reading Om Falk &#038; Partners &#8211; Samh\u00e4llsengagemang\" \/>\n<meta property=\"og:url\" content=\"https:\/\/productions2.parkwaylabs.com\/falk\/om-falk-and-partners-samhallsengangemang\/\" \/>\n<meta property=\"og:site_name\" content=\"Falk &amp; Partners\" \/>\n<meta property=\"article:modified_time\" content=\"2023-03-03T10:28:10+00:00\" \/>\n<meta name=\"twitter:card\" content=\"summary_large_image\" \/>\n<meta name=\"twitter:label1\" content=\"Est. reading time\" \/>\n\t<meta name=\"twitter:data1\" content=\"5 minutes\" \/>\n<script type=\"application\/ld+json\" class=\"yoast-schema-graph\">{\"@context\":\"https:\/\/schema.org\",\"@graph\":[{\"@type\":\"WebPage\",\"@id\":\"https:\/\/productions2.parkwaylabs.com\/falk\/om-falk-and-partners-samhallsengangemang\/\",\"url\":\"https:\/\/productions2.parkwaylabs.com\/falk\/om-falk-and-partners-samhallsengangemang\/\",\"name\":\"Om Falk & Partners - Samh\u00e4llsengagemang - Falk &amp; Partners\",\"isPartOf\":{\"@id\":\"https:\/\/productions2.parkwaylabs.com\/falk\/#website\"},\"datePublished\":\"2022-11-22T04:15:02+00:00\",\"dateModified\":\"2023-03-03T10:28:10+00:00\",\"breadcrumb\":{\"@id\":\"https:\/\/productions2.parkwaylabs.com\/falk\/om-falk-and-partners-samhallsengangemang\/#breadcrumb\"},\"inLanguage\":\"en-US\",\"potentialAction\":[{\"@type\":\"ReadAction\",\"target\":[\"https:\/\/productions2.parkwaylabs.com\/falk\/om-falk-and-partners-samhallsengangemang\/\"]}]},{\"@type\":\"BreadcrumbList\",\"@id\":\"https:\/\/productions2.parkwaylabs.com\/falk\/om-falk-and-partners-samhallsengangemang\/#breadcrumb\",\"itemListElement\":[{\"@type\":\"ListItem\",\"position\":1,\"name\":\"Home\",\"item\":\"https:\/\/productions2.parkwaylabs.com\/falk\/\"},{\"@type\":\"ListItem\",\"position\":2,\"name\":\"Om Falk &#038; Partners &#8211; Samh\u00e4llsengagemang\"}]},{\"@type\":\"WebSite\",\"@id\":\"https:\/\/productions2.parkwaylabs.com\/falk\/#website\",\"url\":\"https:\/\/productions2.parkwaylabs.com\/falk\/\",\"name\":\"Falk &amp; Partners\",\"description\":\"\",\"publisher\":{\"@id\":\"https:\/\/productions2.parkwaylabs.com\/falk\/#organization\"},\"potentialAction\":[{\"@type\":\"SearchAction\",\"target\":{\"@type\":\"EntryPoint\",\"urlTemplate\":\"https:\/\/productions2.parkwaylabs.com\/falk\/?s={search_term_string}\"},\"query-input\":\"required name=search_term_string\"}],\"inLanguage\":\"en-US\"},{\"@type\":\"Organization\",\"@id\":\"https:\/\/productions2.parkwaylabs.com\/falk\/#organization\",\"name\":\"Falk &amp; Partners\",\"url\":\"https:\/\/productions2.parkwaylabs.com\/falk\/\",\"logo\":{\"@type\":\"ImageObject\",\"inLanguage\":\"en-US\",\"@id\":\"https:\/\/productions2.parkwaylabs.com\/falk\/#\/schema\/logo\/image\/\",\"url\":\"https:\/\/productions2.parkwaylabs.com\/falk\/wp-content\/uploads\/2022\/11\/Logotyp.svg\",\"contentUrl\":\"https:\/\/productions2.parkwaylabs.com\/falk\/wp-content\/uploads\/2022\/11\/Logotyp.svg\",\"width\":162,\"height\":108,\"caption\":\"Falk &amp; Partners\"},\"image\":{\"@id\":\"https:\/\/productions2.parkwaylabs.com\/falk\/#\/schema\/logo\/image\/\"}}]}<\/script>\n<!-- \/ Yoast SEO plugin. -->","yoast_head_json":{"title":"Om Falk & Partners - Samh\u00e4llsengagemang - Falk &amp; Partners","robots":{"index":"index","follow":"follow","max-snippet":"max-snippet:-1","max-image-preview":"max-image-preview:large","max-video-preview":"max-video-preview:-1"},"canonical":"https:\/\/productions2.parkwaylabs.com\/falk\/om-falk-and-partners-samhallsengangemang\/","og_locale":"en_US","og_type":"article","og_title":"Om Falk & Partners - Samh\u00e4llsengagemang - Falk &amp; Partners","og_description":"[vc_row full_width=&#8221;stretch_row_content_no_spaces&#8221; full_height=&#8221;yes&#8221; content_placement=&#8221;middle&#8221; el_class=&#8221;home_main_bl1&#8243; css=&#8221;.vc_custom_1677414256623{background-image: url(https:\/\/productions2.parkwaylabs.com\/falk\/wp-content\/uploads\/2023\/02\/grandbyra120511-3980_RET-2.jpg?id=1109) !important;background-position: center !important;background-repeat: no-repeat !important;background-size: cover !important;}&#8221;][vc_column][vc_row_inner][vc_column_inner][\/vc_column_inner][\/vc_row_inner][\/vc_column][\/vc_row][vc_row full_width=&#8221;stretch_row_content&#8221; el_class=&#8221;black_mid_bl_style1&#8243; css=&#8221;.vc_custom_1677414276486{background-color: #eae7e2 !important;}&#8221;][vc_column][vc_row_inner][vc_column_inner el_class=&#8221;black_mid_bl_style1_col_1&#8243; width=&#8221;3\/12&#8243;][vc_column_text]Om Falk &amp; Partners[\/vc_column_text][\/vc_column_inner][vc_column_inner el_class=&#8221;black_mid_bl_style1_col_2&#8243; width=&#8221;7\/12&#8243;][vc_column_text]Vi \u00e4r ett utpr\u00e4glat kunskapsf\u00f6retag som erbjuder kvalificerad finansiell r\u00e5dgivning, i en diskret milj\u00f6 med n\u00e4ra och l\u00e5ngsiktiga kundrelationer. Falk &amp; Partners erfarna medarbetare och omfattande n\u00e4tverk ger access till &hellip; Continue reading Om Falk &#038; Partners &#8211; Samh\u00e4llsengagemang","og_url":"https:\/\/productions2.parkwaylabs.com\/falk\/om-falk-and-partners-samhallsengangemang\/","og_site_name":"Falk &amp; Partners","article_modified_time":"2023-03-03T10:28:10+00:00","twitter_card":"summary_large_image","twitter_misc":{"Est. reading time":"5 minutes"},"schema":{"@context":"https:\/\/schema.org","@graph":[{"@type":"WebPage","@id":"https:\/\/productions2.parkwaylabs.com\/falk\/om-falk-and-partners-samhallsengangemang\/","url":"https:\/\/productions2.parkwaylabs.com\/falk\/om-falk-and-partners-samhallsengangemang\/","name":"Om Falk & Partners - Samh\u00e4llsengagemang - Falk &amp; Partners","isPartOf":{"@id":"https:\/\/productions2.parkwaylabs.com\/falk\/#website"},"datePublished":"2022-11-22T04:15:02+00:00","dateModified":"2023-03-03T10:28:10+00:00","breadcrumb":{"@id":"https:\/\/productions2.parkwaylabs.com\/falk\/om-falk-and-partners-samhallsengangemang\/#breadcrumb"},"inLanguage":"en-US","potentialAction":[{"@type":"ReadAction","target":["https:\/\/productions2.parkwaylabs.com\/falk\/om-falk-and-partners-samhallsengangemang\/"]}]},{"@type":"BreadcrumbList","@id":"https:\/\/productions2.parkwaylabs.com\/falk\/om-falk-and-partners-samhallsengangemang\/#breadcrumb","itemListElement":[{"@type":"ListItem","position":1,"name":"Home","item":"https:\/\/productions2.parkwaylabs.com\/falk\/"},{"@type":"ListItem","position":2,"name":"Om Falk &#038; Partners &#8211; Samh\u00e4llsengagemang"}]},{"@type":"WebSite","@id":"https:\/\/productions2.parkwaylabs.com\/falk\/#website","url":"https:\/\/productions2.parkwaylabs.com\/falk\/","name":"Falk &amp; Partners","description":"","publisher":{"@id":"https:\/\/productions2.parkwaylabs.com\/falk\/#organization"},"potentialAction":[{"@type":"SearchAction","target":{"@type":"EntryPoint","urlTemplate":"https:\/\/productions2.parkwaylabs.com\/falk\/?s={search_term_string}"},"query-input":"required name=search_term_string"}],"inLanguage":"en-US"},{"@type":"Organization","@id":"https:\/\/productions2.parkwaylabs.com\/falk\/#organization","name":"Falk &amp; Partners","url":"https:\/\/productions2.parkwaylabs.com\/falk\/","logo":{"@type":"ImageObject","inLanguage":"en-US","@id":"https:\/\/productions2.parkwaylabs.com\/falk\/#\/schema\/logo\/image\/","url":"https:\/\/productions2.parkwaylabs.com\/falk\/wp-content\/uploads\/2022\/11\/Logotyp.svg","contentUrl":"https:\/\/productions2.parkwaylabs.com\/falk\/wp-content\/uploads\/2022\/11\/Logotyp.svg","width":162,"height":108,"caption":"Falk &amp; Partners"},"image":{"@id":"https:\/\/productions2.parkwaylabs.com\/falk\/#\/schema\/logo\/image\/"}}]}},"_links":{"self":[{"href":"https:\/\/productions2.parkwaylabs.com\/falk\/wp-json\/wp\/v2\/pages\/280","targetHints":{"allow":["GET"]}}],"collection":[{"href":"https:\/\/productions2.parkwaylabs.com\/falk\/wp-json\/wp\/v2\/pages"}],"about":[{"href":"https:\/\/productions2.parkwaylabs.com\/falk\/wp-json\/wp\/v2\/types\/page"}],"author":[{"embeddable":true,"href":"https:\/\/productions2.parkwaylabs.com\/falk\/wp-json\/wp\/v2\/users\/1"}],"replies":[{"embeddable":true,"href":"https:\/\/productions2.parkwaylabs.com\/falk\/wp-json\/wp\/v2\/comments?post=280"}],"version-history":[{"count":59,"href":"https:\/\/productions2.parkwaylabs.com\/falk\/wp-json\/wp\/v2\/pages\/280\/revisions"}],"predecessor-version":[{"id":1364,"href":"https:\/\/productions2.parkwaylabs.com\/falk\/wp-json\/wp\/v2\/pages\/280\/revisions\/1364"}],"wp:attachment":[{"href":"https:\/\/productions2.parkwaylabs.com\/falk\/wp-json\/wp\/v2\/media?parent=280"}],"curies":[{"name":"wp","href":"https:\/\/api.w.org\/{rel}","templated":true}]}}