{"id":238,"date":"2022-11-21T10:24:38","date_gmt":"2022-11-21T10:24:38","guid":{"rendered":"https:\/\/productions2.parkwaylabs.com\/falk\/?page_id=238"},"modified":"2023-03-03T10:24:02","modified_gmt":"2023-03-03T10:24:02","slug":"for-entreprenorer","status":"publish","type":"page","link":"https:\/\/productions2.parkwaylabs.com\/falk\/for-entreprenorer\/","title":{"rendered":"Expertis &#8211; f\u00f6r Entrepren\u00f6rer"},"content":{"rendered":"<p>[vc_row full_width=&#8221;stretch_row_content_no_spaces&#8221; full_height=&#8221;yes&#8221; content_placement=&#8221;middle&#8221; el_class=&#8221;home_main_bl1&#8243; css=&#8221;.vc_custom_1677409555843{background-image: url(https:\/\/productions2.parkwaylabs.com\/falk\/wp-content\/uploads\/2023\/02\/pexels-sora-shimazaki-5668484-1-1.jpg?id=1081) !important;background-position: center !important;background-repeat: no-repeat !important;background-size: cover !important;}&#8221;][vc_column][vc_row_inner][vc_column_inner][\/vc_column_inner][\/vc_row_inner][\/vc_column][\/vc_row][vc_row full_width=&#8221;stretch_row_content&#8221; el_class=&#8221;black_mid_bl_style1&#8243; css=&#8221;.vc_custom_1677409588122{background-color: #eae7e2 !important;}&#8221;][vc_column][vc_row_inner][vc_column_inner el_class=&#8221;black_mid_bl_style1_col_1&#8243; width=&#8221;3\/12&#8243;][vc_column_text]Expertis[\/vc_column_text][\/vc_column_inner][vc_column_inner el_class=&#8221;black_mid_bl_style1_col_2&#8243; width=&#8221;7\/12&#8243;][vc_column_text]I \u00f6ver 15 \u00e5r har Falk &amp; Partners hj\u00e4lpt f\u00f6retag och privatpersoner att fatta v\u00e4lgrundade beslut om pensioner, f\u00f6rs\u00e4kringar och placeringar. Genom upphandling, analys och r\u00e5dgivning skapar vi marknadens fr\u00e4msta spar- och f\u00f6rs\u00e4kringsl\u00f6sningar. Vi samarbetar med ett stort antal f\u00f6rs\u00e4kringsbolag och finansiella institut \u2013 allt f\u00f6r att skapa en l\u00f6sning som passar dig och ditt f\u00f6retag.[\/vc_column_text][\/vc_column_inner][vc_column_inner width=&#8221;2\/12&#8243;][\/vc_column_inner][\/vc_row_inner][\/vc_column][\/vc_row][vc_row full_width=&#8221;stretch_row_content&#8221; el_class=&#8221;three_col_cont_link_bl three_col_cont_link_bl_sty_2&#8243;][vc_column width=&#8221;1\/4&#8243; el_class=&#8221;three_col_cont_link_bl_col_1&#8243;][vc_column_text el_class=&#8221;three_col_cont_link_bl_col_1_ttl&#8221;]F\u00f6r Entrepren\u00f6rer[\/vc_column_text][vc_column_text el_class=&#8221;three_col_cont_link_bl_col_1_cont&#8221;]Kontakt:<br \/>\nPouyan Kasraian, VD, Partner<br \/>\nDaniel Lindell, Partner[\/vc_column_text][\/vc_column][vc_column width=&#8221;1\/2&#8243; el_class=&#8221;three_col_cont_link_bl_col_2&#8243;][vc_column_text el_class=&#8221;three_col_cont_link_bl_col_2_bl_ttl&#8221;]<strong>Vi hj\u00e4lper dig med helheten<\/strong>[\/vc_column_text][vc_column_text el_class=&#8221;three_col_cont_link_bl_col_2_bl_cont&#8221;]Vi hj\u00e4lper dig som f\u00f6retagare att fatta v\u00e4lgrundade beslut i fr\u00e5gor som p\u00e5verkar din och ditt f\u00f6retags ekonomi och framtid. Det g\u00f6r vi genom en m\u00e4ngd olika tj\u00e4nster som vi utformar och skr\u00e4ddarsyr efter dina behov. Som kund hos oss kan du vara trygg med att vi alltid g\u00f6r v\u00e5rt yttersta f\u00f6r att s\u00e4kerst\u00e4lla att din privata och f\u00f6retagets ekonomi hanteras utifr\u00e5n de b\u00e4sta f\u00f6ruts\u00e4ttningarna \u2013 s\u00e5 att du f\u00e5r en enklare vardag.[\/vc_column_text][vc_column_text el_class=&#8221;three_col_cont_link_bl_col_2_bl_ttl&#8221;]<strong>Kapitalf\u00f6rvaltning<\/strong>[\/vc_column_text][vc_column_text el_class=&#8221;three_col_cont_link_bl_col_2_bl_cont&#8221;]Att placera och f\u00f6rvalta kapital inneb\u00e4r stora fr\u00e5gor som kr\u00e4ver v\u00e4lgrundade beslut. Hur ska man t\u00e4nka kring risk, investeringsstrategi och f\u00f6rvaltning? Och kring h\u00e5llbara investeringar? Hos oss f\u00e5r du en personlig r\u00e5dgivare som l\u00e4r k\u00e4nna dig, ditt f\u00f6retag, och dina behov och \u00f6nskem\u00e5l. Oavsett vilken typ av f\u00f6rvaltning och l\u00f6sning du \u00f6nskar s\u00e4kerst\u00e4ller vi en trygg investering av ditt kapital.[\/vc_column_text][vc_column_text el_class=&#8221;three_col_cont_link_bl_col_2_bl_ttl&#8221;]<strong>Entrepren\u00f6rsservice<\/strong>[\/vc_column_text][vc_column_text el_class=&#8221;three_col_cont_link_bl_col_2_bl_cont&#8221;]Som entrepren\u00f6r f\u00e5r man uppleva m\u00e5nga olika situationer och h\u00e4ndelser som leder till b\u00e5de medg\u00e5ngar och motg\u00e5ngar. Vi finns h\u00e4r f\u00f6r att hj\u00e4lpa dig under hela din entrepren\u00f6rsresa, b\u00e5de med din privata och f\u00f6retagets ekonomi samt med juridiska fr\u00e5gor. V\u00e5ra experter hj\u00e4lper dig att fatta v\u00e4lgrundade beslut i de fr\u00e5gor och situationer som uppst\u00e5r, s\u00e5 att du kan vara trygg i ditt bolagsbyggande och ha tid \u00f6ver till annat.[\/vc_column_text][vc_column_text el_class=&#8221;three_col_cont_link_bl_col_2_bl_ttl&#8221;]<strong>F\u00f6retagstj\u00e4nster<\/strong>[\/vc_column_text][vc_column_text el_class=&#8221;three_col_cont_link_bl_col_2_bl_cont&#8221;]Som f\u00f6retagare kan det vara sv\u00e5rt att hinna med all administration och ha full insikt i f\u00f6retagets ekonomi. Vi erbjuder ett helhetskoncept d\u00e4r du kan outsourca hela eller delar av din ekonomiavdelningen till oss. Med v\u00e5ra experters hj\u00e4lp blir din vardag enklare och du kan vara trygg med att b\u00e5de ditt f\u00f6retags och din privata ekonomi hanteras p\u00e5 ett optimalt s\u00e4tt \u2013 s\u00e5 att du kan fokusera p\u00e5 bygga och driva ditt f\u00f6retag.[\/vc_column_text][\/vc_column][vc_column width=&#8221;1\/4&#8243;][vc_column_text el_class=&#8221;three_col_cont_link_bl_col_3_link_txt scroll_bl&#8221;]<a href=\"https:\/\/productions2.parkwaylabs.com\/falk\/expertis-var-expertis\/\">V\u00e5r Expertis<\/a><br \/>\n<a href=\"https:\/\/productions2.parkwaylabs.com\/falk\/expertis_for_privatepersoner\/\">F\u00f6r Privatpersoner<\/a><br \/>\n<a href=\"https:\/\/productions2.parkwaylabs.com\/falk\/expertis-for-foretag\/\">F\u00f6r F\u00f6retag<\/a><br \/>\n<a href=\"https:\/\/productions2.parkwaylabs.com\/falk\/expertis-stiftelser\/\">Stiftelser och Institutioner<\/a><br \/>\n<a class=\"highlight_link\" href=\"https:\/\/productions2.parkwaylabs.com\/falk\/for-entreprenorer\/\">F\u00f6r Entrepren\u00f6rer<\/a>[\/vc_column_text][\/vc_column][\/vc_row][vc_row disable_element=&#8221;yes&#8221;][vc_column][vc_empty_space height=&#8221;120px&#8221;][\/vc_column][\/vc_row]<\/p>\n","protected":false},"excerpt":{"rendered":"<p>[vc_row full_width=&#8221;stretch_row_content_no_spaces&#8221; full_height=&#8221;yes&#8221; content_placement=&#8221;middle&#8221; el_class=&#8221;home_main_bl1&#8243; css=&#8221;.vc_custom_1677409555843{background-image: url(https:\/\/productions2.parkwaylabs.com\/falk\/wp-content\/uploads\/2023\/02\/pexels-sora-shimazaki-5668484-1-1.jpg?id=1081) !important;background-position: center !important;background-repeat: no-repeat !important;background-size: cover !important;}&#8221;][vc_column][vc_row_inner][vc_column_inner][\/vc_column_inner][\/vc_row_inner][\/vc_column][\/vc_row][vc_row full_width=&#8221;stretch_row_content&#8221; el_class=&#8221;black_mid_bl_style1&#8243; css=&#8221;.vc_custom_1677409588122{background-color: #eae7e2 !important;}&#8221;][vc_column][vc_row_inner][vc_column_inner el_class=&#8221;black_mid_bl_style1_col_1&#8243; width=&#8221;3\/12&#8243;][vc_column_text]Expertis[\/vc_column_text][\/vc_column_inner][vc_column_inner el_class=&#8221;black_mid_bl_style1_col_2&#8243; width=&#8221;7\/12&#8243;][vc_column_text]I \u00f6ver 15 \u00e5r har Falk &amp; Partners hj\u00e4lpt f\u00f6retag och privatpersoner att fatta v\u00e4lgrundade beslut om pensioner, f\u00f6rs\u00e4kringar och placeringar. Genom upphandling, analys och r\u00e5dgivning skapar vi marknadens fr\u00e4msta spar- och f\u00f6rs\u00e4kringsl\u00f6sningar. &hellip; <a href=\"https:\/\/productions2.parkwaylabs.com\/falk\/for-entreprenorer\/\" class=\"more-link\">Continue reading <span class=\"screen-reader-text\">Expertis &#8211; f\u00f6r Entrepren\u00f6rer<\/span><\/a><\/p>\n","protected":false},"author":1,"featured_media":0,"parent":0,"menu_order":0,"comment_status":"closed","ping_status":"closed","template":"","meta":{"inline_featured_image":false,"footnotes":""},"class_list":["post-238","page","type-page","status-publish","hentry"],"acf":[],"yoast_head":"<!-- This site is optimized with the Yoast SEO plugin v20.9 - https:\/\/yoast.com\/wordpress\/plugins\/seo\/ -->\n<title>Expertis - f\u00f6r Entrepren\u00f6rer - Falk &amp; Partners<\/title>\n<meta name=\"robots\" content=\"index, follow, max-snippet:-1, max-image-preview:large, max-video-preview:-1\" \/>\n<link rel=\"canonical\" href=\"https:\/\/productions2.parkwaylabs.com\/falk\/for-entreprenorer\/\" \/>\n<meta property=\"og:locale\" content=\"en_US\" \/>\n<meta property=\"og:type\" content=\"article\" \/>\n<meta property=\"og:title\" content=\"Expertis - f\u00f6r Entrepren\u00f6rer - Falk &amp; Partners\" \/>\n<meta property=\"og:description\" content=\"[vc_row full_width=&#8221;stretch_row_content_no_spaces&#8221; full_height=&#8221;yes&#8221; content_placement=&#8221;middle&#8221; el_class=&#8221;home_main_bl1&#8243; css=&#8221;.vc_custom_1677409555843{background-image: url(https:\/\/productions2.parkwaylabs.com\/falk\/wp-content\/uploads\/2023\/02\/pexels-sora-shimazaki-5668484-1-1.jpg?id=1081) !important;background-position: center !important;background-repeat: no-repeat !important;background-size: cover !important;}&#8221;][vc_column][vc_row_inner][vc_column_inner][\/vc_column_inner][\/vc_row_inner][\/vc_column][\/vc_row][vc_row full_width=&#8221;stretch_row_content&#8221; el_class=&#8221;black_mid_bl_style1&#8243; css=&#8221;.vc_custom_1677409588122{background-color: #eae7e2 !important;}&#8221;][vc_column][vc_row_inner][vc_column_inner el_class=&#8221;black_mid_bl_style1_col_1&#8243; width=&#8221;3\/12&#8243;][vc_column_text]Expertis[\/vc_column_text][\/vc_column_inner][vc_column_inner el_class=&#8221;black_mid_bl_style1_col_2&#8243; width=&#8221;7\/12&#8243;][vc_column_text]I \u00f6ver 15 \u00e5r har Falk &amp; Partners hj\u00e4lpt f\u00f6retag och privatpersoner att fatta v\u00e4lgrundade beslut om pensioner, f\u00f6rs\u00e4kringar och placeringar. Genom upphandling, analys och r\u00e5dgivning skapar vi marknadens fr\u00e4msta spar- och f\u00f6rs\u00e4kringsl\u00f6sningar. &hellip; Continue reading Expertis &#8211; f\u00f6r Entrepren\u00f6rer\" \/>\n<meta property=\"og:url\" content=\"https:\/\/productions2.parkwaylabs.com\/falk\/for-entreprenorer\/\" \/>\n<meta property=\"og:site_name\" content=\"Falk &amp; Partners\" \/>\n<meta property=\"article:modified_time\" content=\"2023-03-03T10:24:02+00:00\" \/>\n<meta name=\"twitter:card\" content=\"summary_large_image\" \/>\n<meta name=\"twitter:label1\" content=\"Est. reading time\" \/>\n\t<meta name=\"twitter:data1\" content=\"4 minutes\" \/>\n<script type=\"application\/ld+json\" class=\"yoast-schema-graph\">{\"@context\":\"https:\/\/schema.org\",\"@graph\":[{\"@type\":\"WebPage\",\"@id\":\"https:\/\/productions2.parkwaylabs.com\/falk\/for-entreprenorer\/\",\"url\":\"https:\/\/productions2.parkwaylabs.com\/falk\/for-entreprenorer\/\",\"name\":\"Expertis - f\u00f6r Entrepren\u00f6rer - Falk &amp; Partners\",\"isPartOf\":{\"@id\":\"https:\/\/productions2.parkwaylabs.com\/falk\/#website\"},\"datePublished\":\"2022-11-21T10:24:38+00:00\",\"dateModified\":\"2023-03-03T10:24:02+00:00\",\"breadcrumb\":{\"@id\":\"https:\/\/productions2.parkwaylabs.com\/falk\/for-entreprenorer\/#breadcrumb\"},\"inLanguage\":\"en-US\",\"potentialAction\":[{\"@type\":\"ReadAction\",\"target\":[\"https:\/\/productions2.parkwaylabs.com\/falk\/for-entreprenorer\/\"]}]},{\"@type\":\"BreadcrumbList\",\"@id\":\"https:\/\/productions2.parkwaylabs.com\/falk\/for-entreprenorer\/#breadcrumb\",\"itemListElement\":[{\"@type\":\"ListItem\",\"position\":1,\"name\":\"Home\",\"item\":\"https:\/\/productions2.parkwaylabs.com\/falk\/\"},{\"@type\":\"ListItem\",\"position\":2,\"name\":\"Expertis &#8211; f\u00f6r Entrepren\u00f6rer\"}]},{\"@type\":\"WebSite\",\"@id\":\"https:\/\/productions2.parkwaylabs.com\/falk\/#website\",\"url\":\"https:\/\/productions2.parkwaylabs.com\/falk\/\",\"name\":\"Falk &amp; Partners\",\"description\":\"\",\"publisher\":{\"@id\":\"https:\/\/productions2.parkwaylabs.com\/falk\/#organization\"},\"potentialAction\":[{\"@type\":\"SearchAction\",\"target\":{\"@type\":\"EntryPoint\",\"urlTemplate\":\"https:\/\/productions2.parkwaylabs.com\/falk\/?s={search_term_string}\"},\"query-input\":\"required name=search_term_string\"}],\"inLanguage\":\"en-US\"},{\"@type\":\"Organization\",\"@id\":\"https:\/\/productions2.parkwaylabs.com\/falk\/#organization\",\"name\":\"Falk &amp; Partners\",\"url\":\"https:\/\/productions2.parkwaylabs.com\/falk\/\",\"logo\":{\"@type\":\"ImageObject\",\"inLanguage\":\"en-US\",\"@id\":\"https:\/\/productions2.parkwaylabs.com\/falk\/#\/schema\/logo\/image\/\",\"url\":\"https:\/\/productions2.parkwaylabs.com\/falk\/wp-content\/uploads\/2022\/11\/Logotyp.svg\",\"contentUrl\":\"https:\/\/productions2.parkwaylabs.com\/falk\/wp-content\/uploads\/2022\/11\/Logotyp.svg\",\"width\":162,\"height\":108,\"caption\":\"Falk &amp; Partners\"},\"image\":{\"@id\":\"https:\/\/productions2.parkwaylabs.com\/falk\/#\/schema\/logo\/image\/\"}}]}<\/script>\n<!-- \/ Yoast SEO plugin. -->","yoast_head_json":{"title":"Expertis - f\u00f6r Entrepren\u00f6rer - Falk &amp; Partners","robots":{"index":"index","follow":"follow","max-snippet":"max-snippet:-1","max-image-preview":"max-image-preview:large","max-video-preview":"max-video-preview:-1"},"canonical":"https:\/\/productions2.parkwaylabs.com\/falk\/for-entreprenorer\/","og_locale":"en_US","og_type":"article","og_title":"Expertis - f\u00f6r Entrepren\u00f6rer - Falk &amp; Partners","og_description":"[vc_row full_width=&#8221;stretch_row_content_no_spaces&#8221; full_height=&#8221;yes&#8221; content_placement=&#8221;middle&#8221; el_class=&#8221;home_main_bl1&#8243; css=&#8221;.vc_custom_1677409555843{background-image: url(https:\/\/productions2.parkwaylabs.com\/falk\/wp-content\/uploads\/2023\/02\/pexels-sora-shimazaki-5668484-1-1.jpg?id=1081) !important;background-position: center !important;background-repeat: no-repeat !important;background-size: cover !important;}&#8221;][vc_column][vc_row_inner][vc_column_inner][\/vc_column_inner][\/vc_row_inner][\/vc_column][\/vc_row][vc_row full_width=&#8221;stretch_row_content&#8221; el_class=&#8221;black_mid_bl_style1&#8243; css=&#8221;.vc_custom_1677409588122{background-color: #eae7e2 !important;}&#8221;][vc_column][vc_row_inner][vc_column_inner el_class=&#8221;black_mid_bl_style1_col_1&#8243; width=&#8221;3\/12&#8243;][vc_column_text]Expertis[\/vc_column_text][\/vc_column_inner][vc_column_inner el_class=&#8221;black_mid_bl_style1_col_2&#8243; width=&#8221;7\/12&#8243;][vc_column_text]I \u00f6ver 15 \u00e5r har Falk &amp; Partners hj\u00e4lpt f\u00f6retag och privatpersoner att fatta v\u00e4lgrundade beslut om pensioner, f\u00f6rs\u00e4kringar och placeringar. Genom upphandling, analys och r\u00e5dgivning skapar vi marknadens fr\u00e4msta spar- och f\u00f6rs\u00e4kringsl\u00f6sningar. &hellip; Continue reading Expertis &#8211; f\u00f6r Entrepren\u00f6rer","og_url":"https:\/\/productions2.parkwaylabs.com\/falk\/for-entreprenorer\/","og_site_name":"Falk &amp; Partners","article_modified_time":"2023-03-03T10:24:02+00:00","twitter_card":"summary_large_image","twitter_misc":{"Est. reading time":"4 minutes"},"schema":{"@context":"https:\/\/schema.org","@graph":[{"@type":"WebPage","@id":"https:\/\/productions2.parkwaylabs.com\/falk\/for-entreprenorer\/","url":"https:\/\/productions2.parkwaylabs.com\/falk\/for-entreprenorer\/","name":"Expertis - f\u00f6r Entrepren\u00f6rer - Falk &amp; Partners","isPartOf":{"@id":"https:\/\/productions2.parkwaylabs.com\/falk\/#website"},"datePublished":"2022-11-21T10:24:38+00:00","dateModified":"2023-03-03T10:24:02+00:00","breadcrumb":{"@id":"https:\/\/productions2.parkwaylabs.com\/falk\/for-entreprenorer\/#breadcrumb"},"inLanguage":"en-US","potentialAction":[{"@type":"ReadAction","target":["https:\/\/productions2.parkwaylabs.com\/falk\/for-entreprenorer\/"]}]},{"@type":"BreadcrumbList","@id":"https:\/\/productions2.parkwaylabs.com\/falk\/for-entreprenorer\/#breadcrumb","itemListElement":[{"@type":"ListItem","position":1,"name":"Home","item":"https:\/\/productions2.parkwaylabs.com\/falk\/"},{"@type":"ListItem","position":2,"name":"Expertis &#8211; f\u00f6r Entrepren\u00f6rer"}]},{"@type":"WebSite","@id":"https:\/\/productions2.parkwaylabs.com\/falk\/#website","url":"https:\/\/productions2.parkwaylabs.com\/falk\/","name":"Falk &amp; Partners","description":"","publisher":{"@id":"https:\/\/productions2.parkwaylabs.com\/falk\/#organization"},"potentialAction":[{"@type":"SearchAction","target":{"@type":"EntryPoint","urlTemplate":"https:\/\/productions2.parkwaylabs.com\/falk\/?s={search_term_string}"},"query-input":"required name=search_term_string"}],"inLanguage":"en-US"},{"@type":"Organization","@id":"https:\/\/productions2.parkwaylabs.com\/falk\/#organization","name":"Falk &amp; Partners","url":"https:\/\/productions2.parkwaylabs.com\/falk\/","logo":{"@type":"ImageObject","inLanguage":"en-US","@id":"https:\/\/productions2.parkwaylabs.com\/falk\/#\/schema\/logo\/image\/","url":"https:\/\/productions2.parkwaylabs.com\/falk\/wp-content\/uploads\/2022\/11\/Logotyp.svg","contentUrl":"https:\/\/productions2.parkwaylabs.com\/falk\/wp-content\/uploads\/2022\/11\/Logotyp.svg","width":162,"height":108,"caption":"Falk &amp; Partners"},"image":{"@id":"https:\/\/productions2.parkwaylabs.com\/falk\/#\/schema\/logo\/image\/"}}]}},"_links":{"self":[{"href":"https:\/\/productions2.parkwaylabs.com\/falk\/wp-json\/wp\/v2\/pages\/238","targetHints":{"allow":["GET"]}}],"collection":[{"href":"https:\/\/productions2.parkwaylabs.com\/falk\/wp-json\/wp\/v2\/pages"}],"about":[{"href":"https:\/\/productions2.parkwaylabs.com\/falk\/wp-json\/wp\/v2\/types\/page"}],"author":[{"embeddable":true,"href":"https:\/\/productions2.parkwaylabs.com\/falk\/wp-json\/wp\/v2\/users\/1"}],"replies":[{"embeddable":true,"href":"https:\/\/productions2.parkwaylabs.com\/falk\/wp-json\/wp\/v2\/comments?post=238"}],"version-history":[{"count":31,"href":"https:\/\/productions2.parkwaylabs.com\/falk\/wp-json\/wp\/v2\/pages\/238\/revisions"}],"predecessor-version":[{"id":1361,"href":"https:\/\/productions2.parkwaylabs.com\/falk\/wp-json\/wp\/v2\/pages\/238\/revisions\/1361"}],"wp:attachment":[{"href":"https:\/\/productions2.parkwaylabs.com\/falk\/wp-json\/wp\/v2\/media?parent=238"}],"curies":[{"name":"wp","href":"https:\/\/api.w.org\/{rel}","templated":true}]}}