{"id":230,"date":"2022-11-21T10:19:56","date_gmt":"2022-11-21T10:19:56","guid":{"rendered":"https:\/\/productions2.parkwaylabs.com\/falk\/?page_id=230"},"modified":"2023-03-03T10:22:27","modified_gmt":"2023-03-03T10:22:27","slug":"expertis-for-foretag","status":"publish","type":"page","link":"https:\/\/productions2.parkwaylabs.com\/falk\/expertis-for-foretag\/","title":{"rendered":"Expertis &#8211; F\u00f6r f\u00f6retag"},"content":{"rendered":"<p>[vc_row full_width=&#8221;stretch_row_content_no_spaces&#8221; full_height=&#8221;yes&#8221; content_placement=&#8221;middle&#8221; el_class=&#8221;home_main_bl1&#8243; css=&#8221;.vc_custom_1677409849173{background-image: url(https:\/\/productions2.parkwaylabs.com\/falk\/wp-content\/uploads\/2023\/02\/pexels-sora-shimazaki-5668484-1-1.jpg?id=1081) !important;background-position: center !important;background-repeat: no-repeat !important;background-size: cover !important;}&#8221;][vc_column][vc_row_inner][vc_column_inner][\/vc_column_inner][\/vc_row_inner][\/vc_column][\/vc_row][vc_row full_width=&#8221;stretch_row_content&#8221; el_class=&#8221;black_mid_bl_style1&#8243; css=&#8221;.vc_custom_1677408715098{background-color: #eae7e2 !important;}&#8221;][vc_column][vc_row_inner][vc_column_inner el_class=&#8221;black_mid_bl_style1_col_1&#8243; width=&#8221;3\/12&#8243;][vc_column_text]Expertis[\/vc_column_text][\/vc_column_inner][vc_column_inner el_class=&#8221;black_mid_bl_style1_col_2&#8243; width=&#8221;7\/12&#8243;][vc_column_text]I \u00f6ver 20 \u00e5r har Falk &amp; Partners hj\u00e4lpt f\u00f6retag och privatpersoner att fatta v\u00e4lgrundade beslut om pensioner, f\u00f6rs\u00e4kringar och placeringar. Genom upphandling, analys och r\u00e5dgivning skapar vi marknadens fr\u00e4msta spar- och f\u00f6rs\u00e4kringsl\u00f6sningar. Vi samarbetar med ett stort antal f\u00f6rs\u00e4kringsbolag och finansiella institut \u2013 allt f\u00f6r att skapa en l\u00f6sning som passar dig och ditt f\u00f6retag.[\/vc_column_text][\/vc_column_inner][vc_column_inner width=&#8221;2\/12&#8243;][\/vc_column_inner][\/vc_row_inner][\/vc_column][\/vc_row][vc_row full_width=&#8221;stretch_row_content&#8221; el_class=&#8221;three_col_cont_link_bl three_col_cont_link_bl_sty_2&#8243;][vc_column width=&#8221;1\/4&#8243; el_class=&#8221;three_col_cont_link_bl_col_1&#8243;][vc_column_text el_class=&#8221;three_col_cont_link_bl_col_1_ttl&#8221;]F\u00f6r F\u00f6retag[\/vc_column_text][vc_column_text el_class=&#8221;three_col_cont_link_bl_col_1_cont&#8221;]Kontakt:<br \/>\nPouyan Kasraian, VD, Partner<br \/>\nDaniel Lindell, Partner[\/vc_column_text][\/vc_column][vc_column width=&#8221;1\/2&#8243; el_class=&#8221;three_col_cont_link_bl_col_2&#8243;][vc_column_text el_class=&#8221;three_col_cont_link_bl_col_2_bl_ttl&#8221;]<strong>R\u00e5dgivning till arbetsgivaren<\/strong>[\/vc_column_text][vc_column_text el_class=&#8221;three_col_cont_link_bl_col_2_bl_cont&#8221;]Falk &amp; Partners r\u00e5dgivning st\u00f6der ditt f\u00f6retag i alla pensions- och f\u00f6rs\u00e4kringsfr\u00e5gor. Vi hj\u00e4lper er att f\u00e5 ut mesta m\u00f6jliga av den l\u00e5ngsiktiga investeringen i era medarbetare. Med utg\u00e5ngspunkt fr\u00e5n er situation, behov och ambitionsniv\u00e5 kommer vi tillsammans fram till hur l\u00f6sningen ska utformas.[\/vc_column_text][vc_column_text el_class=&#8221;three_col_cont_link_bl_col_2_bl_ttl&#8221;]<strong>Strategisk och l\u00f6pande r\u00e5dgivning<\/strong>[\/vc_column_text][vc_column_text el_class=&#8221;three_col_cont_link_bl_col_2_bl_cont&#8221;]Falk &amp; Partners erbjuder strategisk och l\u00f6pande r\u00e5dgivning f\u00f6r ditt f\u00f6retag och era medarbetare n\u00e4r det g\u00e4ller era pensioner, f\u00f6rs\u00e4kringar och f\u00f6rm\u00e5ner i Sverige och internationellt. Vi tar fram riktlinjer och policys samt utformar och upphandlar era f\u00f6rm\u00e5nserbjudanden. Omv\u00e4rldsbevakning och genomg\u00e5ngar med uppf\u00f6ljning och anpassning av samarbetet \u00f6ver tiden ing\u00e5r ocks\u00e5.<br \/>\nFalk &amp; Partners erbjuder marknadens fr\u00e4msta produkter och tj\u00e4nster fr\u00e5n ett stort antal f\u00f6rs\u00e4kringsbolag och finansiella institut. I l\u00f6sningen ing\u00e5r ofta administrativa tj\u00e4nster och verktyg samt information, r\u00e5dgivning och webbtj\u00e4nster till medarbetarna.[\/vc_column_text][vc_column_text el_class=&#8221;three_col_cont_link_bl_col_2_bl_ttl&#8221;]<strong>Viktiga uppf\u00f6ljningar<\/strong>[\/vc_column_text][vc_column_text el_class=&#8221;three_col_cont_link_bl_col_2_bl_cont&#8221;]Uppf\u00f6ljningen \u00e4r en av de viktigaste delarna i v\u00e5rt samarbete. Dels f\u00f6r att du ska kunna utv\u00e4rdera v\u00e5rt arbete och dels f\u00f6r att vi gemensamt ska kunna skapa en l\u00e5ngsiktigt god relation. I v\u00e5ra l\u00f6pande genomg\u00e5ngar informerar vi er om arbetet vi har utf\u00f6rt och vad vi f\u00e5tt betalt f\u00f6r det. Vi redovisar ocks\u00e5 hur medarbetarna valt och hur n\u00f6jda de varit med v\u00e5r r\u00e5dgivning.[\/vc_column_text][vc_column_text el_class=&#8221;three_col_cont_link_bl_col_2_bl_ttl&#8221;]<strong>R\u00e5dgivningen i urval<\/strong>[\/vc_column_text][vc_column_text el_class=&#8221;three_col_cont_link_bl_col_2_bl_cont&#8221;]\u2012 R\u00e5dgivning till arbetsgivaren<br \/>\n\u2012 R\u00e5dgivning till medarbetaren<br \/>\n\u2012 R\u00e5dgivning f\u00f6retagsf\u00f6rs\u00e4kring<br \/>\n\u2012 R\u00e5dgivning till f\u00e5mansf\u00f6retag[\/vc_column_text][\/vc_column][vc_column width=&#8221;1\/4&#8243; el_class=&#8221;three_col_cont_link_bl_col_3&#8243;][vc_column_text el_class=&#8221;three_col_cont_link_bl_col_3_link_txt scroll_bl&#8221;]<a href=\"https:\/\/productions2.parkwaylabs.com\/falk\/expertis-var-expertis\/\">V\u00e5r Expertis<\/a><br \/>\n<a href=\"https:\/\/productions2.parkwaylabs.com\/falk\/expertis_for_privatepersoner\/\">F\u00f6r Privatpersoner<\/a><br \/>\n<a class=\"highlight_link\" href=\"https:\/\/productions2.parkwaylabs.com\/falk\/expertis-for-foretag\/\">F\u00f6r F\u00f6retag<\/a><br \/>\n<a href=\"https:\/\/productions2.parkwaylabs.com\/falk\/expertis-stiftelser\/\">Stiftelser och Institutioner<\/a><br \/>\n<a href=\"https:\/\/productions2.parkwaylabs.com\/falk\/for-entreprenorer\/\">F\u00f6r Entrepren\u00f6rer<\/a>[\/vc_column_text][\/vc_column][\/vc_row][vc_row disable_element=&#8221;yes&#8221;][vc_column][vc_empty_space height=&#8221;120px&#8221;][\/vc_column][\/vc_row]<\/p>\n","protected":false},"excerpt":{"rendered":"<p>[vc_row full_width=&#8221;stretch_row_content_no_spaces&#8221; full_height=&#8221;yes&#8221; content_placement=&#8221;middle&#8221; el_class=&#8221;home_main_bl1&#8243; css=&#8221;.vc_custom_1677409849173{background-image: url(https:\/\/productions2.parkwaylabs.com\/falk\/wp-content\/uploads\/2023\/02\/pexels-sora-shimazaki-5668484-1-1.jpg?id=1081) !important;background-position: center !important;background-repeat: no-repeat !important;background-size: cover !important;}&#8221;][vc_column][vc_row_inner][vc_column_inner][\/vc_column_inner][\/vc_row_inner][\/vc_column][\/vc_row][vc_row full_width=&#8221;stretch_row_content&#8221; el_class=&#8221;black_mid_bl_style1&#8243; css=&#8221;.vc_custom_1677408715098{background-color: #eae7e2 !important;}&#8221;][vc_column][vc_row_inner][vc_column_inner el_class=&#8221;black_mid_bl_style1_col_1&#8243; width=&#8221;3\/12&#8243;][vc_column_text]Expertis[\/vc_column_text][\/vc_column_inner][vc_column_inner el_class=&#8221;black_mid_bl_style1_col_2&#8243; width=&#8221;7\/12&#8243;][vc_column_text]I \u00f6ver 20 \u00e5r har Falk &amp; Partners hj\u00e4lpt f\u00f6retag och privatpersoner att fatta v\u00e4lgrundade beslut om pensioner, f\u00f6rs\u00e4kringar och placeringar. Genom upphandling, analys och r\u00e5dgivning skapar vi marknadens fr\u00e4msta spar- och f\u00f6rs\u00e4kringsl\u00f6sningar. &hellip; <a href=\"https:\/\/productions2.parkwaylabs.com\/falk\/expertis-for-foretag\/\" class=\"more-link\">Continue reading <span class=\"screen-reader-text\">Expertis &#8211; F\u00f6r f\u00f6retag<\/span><\/a><\/p>\n","protected":false},"author":1,"featured_media":0,"parent":0,"menu_order":0,"comment_status":"closed","ping_status":"closed","template":"","meta":{"inline_featured_image":false,"footnotes":""},"class_list":["post-230","page","type-page","status-publish","hentry"],"acf":[],"yoast_head":"<!-- This site is optimized with the Yoast SEO plugin v20.9 - https:\/\/yoast.com\/wordpress\/plugins\/seo\/ -->\n<title>Expertis - F\u00f6r f\u00f6retag - Falk &amp; Partners<\/title>\n<meta name=\"robots\" content=\"index, follow, max-snippet:-1, max-image-preview:large, max-video-preview:-1\" \/>\n<link rel=\"canonical\" href=\"https:\/\/productions2.parkwaylabs.com\/falk\/expertis-for-foretag\/\" \/>\n<meta property=\"og:locale\" content=\"en_US\" \/>\n<meta property=\"og:type\" content=\"article\" \/>\n<meta property=\"og:title\" content=\"Expertis - F\u00f6r f\u00f6retag - Falk &amp; Partners\" \/>\n<meta property=\"og:description\" content=\"[vc_row full_width=&#8221;stretch_row_content_no_spaces&#8221; full_height=&#8221;yes&#8221; content_placement=&#8221;middle&#8221; el_class=&#8221;home_main_bl1&#8243; css=&#8221;.vc_custom_1677409849173{background-image: url(https:\/\/productions2.parkwaylabs.com\/falk\/wp-content\/uploads\/2023\/02\/pexels-sora-shimazaki-5668484-1-1.jpg?id=1081) !important;background-position: center !important;background-repeat: no-repeat !important;background-size: cover !important;}&#8221;][vc_column][vc_row_inner][vc_column_inner][\/vc_column_inner][\/vc_row_inner][\/vc_column][\/vc_row][vc_row full_width=&#8221;stretch_row_content&#8221; el_class=&#8221;black_mid_bl_style1&#8243; css=&#8221;.vc_custom_1677408715098{background-color: #eae7e2 !important;}&#8221;][vc_column][vc_row_inner][vc_column_inner el_class=&#8221;black_mid_bl_style1_col_1&#8243; width=&#8221;3\/12&#8243;][vc_column_text]Expertis[\/vc_column_text][\/vc_column_inner][vc_column_inner el_class=&#8221;black_mid_bl_style1_col_2&#8243; width=&#8221;7\/12&#8243;][vc_column_text]I \u00f6ver 20 \u00e5r har Falk &amp; Partners hj\u00e4lpt f\u00f6retag och privatpersoner att fatta v\u00e4lgrundade beslut om pensioner, f\u00f6rs\u00e4kringar och placeringar. Genom upphandling, analys och r\u00e5dgivning skapar vi marknadens fr\u00e4msta spar- och f\u00f6rs\u00e4kringsl\u00f6sningar. &hellip; Continue reading Expertis &#8211; F\u00f6r f\u00f6retag\" \/>\n<meta property=\"og:url\" content=\"https:\/\/productions2.parkwaylabs.com\/falk\/expertis-for-foretag\/\" \/>\n<meta property=\"og:site_name\" content=\"Falk &amp; Partners\" \/>\n<meta property=\"article:modified_time\" content=\"2023-03-03T10:22:27+00:00\" \/>\n<meta name=\"twitter:card\" content=\"summary_large_image\" \/>\n<meta name=\"twitter:label1\" content=\"Est. reading time\" \/>\n\t<meta name=\"twitter:data1\" content=\"4 minutes\" \/>\n<script type=\"application\/ld+json\" class=\"yoast-schema-graph\">{\"@context\":\"https:\/\/schema.org\",\"@graph\":[{\"@type\":\"WebPage\",\"@id\":\"https:\/\/productions2.parkwaylabs.com\/falk\/expertis-for-foretag\/\",\"url\":\"https:\/\/productions2.parkwaylabs.com\/falk\/expertis-for-foretag\/\",\"name\":\"Expertis - F\u00f6r f\u00f6retag - Falk &amp; Partners\",\"isPartOf\":{\"@id\":\"https:\/\/productions2.parkwaylabs.com\/falk\/#website\"},\"datePublished\":\"2022-11-21T10:19:56+00:00\",\"dateModified\":\"2023-03-03T10:22:27+00:00\",\"breadcrumb\":{\"@id\":\"https:\/\/productions2.parkwaylabs.com\/falk\/expertis-for-foretag\/#breadcrumb\"},\"inLanguage\":\"en-US\",\"potentialAction\":[{\"@type\":\"ReadAction\",\"target\":[\"https:\/\/productions2.parkwaylabs.com\/falk\/expertis-for-foretag\/\"]}]},{\"@type\":\"BreadcrumbList\",\"@id\":\"https:\/\/productions2.parkwaylabs.com\/falk\/expertis-for-foretag\/#breadcrumb\",\"itemListElement\":[{\"@type\":\"ListItem\",\"position\":1,\"name\":\"Home\",\"item\":\"https:\/\/productions2.parkwaylabs.com\/falk\/\"},{\"@type\":\"ListItem\",\"position\":2,\"name\":\"Expertis &#8211; F\u00f6r f\u00f6retag\"}]},{\"@type\":\"WebSite\",\"@id\":\"https:\/\/productions2.parkwaylabs.com\/falk\/#website\",\"url\":\"https:\/\/productions2.parkwaylabs.com\/falk\/\",\"name\":\"Falk &amp; Partners\",\"description\":\"\",\"publisher\":{\"@id\":\"https:\/\/productions2.parkwaylabs.com\/falk\/#organization\"},\"potentialAction\":[{\"@type\":\"SearchAction\",\"target\":{\"@type\":\"EntryPoint\",\"urlTemplate\":\"https:\/\/productions2.parkwaylabs.com\/falk\/?s={search_term_string}\"},\"query-input\":\"required name=search_term_string\"}],\"inLanguage\":\"en-US\"},{\"@type\":\"Organization\",\"@id\":\"https:\/\/productions2.parkwaylabs.com\/falk\/#organization\",\"name\":\"Falk &amp; Partners\",\"url\":\"https:\/\/productions2.parkwaylabs.com\/falk\/\",\"logo\":{\"@type\":\"ImageObject\",\"inLanguage\":\"en-US\",\"@id\":\"https:\/\/productions2.parkwaylabs.com\/falk\/#\/schema\/logo\/image\/\",\"url\":\"https:\/\/productions2.parkwaylabs.com\/falk\/wp-content\/uploads\/2022\/11\/Logotyp.svg\",\"contentUrl\":\"https:\/\/productions2.parkwaylabs.com\/falk\/wp-content\/uploads\/2022\/11\/Logotyp.svg\",\"width\":162,\"height\":108,\"caption\":\"Falk &amp; Partners\"},\"image\":{\"@id\":\"https:\/\/productions2.parkwaylabs.com\/falk\/#\/schema\/logo\/image\/\"}}]}<\/script>\n<!-- \/ Yoast SEO plugin. -->","yoast_head_json":{"title":"Expertis - F\u00f6r f\u00f6retag - Falk &amp; Partners","robots":{"index":"index","follow":"follow","max-snippet":"max-snippet:-1","max-image-preview":"max-image-preview:large","max-video-preview":"max-video-preview:-1"},"canonical":"https:\/\/productions2.parkwaylabs.com\/falk\/expertis-for-foretag\/","og_locale":"en_US","og_type":"article","og_title":"Expertis - F\u00f6r f\u00f6retag - Falk &amp; Partners","og_description":"[vc_row full_width=&#8221;stretch_row_content_no_spaces&#8221; full_height=&#8221;yes&#8221; content_placement=&#8221;middle&#8221; el_class=&#8221;home_main_bl1&#8243; css=&#8221;.vc_custom_1677409849173{background-image: url(https:\/\/productions2.parkwaylabs.com\/falk\/wp-content\/uploads\/2023\/02\/pexels-sora-shimazaki-5668484-1-1.jpg?id=1081) !important;background-position: center !important;background-repeat: no-repeat !important;background-size: cover !important;}&#8221;][vc_column][vc_row_inner][vc_column_inner][\/vc_column_inner][\/vc_row_inner][\/vc_column][\/vc_row][vc_row full_width=&#8221;stretch_row_content&#8221; el_class=&#8221;black_mid_bl_style1&#8243; css=&#8221;.vc_custom_1677408715098{background-color: #eae7e2 !important;}&#8221;][vc_column][vc_row_inner][vc_column_inner el_class=&#8221;black_mid_bl_style1_col_1&#8243; width=&#8221;3\/12&#8243;][vc_column_text]Expertis[\/vc_column_text][\/vc_column_inner][vc_column_inner el_class=&#8221;black_mid_bl_style1_col_2&#8243; width=&#8221;7\/12&#8243;][vc_column_text]I \u00f6ver 20 \u00e5r har Falk &amp; Partners hj\u00e4lpt f\u00f6retag och privatpersoner att fatta v\u00e4lgrundade beslut om pensioner, f\u00f6rs\u00e4kringar och placeringar. Genom upphandling, analys och r\u00e5dgivning skapar vi marknadens fr\u00e4msta spar- och f\u00f6rs\u00e4kringsl\u00f6sningar. &hellip; Continue reading Expertis &#8211; F\u00f6r f\u00f6retag","og_url":"https:\/\/productions2.parkwaylabs.com\/falk\/expertis-for-foretag\/","og_site_name":"Falk &amp; Partners","article_modified_time":"2023-03-03T10:22:27+00:00","twitter_card":"summary_large_image","twitter_misc":{"Est. reading time":"4 minutes"},"schema":{"@context":"https:\/\/schema.org","@graph":[{"@type":"WebPage","@id":"https:\/\/productions2.parkwaylabs.com\/falk\/expertis-for-foretag\/","url":"https:\/\/productions2.parkwaylabs.com\/falk\/expertis-for-foretag\/","name":"Expertis - F\u00f6r f\u00f6retag - Falk &amp; Partners","isPartOf":{"@id":"https:\/\/productions2.parkwaylabs.com\/falk\/#website"},"datePublished":"2022-11-21T10:19:56+00:00","dateModified":"2023-03-03T10:22:27+00:00","breadcrumb":{"@id":"https:\/\/productions2.parkwaylabs.com\/falk\/expertis-for-foretag\/#breadcrumb"},"inLanguage":"en-US","potentialAction":[{"@type":"ReadAction","target":["https:\/\/productions2.parkwaylabs.com\/falk\/expertis-for-foretag\/"]}]},{"@type":"BreadcrumbList","@id":"https:\/\/productions2.parkwaylabs.com\/falk\/expertis-for-foretag\/#breadcrumb","itemListElement":[{"@type":"ListItem","position":1,"name":"Home","item":"https:\/\/productions2.parkwaylabs.com\/falk\/"},{"@type":"ListItem","position":2,"name":"Expertis &#8211; F\u00f6r f\u00f6retag"}]},{"@type":"WebSite","@id":"https:\/\/productions2.parkwaylabs.com\/falk\/#website","url":"https:\/\/productions2.parkwaylabs.com\/falk\/","name":"Falk &amp; Partners","description":"","publisher":{"@id":"https:\/\/productions2.parkwaylabs.com\/falk\/#organization"},"potentialAction":[{"@type":"SearchAction","target":{"@type":"EntryPoint","urlTemplate":"https:\/\/productions2.parkwaylabs.com\/falk\/?s={search_term_string}"},"query-input":"required name=search_term_string"}],"inLanguage":"en-US"},{"@type":"Organization","@id":"https:\/\/productions2.parkwaylabs.com\/falk\/#organization","name":"Falk &amp; Partners","url":"https:\/\/productions2.parkwaylabs.com\/falk\/","logo":{"@type":"ImageObject","inLanguage":"en-US","@id":"https:\/\/productions2.parkwaylabs.com\/falk\/#\/schema\/logo\/image\/","url":"https:\/\/productions2.parkwaylabs.com\/falk\/wp-content\/uploads\/2022\/11\/Logotyp.svg","contentUrl":"https:\/\/productions2.parkwaylabs.com\/falk\/wp-content\/uploads\/2022\/11\/Logotyp.svg","width":162,"height":108,"caption":"Falk &amp; Partners"},"image":{"@id":"https:\/\/productions2.parkwaylabs.com\/falk\/#\/schema\/logo\/image\/"}}]}},"_links":{"self":[{"href":"https:\/\/productions2.parkwaylabs.com\/falk\/wp-json\/wp\/v2\/pages\/230","targetHints":{"allow":["GET"]}}],"collection":[{"href":"https:\/\/productions2.parkwaylabs.com\/falk\/wp-json\/wp\/v2\/pages"}],"about":[{"href":"https:\/\/productions2.parkwaylabs.com\/falk\/wp-json\/wp\/v2\/types\/page"}],"author":[{"embeddable":true,"href":"https:\/\/productions2.parkwaylabs.com\/falk\/wp-json\/wp\/v2\/users\/1"}],"replies":[{"embeddable":true,"href":"https:\/\/productions2.parkwaylabs.com\/falk\/wp-json\/wp\/v2\/comments?post=230"}],"version-history":[{"count":32,"href":"https:\/\/productions2.parkwaylabs.com\/falk\/wp-json\/wp\/v2\/pages\/230\/revisions"}],"predecessor-version":[{"id":1360,"href":"https:\/\/productions2.parkwaylabs.com\/falk\/wp-json\/wp\/v2\/pages\/230\/revisions\/1360"}],"wp:attachment":[{"href":"https:\/\/productions2.parkwaylabs.com\/falk\/wp-json\/wp\/v2\/media?parent=230"}],"curies":[{"name":"wp","href":"https:\/\/api.w.org\/{rel}","templated":true}]}}