{"id":1158,"date":"2023-02-26T13:22:20","date_gmt":"2023-02-26T13:22:20","guid":{"rendered":"https:\/\/productions2.parkwaylabs.com\/falk\/?page_id=1158"},"modified":"2023-03-02T16:30:27","modified_gmt":"2023-03-02T16:30:27","slug":"affarsomraden-tjanstepension","status":"publish","type":"page","link":"https:\/\/productions2.parkwaylabs.com\/falk\/affarsomraden-tjanstepension\/","title":{"rendered":"Aff\u00e4rsomr\u00e5den &#8211; Tj\u00e4nstepension"},"content":{"rendered":"<p>[vc_row full_width=&#8221;stretch_row_content_no_spaces&#8221; full_height=&#8221;yes&#8221; content_placement=&#8221;middle&#8221; el_class=&#8221;home_main_bl1&#8243; css=&#8221;.vc_custom_1677774627477{background-image: url(https:\/\/productions2.parkwaylabs.com\/falk\/wp-content\/uploads\/2023\/03\/Falk-o-Partner-dag-2-019-Edited-scaled.jpg?id=1323) !important;background-position: center !important;background-repeat: no-repeat !important;background-size: cover !important;}&#8221;][vc_column][vc_row_inner][vc_column_inner][\/vc_column_inner][\/vc_row_inner][\/vc_column][\/vc_row][vc_row full_width=&#8221;stretch_row_content&#8221; equal_height=&#8221;yes&#8221; el_class=&#8221;black_mid_bl_style1&#8243; css=&#8221;.vc_custom_1677404523753{background-color: #eae7e2 !important;}&#8221;][vc_column][vc_row_inner][vc_column_inner el_class=&#8221;black_mid_bl_style1_col_1&#8243; width=&#8221;3\/12&#8243;][vc_column_text]Aff\u00e4rsomr\u00e5den[\/vc_column_text][\/vc_column_inner][vc_column_inner el_class=&#8221;black_mid_bl_style1_col_2&#8243; width=&#8221;7\/12&#8243;][vc_column_text]Falk &amp; Partners erbjuder kvalificerad r\u00e5dgivning avseende tj\u00e4nstepension och f\u00f6rs\u00e4kringsl\u00f6sningar f\u00f6r f\u00f6retag och dess anst\u00e4llda. Vi erbjuder \u00e4ven kapitalf\u00f6rvaltning \u00e4mnat f\u00f6r kapital\u00e4gare som s\u00f6ker professionell placeringsr\u00e5dgivning d\u00e4r h\u00f6ga krav st\u00e4lls p\u00e5 kunskapsdriven r\u00e5dgivning kombinerat med ett genuint engagemang.[\/vc_column_text][\/vc_column_inner][vc_column_inner width=&#8221;2\/12&#8243;][\/vc_column_inner][\/vc_row_inner][\/vc_column][\/vc_row][vc_row full_width=&#8221;stretch_row_content&#8221; el_class=&#8221;three_col_cont_link_bl three_col_cont_link_bl_sty_2 affr_bl_2&#8243;][vc_column width=&#8221;1\/4&#8243; el_class=&#8221;three_col_cont_link_bl_col_1&#8243;][vc_column_text el_class=&#8221;three_col_cont_link_bl_col_1_ttl&#8221;]Tj\u00e4nstepension[\/vc_column_text][\/vc_column][vc_column width=&#8221;1\/2&#8243; el_class=&#8221;three_col_cont_link_bl_col_2&#8243;][vc_column_text el_class=&#8221;three_col_cont_link_bl_col_2_bl_ttl&#8221;]<strong>F\u00f6r dig och din familj<\/strong>[\/vc_column_text][vc_column_text el_class=&#8221;three_col_cont_link_bl_col_2_bl_cont&#8221;]Som strategisk partner inom tj\u00e4nstepension erbjuder vi inte bara st\u00f6d med komplexa fr\u00e5gor inom pension, f\u00f6rs\u00e4kring och \u00f6vriga f\u00f6rm\u00e5ner, utan vi kan ocks\u00e5 hj\u00e4lpa er att uppr\u00e4tta tj\u00e4nstepensionsplaner och policys som s\u00e4kerst\u00e4ller att era medarbetare f\u00e5r en bra pension och f\u00f6rs\u00e4kringar. Vi kan hj\u00e4lpa er att f\u00f6rebygga sjukskrivningar och \u00f6ka produktiviteten bland medarbetarna genom att kombinera f\u00f6rs\u00e4kringar med h\u00e4lsofr\u00e4mjande och proaktiva tj\u00e4nster. Vi erbjuder ocks\u00e5 r\u00e5dgivning och st\u00f6d i arbetet att kartl\u00e4gga och analysera era personalkostnader, med h\u00e4nsyn till b\u00e5de l\u00f6ne- och pensionskostnader. Vi har kompetensen och ett gediget n\u00e4tverk f\u00f6r att kunna hj\u00e4lpa f\u00f6retag som finns i flera l\u00e4nder.[\/vc_column_text][\/vc_column][vc_column width=&#8221;1\/4&#8243; el_class=&#8221;three_col_cont_link_bl_col_3&#8243;][vc_column_text el_class=&#8221;three_col_cont_link_bl_col_3_link_txt scroll_bl&#8221;]<a href=\"https:\/\/productions2.parkwaylabs.com\/falk\/affarsomraden-wealth-management\/\">Wealth Management<\/a><br \/>\n<a href=\"https:\/\/productions2.parkwaylabs.com\/falk\/affarsomraden-asset-management\/\">Asset Management<\/a><br \/>\n<a class=\"highlight_link\" href=\"https:\/\/productions2.parkwaylabs.com\/falk\/affarsomraden-tjanstepension\/\"> Tj\u00e4nstepension<\/a><br \/>\n<a href=\"https:\/\/productions2.parkwaylabs.com\/falk\/affarsomraden-skatt-juridik\/\">Skatt och Juridik<\/a>[\/vc_column_text][\/vc_column][\/vc_row][vc_row full_width=&#8221;stretch_row_content&#8221;][vc_column width=&#8221;3\/4&#8243;][vc_single_image image=&#8221;1159&#8243; img_size=&#8221;full&#8221; el_class=&#8221;affImage&#8221;][\/vc_column][vc_column width=&#8221;1\/4&#8243;][\/vc_column][\/vc_row]<\/p>\n","protected":false},"excerpt":{"rendered":"<p>[vc_row full_width=&#8221;stretch_row_content_no_spaces&#8221; full_height=&#8221;yes&#8221; content_placement=&#8221;middle&#8221; el_class=&#8221;home_main_bl1&#8243; css=&#8221;.vc_custom_1677774627477{background-image: url(https:\/\/productions2.parkwaylabs.com\/falk\/wp-content\/uploads\/2023\/03\/Falk-o-Partner-dag-2-019-Edited-scaled.jpg?id=1323) !important;background-position: center !important;background-repeat: no-repeat !important;background-size: cover !important;}&#8221;][vc_column][vc_row_inner][vc_column_inner][\/vc_column_inner][\/vc_row_inner][\/vc_column][\/vc_row][vc_row full_width=&#8221;stretch_row_content&#8221; equal_height=&#8221;yes&#8221; el_class=&#8221;black_mid_bl_style1&#8243; css=&#8221;.vc_custom_1677404523753{background-color: #eae7e2 !important;}&#8221;][vc_column][vc_row_inner][vc_column_inner el_class=&#8221;black_mid_bl_style1_col_1&#8243; width=&#8221;3\/12&#8243;][vc_column_text]Aff\u00e4rsomr\u00e5den[\/vc_column_text][\/vc_column_inner][vc_column_inner el_class=&#8221;black_mid_bl_style1_col_2&#8243; width=&#8221;7\/12&#8243;][vc_column_text]Falk &amp; Partners erbjuder kvalificerad r\u00e5dgivning avseende tj\u00e4nstepension och f\u00f6rs\u00e4kringsl\u00f6sningar f\u00f6r f\u00f6retag och dess anst\u00e4llda. Vi erbjuder \u00e4ven kapitalf\u00f6rvaltning \u00e4mnat f\u00f6r kapital\u00e4gare som s\u00f6ker professionell placeringsr\u00e5dgivning d\u00e4r h\u00f6ga krav st\u00e4lls p\u00e5 kunskapsdriven &hellip; <a href=\"https:\/\/productions2.parkwaylabs.com\/falk\/affarsomraden-tjanstepension\/\" class=\"more-link\">Continue reading <span class=\"screen-reader-text\">Aff\u00e4rsomr\u00e5den &#8211; Tj\u00e4nstepension<\/span><\/a><\/p>\n","protected":false},"author":1,"featured_media":0,"parent":0,"menu_order":0,"comment_status":"closed","ping_status":"closed","template":"","meta":{"inline_featured_image":false,"footnotes":""},"class_list":["post-1158","page","type-page","status-publish","hentry"],"acf":[],"yoast_head":"<!-- This site is optimized with the Yoast SEO plugin v20.9 - https:\/\/yoast.com\/wordpress\/plugins\/seo\/ -->\n<title>Aff\u00e4rsomr\u00e5den - Tj\u00e4nstepension - Falk &amp; Partners<\/title>\n<meta name=\"robots\" content=\"index, follow, max-snippet:-1, max-image-preview:large, max-video-preview:-1\" \/>\n<link rel=\"canonical\" href=\"https:\/\/productions2.parkwaylabs.com\/falk\/affarsomraden-tjanstepension\/\" \/>\n<meta property=\"og:locale\" content=\"en_US\" \/>\n<meta property=\"og:type\" content=\"article\" \/>\n<meta property=\"og:title\" content=\"Aff\u00e4rsomr\u00e5den - Tj\u00e4nstepension - Falk &amp; Partners\" \/>\n<meta property=\"og:description\" content=\"[vc_row full_width=&#8221;stretch_row_content_no_spaces&#8221; full_height=&#8221;yes&#8221; content_placement=&#8221;middle&#8221; el_class=&#8221;home_main_bl1&#8243; css=&#8221;.vc_custom_1677774627477{background-image: url(https:\/\/productions2.parkwaylabs.com\/falk\/wp-content\/uploads\/2023\/03\/Falk-o-Partner-dag-2-019-Edited-scaled.jpg?id=1323) !important;background-position: center !important;background-repeat: no-repeat !important;background-size: cover !important;}&#8221;][vc_column][vc_row_inner][vc_column_inner][\/vc_column_inner][\/vc_row_inner][\/vc_column][\/vc_row][vc_row full_width=&#8221;stretch_row_content&#8221; equal_height=&#8221;yes&#8221; el_class=&#8221;black_mid_bl_style1&#8243; css=&#8221;.vc_custom_1677404523753{background-color: #eae7e2 !important;}&#8221;][vc_column][vc_row_inner][vc_column_inner el_class=&#8221;black_mid_bl_style1_col_1&#8243; width=&#8221;3\/12&#8243;][vc_column_text]Aff\u00e4rsomr\u00e5den[\/vc_column_text][\/vc_column_inner][vc_column_inner el_class=&#8221;black_mid_bl_style1_col_2&#8243; width=&#8221;7\/12&#8243;][vc_column_text]Falk &amp; Partners erbjuder kvalificerad r\u00e5dgivning avseende tj\u00e4nstepension och f\u00f6rs\u00e4kringsl\u00f6sningar f\u00f6r f\u00f6retag och dess anst\u00e4llda. Vi erbjuder \u00e4ven kapitalf\u00f6rvaltning \u00e4mnat f\u00f6r kapital\u00e4gare som s\u00f6ker professionell placeringsr\u00e5dgivning d\u00e4r h\u00f6ga krav st\u00e4lls p\u00e5 kunskapsdriven &hellip; Continue reading Aff\u00e4rsomr\u00e5den &#8211; Tj\u00e4nstepension\" \/>\n<meta property=\"og:url\" content=\"https:\/\/productions2.parkwaylabs.com\/falk\/affarsomraden-tjanstepension\/\" \/>\n<meta property=\"og:site_name\" content=\"Falk &amp; Partners\" \/>\n<meta property=\"article:modified_time\" content=\"2023-03-02T16:30:27+00:00\" \/>\n<meta name=\"twitter:card\" content=\"summary_large_image\" \/>\n<meta name=\"twitter:label1\" content=\"Est. reading time\" \/>\n\t<meta name=\"twitter:data1\" content=\"3 minutes\" \/>\n<script type=\"application\/ld+json\" class=\"yoast-schema-graph\">{\"@context\":\"https:\/\/schema.org\",\"@graph\":[{\"@type\":\"WebPage\",\"@id\":\"https:\/\/productions2.parkwaylabs.com\/falk\/affarsomraden-tjanstepension\/\",\"url\":\"https:\/\/productions2.parkwaylabs.com\/falk\/affarsomraden-tjanstepension\/\",\"name\":\"Aff\u00e4rsomr\u00e5den - Tj\u00e4nstepension - Falk &amp; Partners\",\"isPartOf\":{\"@id\":\"https:\/\/productions2.parkwaylabs.com\/falk\/#website\"},\"datePublished\":\"2023-02-26T13:22:20+00:00\",\"dateModified\":\"2023-03-02T16:30:27+00:00\",\"breadcrumb\":{\"@id\":\"https:\/\/productions2.parkwaylabs.com\/falk\/affarsomraden-tjanstepension\/#breadcrumb\"},\"inLanguage\":\"en-US\",\"potentialAction\":[{\"@type\":\"ReadAction\",\"target\":[\"https:\/\/productions2.parkwaylabs.com\/falk\/affarsomraden-tjanstepension\/\"]}]},{\"@type\":\"BreadcrumbList\",\"@id\":\"https:\/\/productions2.parkwaylabs.com\/falk\/affarsomraden-tjanstepension\/#breadcrumb\",\"itemListElement\":[{\"@type\":\"ListItem\",\"position\":1,\"name\":\"Home\",\"item\":\"https:\/\/productions2.parkwaylabs.com\/falk\/\"},{\"@type\":\"ListItem\",\"position\":2,\"name\":\"Aff\u00e4rsomr\u00e5den &#8211; Tj\u00e4nstepension\"}]},{\"@type\":\"WebSite\",\"@id\":\"https:\/\/productions2.parkwaylabs.com\/falk\/#website\",\"url\":\"https:\/\/productions2.parkwaylabs.com\/falk\/\",\"name\":\"Falk &amp; Partners\",\"description\":\"\",\"publisher\":{\"@id\":\"https:\/\/productions2.parkwaylabs.com\/falk\/#organization\"},\"potentialAction\":[{\"@type\":\"SearchAction\",\"target\":{\"@type\":\"EntryPoint\",\"urlTemplate\":\"https:\/\/productions2.parkwaylabs.com\/falk\/?s={search_term_string}\"},\"query-input\":\"required name=search_term_string\"}],\"inLanguage\":\"en-US\"},{\"@type\":\"Organization\",\"@id\":\"https:\/\/productions2.parkwaylabs.com\/falk\/#organization\",\"name\":\"Falk &amp; Partners\",\"url\":\"https:\/\/productions2.parkwaylabs.com\/falk\/\",\"logo\":{\"@type\":\"ImageObject\",\"inLanguage\":\"en-US\",\"@id\":\"https:\/\/productions2.parkwaylabs.com\/falk\/#\/schema\/logo\/image\/\",\"url\":\"https:\/\/productions2.parkwaylabs.com\/falk\/wp-content\/uploads\/2022\/11\/Logotyp.svg\",\"contentUrl\":\"https:\/\/productions2.parkwaylabs.com\/falk\/wp-content\/uploads\/2022\/11\/Logotyp.svg\",\"width\":162,\"height\":108,\"caption\":\"Falk &amp; Partners\"},\"image\":{\"@id\":\"https:\/\/productions2.parkwaylabs.com\/falk\/#\/schema\/logo\/image\/\"}}]}<\/script>\n<!-- \/ Yoast SEO plugin. -->","yoast_head_json":{"title":"Aff\u00e4rsomr\u00e5den - Tj\u00e4nstepension - Falk &amp; Partners","robots":{"index":"index","follow":"follow","max-snippet":"max-snippet:-1","max-image-preview":"max-image-preview:large","max-video-preview":"max-video-preview:-1"},"canonical":"https:\/\/productions2.parkwaylabs.com\/falk\/affarsomraden-tjanstepension\/","og_locale":"en_US","og_type":"article","og_title":"Aff\u00e4rsomr\u00e5den - Tj\u00e4nstepension - Falk &amp; Partners","og_description":"[vc_row full_width=&#8221;stretch_row_content_no_spaces&#8221; full_height=&#8221;yes&#8221; content_placement=&#8221;middle&#8221; el_class=&#8221;home_main_bl1&#8243; css=&#8221;.vc_custom_1677774627477{background-image: url(https:\/\/productions2.parkwaylabs.com\/falk\/wp-content\/uploads\/2023\/03\/Falk-o-Partner-dag-2-019-Edited-scaled.jpg?id=1323) !important;background-position: center !important;background-repeat: no-repeat !important;background-size: cover !important;}&#8221;][vc_column][vc_row_inner][vc_column_inner][\/vc_column_inner][\/vc_row_inner][\/vc_column][\/vc_row][vc_row full_width=&#8221;stretch_row_content&#8221; equal_height=&#8221;yes&#8221; el_class=&#8221;black_mid_bl_style1&#8243; css=&#8221;.vc_custom_1677404523753{background-color: #eae7e2 !important;}&#8221;][vc_column][vc_row_inner][vc_column_inner el_class=&#8221;black_mid_bl_style1_col_1&#8243; width=&#8221;3\/12&#8243;][vc_column_text]Aff\u00e4rsomr\u00e5den[\/vc_column_text][\/vc_column_inner][vc_column_inner el_class=&#8221;black_mid_bl_style1_col_2&#8243; width=&#8221;7\/12&#8243;][vc_column_text]Falk &amp; Partners erbjuder kvalificerad r\u00e5dgivning avseende tj\u00e4nstepension och f\u00f6rs\u00e4kringsl\u00f6sningar f\u00f6r f\u00f6retag och dess anst\u00e4llda. Vi erbjuder \u00e4ven kapitalf\u00f6rvaltning \u00e4mnat f\u00f6r kapital\u00e4gare som s\u00f6ker professionell placeringsr\u00e5dgivning d\u00e4r h\u00f6ga krav st\u00e4lls p\u00e5 kunskapsdriven &hellip; Continue reading Aff\u00e4rsomr\u00e5den &#8211; Tj\u00e4nstepension","og_url":"https:\/\/productions2.parkwaylabs.com\/falk\/affarsomraden-tjanstepension\/","og_site_name":"Falk &amp; Partners","article_modified_time":"2023-03-02T16:30:27+00:00","twitter_card":"summary_large_image","twitter_misc":{"Est. reading time":"3 minutes"},"schema":{"@context":"https:\/\/schema.org","@graph":[{"@type":"WebPage","@id":"https:\/\/productions2.parkwaylabs.com\/falk\/affarsomraden-tjanstepension\/","url":"https:\/\/productions2.parkwaylabs.com\/falk\/affarsomraden-tjanstepension\/","name":"Aff\u00e4rsomr\u00e5den - Tj\u00e4nstepension - Falk &amp; Partners","isPartOf":{"@id":"https:\/\/productions2.parkwaylabs.com\/falk\/#website"},"datePublished":"2023-02-26T13:22:20+00:00","dateModified":"2023-03-02T16:30:27+00:00","breadcrumb":{"@id":"https:\/\/productions2.parkwaylabs.com\/falk\/affarsomraden-tjanstepension\/#breadcrumb"},"inLanguage":"en-US","potentialAction":[{"@type":"ReadAction","target":["https:\/\/productions2.parkwaylabs.com\/falk\/affarsomraden-tjanstepension\/"]}]},{"@type":"BreadcrumbList","@id":"https:\/\/productions2.parkwaylabs.com\/falk\/affarsomraden-tjanstepension\/#breadcrumb","itemListElement":[{"@type":"ListItem","position":1,"name":"Home","item":"https:\/\/productions2.parkwaylabs.com\/falk\/"},{"@type":"ListItem","position":2,"name":"Aff\u00e4rsomr\u00e5den &#8211; Tj\u00e4nstepension"}]},{"@type":"WebSite","@id":"https:\/\/productions2.parkwaylabs.com\/falk\/#website","url":"https:\/\/productions2.parkwaylabs.com\/falk\/","name":"Falk &amp; Partners","description":"","publisher":{"@id":"https:\/\/productions2.parkwaylabs.com\/falk\/#organization"},"potentialAction":[{"@type":"SearchAction","target":{"@type":"EntryPoint","urlTemplate":"https:\/\/productions2.parkwaylabs.com\/falk\/?s={search_term_string}"},"query-input":"required name=search_term_string"}],"inLanguage":"en-US"},{"@type":"Organization","@id":"https:\/\/productions2.parkwaylabs.com\/falk\/#organization","name":"Falk &amp; Partners","url":"https:\/\/productions2.parkwaylabs.com\/falk\/","logo":{"@type":"ImageObject","inLanguage":"en-US","@id":"https:\/\/productions2.parkwaylabs.com\/falk\/#\/schema\/logo\/image\/","url":"https:\/\/productions2.parkwaylabs.com\/falk\/wp-content\/uploads\/2022\/11\/Logotyp.svg","contentUrl":"https:\/\/productions2.parkwaylabs.com\/falk\/wp-content\/uploads\/2022\/11\/Logotyp.svg","width":162,"height":108,"caption":"Falk &amp; Partners"},"image":{"@id":"https:\/\/productions2.parkwaylabs.com\/falk\/#\/schema\/logo\/image\/"}}]}},"_links":{"self":[{"href":"https:\/\/productions2.parkwaylabs.com\/falk\/wp-json\/wp\/v2\/pages\/1158","targetHints":{"allow":["GET"]}}],"collection":[{"href":"https:\/\/productions2.parkwaylabs.com\/falk\/wp-json\/wp\/v2\/pages"}],"about":[{"href":"https:\/\/productions2.parkwaylabs.com\/falk\/wp-json\/wp\/v2\/types\/page"}],"author":[{"embeddable":true,"href":"https:\/\/productions2.parkwaylabs.com\/falk\/wp-json\/wp\/v2\/users\/1"}],"replies":[{"embeddable":true,"href":"https:\/\/productions2.parkwaylabs.com\/falk\/wp-json\/wp\/v2\/comments?post=1158"}],"version-history":[{"count":8,"href":"https:\/\/productions2.parkwaylabs.com\/falk\/wp-json\/wp\/v2\/pages\/1158\/revisions"}],"predecessor-version":[{"id":1329,"href":"https:\/\/productions2.parkwaylabs.com\/falk\/wp-json\/wp\/v2\/pages\/1158\/revisions\/1329"}],"wp:attachment":[{"href":"https:\/\/productions2.parkwaylabs.com\/falk\/wp-json\/wp\/v2\/media?parent=1158"}],"curies":[{"name":"wp","href":"https:\/\/api.w.org\/{rel}","templated":true}]}}